{"id":4046,"date":"2024-03-12T19:13:24","date_gmt":"2024-03-12T23:13:24","guid":{"rendered":"https:\/\/espritdelanature.ca\/product\/bruleur-dencens-electrique-les-tresors-sacres\/"},"modified":"2024-07-29T16:55:34","modified_gmt":"2024-07-29T20:55:34","slug":"bruleur-dencens-electrique-les-tresors-sacres","status":"publish","type":"product","link":"https:\/\/espritdelanature.ca\/fr\/produit\/bruleur-dencens-electrique-les-tresors-sacres\/","title":{"rendered":"\u00ab\u00a0BR\u00dbLEUR D&rsquo;ENCENS \u00c9LECTRIQUE \u00ab\u00a0LES TR\u00c9SORS SACR\u00c9S"},"content":{"rendered":"<p>EN SAVOIR PLUS SUR LES SYMBOLES DU \u00ab\u00a0TR\u00c9SOR SACR\u00c9\u00a0\u00bb BR\u00dbLEUR D&rsquo;ENCENS \u00c9LECTRIQUE Dans le bouddhisme, le mot tr\u00e9sor a une signification \u00e0 la fois spirituelle et mat\u00e9rielle. \u00ab\u00a0Les trois richesses sont le Bouddha, l&rsquo;enseignement et la communaut\u00e9 spirituelle. \u00ab\u00a0Les sept tr\u00e9sors sont les sept vari\u00e9t\u00e9s de pierres pr\u00e9cieuses : or, argent, lapis-lazuli, coquillages, agates, perles et cornaline, qui correspondent aux sept \u00e9l\u00e9ments de la pratique et de l&rsquo;\u00e9coute : l&rsquo;enseignement correct, la croyance en celui-ci, le respect des pr\u00e9ceptes, la m\u00e9ditation, la pratique assidue, le renoncement \u00e0 l&rsquo;attachement et la r\u00e9flexion sur soi-m\u00eame.  &nbsp;  En examinant le br\u00fbleur de bas en haut, on constate qu&rsquo;il ne s&rsquo;agit pas seulement d&rsquo;un talisman permettant d&rsquo;obtenir des richesses mat\u00e9rielles, mais d&rsquo;un objet permettant de contempler les richesses spirituelles. Les images des \u00ab\u00a0Tr\u00e9sors sacr\u00e9s\u00a0\u00bb sont repr\u00e9sent\u00e9es sur un fond noir. Dans le bouddhisme, le noir repr\u00e9sente les t\u00e9n\u00e8bres primordiales. Cette obscurit\u00e9 doit \u00eatre surmont\u00e9e pour atteindre l&rsquo;illumination. Les motifs du br\u00fbleur sont tous en or, m\u00e9taphore de la connaissance, de l&rsquo;illumination, de la puret\u00e9, du bonheur et de la libert\u00e9. La combinaison de l&rsquo;or avec d&rsquo;autres m\u00e9taux est consid\u00e9r\u00e9e comme sacril\u00e8ge dans le bouddhisme. C&rsquo;est pourquoi les objets bouddhiques ont toujours une coloration dor\u00e9e tr\u00e8s intense. Cet or intense est destin\u00e9 \u00e0 simuler le rayonnement de l&rsquo;int\u00e9rieur.  <img data-opt-id=1621663277  fetchpriority=\"high\" decoding=\"async\" class=\"alignnone wp-image-2685\" src=\"https:\/\/mlw9xtittklw.i.optimole.com\/cb:0SCI.ed7\/w:auto\/h:auto\/q:mauto\/g:sm\/f:best\/https:\/\/espritdelanature.ca\/wp-content\/uploads\/2024\/03\/Symbol-for-the-return-of-cycles-and-rebirth-ENGLISH.jpg\" alt=\"\" width=\"256\" height=\"307\" srcset=\"https:\/\/mlw9xtittklw.i.optimole.com\/cb:0SCI.ed7\/w:500\/h:600\/q:mauto\/g:sm\/f:best\/https:\/\/espritdelanature.ca\/wp-content\/uploads\/2024\/03\/Symbol-for-the-return-of-cycles-and-rebirth-ENGLISH.jpg 2142w, https:\/\/mlw9xtittklw.i.optimole.com\/cb:0SCI.ed7\/w:247\/h:600\/q:mauto\/g:sm\/f:best\/https:\/\/espritdelanature.ca\/wp-content\/uploads\/2024\/03\/Symbol-for-the-return-of-cycles-and-rebirth-ENGLISH.jpg 247w, https:\/\/mlw9xtittklw.i.optimole.com\/cb:0SCI.ed7\/w:500\/h:600\/q:mauto\/g:sm\/f:best\/https:\/\/espritdelanature.ca\/wp-content\/uploads\/2024\/03\/Symbol-for-the-return-of-cycles-and-rebirth-ENGLISH.jpg 510w, https:\/\/mlw9xtittklw.i.optimole.com\/cb:0SCI.ed7\/w:334\/h:400\/q:mauto\/g:sm\/f:best\/https:\/\/espritdelanature.ca\/wp-content\/uploads\/2024\/03\/Symbol-for-the-return-of-cycles-and-rebirth-ENGLISH.jpg 334w, https:\/\/mlw9xtittklw.i.optimole.com\/cb:0SCI.ed7\/w:501\/h:600\/q:mauto\/g:sm\/f:best\/https:\/\/espritdelanature.ca\/wp-content\/uploads\/2024\/03\/Symbol-for-the-return-of-cycles-and-rebirth-ENGLISH.jpg 668w, https:\/\/mlw9xtittklw.i.optimole.com\/cb:0SCI.ed7\/w:500\/h:600\/q:mauto\/g:sm\/f:best\/https:\/\/espritdelanature.ca\/wp-content\/uploads\/2024\/03\/Symbol-for-the-return-of-cycles-and-rebirth-ENGLISH.jpg 768w, https:\/\/mlw9xtittklw.i.optimole.com\/cb:0SCI.ed7\/w:500\/h:600\/q:mauto\/g:sm\/f:best\/https:\/\/espritdelanature.ca\/wp-content\/uploads\/2024\/03\/Symbol-for-the-return-of-cycles-and-rebirth-ENGLISH.jpg 1282w, https:\/\/mlw9xtittklw.i.optimole.com\/cb:0SCI.ed7\/w:500\/h:600\/q:mauto\/g:sm\/f:best\/https:\/\/espritdelanature.ca\/wp-content\/uploads\/2024\/03\/Symbol-for-the-return-of-cycles-and-rebirth-ENGLISH.jpg 1710w, https:\/\/mlw9xtittklw.i.optimole.com\/cb:0SCI.ed7\/w:500\/h:600\/q:mauto\/g:sm\/f:best\/https:\/\/espritdelanature.ca\/wp-content\/uploads\/2024\/03\/Symbol-for-the-return-of-cycles-and-rebirth-ENGLISH.jpg 1200w, https:\/\/mlw9xtittklw.i.optimole.com\/cb:0SCI.ed7\/w:500\/h:600\/q:mauto\/g:sm\/f:best\/https:\/\/espritdelanature.ca\/wp-content\/uploads\/2024\/03\/Symbol-for-the-return-of-cycles-and-rebirth-ENGLISH.jpg 1320w\" sizes=\"(max-width: 256px) 100vw, 256px\" \/>  Autour du couvercle et sur les bords du br\u00fbleur se trouvent un Hui (retour) et un Wen (motif) symbolisant le cycle de la naissance, de la mort et de la renaissance.  <img data-opt-id=1749356933  fetchpriority=\"high\" decoding=\"async\" class=\"alignnone wp-image-2687\" src=\"https:\/\/mlw9xtittklw.i.optimole.com\/cb:0SCI.ed7\/w:auto\/h:auto\/q:mauto\/g:sm\/f:best\/https:\/\/espritdelanature.ca\/wp-content\/uploads\/2024\/03\/Xi-Symbol-WEB.jpg\" alt=\"\" width=\"259\" height=\"185\" srcset=\"https:\/\/mlw9xtittklw.i.optimole.com\/cb:0SCI.ed7\/w:800\/h:572\/q:mauto\/g:sm\/f:best\/https:\/\/espritdelanature.ca\/wp-content\/uploads\/2024\/03\/Xi-Symbol-WEB.jpg 1518w, https:\/\/mlw9xtittklw.i.optimole.com\/cb:0SCI.ed7\/w:510\/h:365\/q:mauto\/g:sm\/f:best\/https:\/\/espritdelanature.ca\/wp-content\/uploads\/2024\/03\/Xi-Symbol-WEB.jpg 510w, https:\/\/mlw9xtittklw.i.optimole.com\/cb:0SCI.ed7\/w:559\/h:400\/q:mauto\/g:sm\/f:best\/https:\/\/espritdelanature.ca\/wp-content\/uploads\/2024\/03\/Xi-Symbol-WEB.jpg 559w, https:\/\/mlw9xtittklw.i.optimole.com\/cb:0SCI.ed7\/w:800\/h:572\/q:mauto\/g:sm\/f:best\/https:\/\/espritdelanature.ca\/wp-content\/uploads\/2024\/03\/Xi-Symbol-WEB.jpg 1118w, https:\/\/mlw9xtittklw.i.optimole.com\/cb:0SCI.ed7\/w:768\/h:549\/q:mauto\/g:sm\/f:best\/https:\/\/espritdelanature.ca\/wp-content\/uploads\/2024\/03\/Xi-Symbol-WEB.jpg 768w, https:\/\/mlw9xtittklw.i.optimole.com\/cb:0SCI.ed7\/w:800\/h:572\/q:mauto\/g:sm\/f:best\/https:\/\/espritdelanature.ca\/wp-content\/uploads\/2024\/03\/Xi-Symbol-WEB.jpg 1200w, https:\/\/mlw9xtittklw.i.optimole.com\/cb:0SCI.ed7\/w:800\/h:572\/q:mauto\/g:sm\/f:best\/https:\/\/espritdelanature.ca\/wp-content\/uploads\/2024\/03\/Xi-Symbol-WEB.jpg 1320w\" sizes=\"(max-width: 259px) 100vw, 259px\" \/>  Le motif \u00e0 l&rsquo;arri\u00e8re-plan du br\u00fbleur est le caract\u00e8re \u7984 l\u00f9 et\/ou \u5b50 zi, qui signifie \u00ab\u00a0prosp\u00e9rit\u00e9\u00a0\u00bb, \u00ab\u00a0promotion\u00a0\u00bb, \u00ab\u00a0bien-\u00eatre\u00a0\u00bb et \u00ab\u00a0fils\u00a0\u00bb, \u00ab\u00a0prog\u00e9niture\u00a0\u00bb. Le symbole lu ou zi repr\u00e9sente le dessin du Dieu supr\u00eame du ciel (Ti\u0101n \u5929) dans la tradition chinoise.  <img data-opt-id=2058470154  data-opt-src=\"https:\/\/mlw9xtittklw.i.optimole.com\/cb:0SCI.ed7\/w:auto\/h:auto\/q:mauto\/g:sm\/f:best\/https:\/\/espritdelanature.ca\/wp-content\/uploads\/2024\/03\/Coins-and-ingotsENGLISH-copy.jpg\"  decoding=\"async\" class=\"alignnone wp-image-2684\" src=\"data:image/svg+xml,%3Csvg%20viewBox%3D%220%200%20100%%20100%%22%20width%3D%22100%%22%20height%3D%22100%%22%20xmlns%3D%22http%3A%2F%2Fwww.w3.org%2F2000%2Fsvg%22%3E%3Crect%20width%3D%22100%%22%20height%3D%22100%%22%20fill%3D%22transparent%22%2F%3E%3C%2Fsvg%3E\" alt=\"\" width=\"259\" height=\"183\" old-srcset=\"https:\/\/mlw9xtittklw.i.optimole.com\/cb:0SCI.ed7\/w:800\/h:565\/q:mauto\/g:sm\/f:best\/https:\/\/espritdelanature.ca\/wp-content\/uploads\/2024\/03\/Coins-and-ingotsENGLISH-copy.jpg 1614w, https:\/\/mlw9xtittklw.i.optimole.com\/cb:0SCI.ed7\/w:510\/h:360\/q:mauto\/g:sm\/f:best\/https:\/\/espritdelanature.ca\/wp-content\/uploads\/2024\/03\/Coins-and-ingotsENGLISH-copy.jpg 510w, https:\/\/mlw9xtittklw.i.optimole.com\/cb:0SCI.ed7\/w:566\/h:400\/q:mauto\/g:sm\/f:best\/https:\/\/espritdelanature.ca\/wp-content\/uploads\/2024\/03\/Coins-and-ingotsENGLISH-copy.jpg 566w, https:\/\/mlw9xtittklw.i.optimole.com\/cb:0SCI.ed7\/w:800\/h:564\/q:mauto\/g:sm\/f:best\/https:\/\/espritdelanature.ca\/wp-content\/uploads\/2024\/03\/Coins-and-ingotsENGLISH-copy.jpg 1133w, https:\/\/mlw9xtittklw.i.optimole.com\/cb:0SCI.ed7\/w:768\/h:542\/q:mauto\/g:sm\/f:best\/https:\/\/espritdelanature.ca\/wp-content\/uploads\/2024\/03\/Coins-and-ingotsENGLISH-copy.jpg 768w, https:\/\/mlw9xtittklw.i.optimole.com\/cb:0SCI.ed7\/w:800\/h:565\/q:mauto\/g:sm\/f:best\/https:\/\/espritdelanature.ca\/wp-content\/uploads\/2024\/03\/Coins-and-ingotsENGLISH-copy.jpg 1536w, https:\/\/mlw9xtittklw.i.optimole.com\/cb:0SCI.ed7\/w:800\/h:565\/q:mauto\/g:sm\/f:best\/https:\/\/espritdelanature.ca\/wp-content\/uploads\/2024\/03\/Coins-and-ingotsENGLISH-copy.jpg 1200w, https:\/\/mlw9xtittklw.i.optimole.com\/cb:0SCI.ed7\/w:800\/h:564\/q:mauto\/g:sm\/f:best\/https:\/\/espritdelanature.ca\/wp-content\/uploads\/2024\/03\/Coins-and-ingotsENGLISH-copy.jpg 1320w\" \/>  Sur le br\u00fbleur se trouvent deux m\u00e9daillons contenant dix pi\u00e8ces et trois lingots. Les pi\u00e8ces sont consid\u00e9r\u00e9es comme des symboles porte-bonheur, avec un carr\u00e9 \u00e0 l&rsquo;int\u00e9rieur d&rsquo;un cercle, m\u00e9taphore du ciel entourant la terre. Chaque pi\u00e8ce comporte un c\u00f4t\u00e9 ying et un c\u00f4t\u00e9 yang, ce qui cr\u00e9e un \u00e9quilibre harmonieux. La Chine a une longue tradition de production de charmes magiques sous forme de pi\u00e8ces de monnaie. Les pi\u00e8ces de monnaie, en tant que forme d&rsquo;argent, repr\u00e9sentent le pouvoir. Les breloques en forme de pi\u00e8ce de monnaie sont donc une forme d&rsquo;\u00e9nergie tr\u00e8s compacte. En Chine, un groupe de dix pi\u00e8ces repr\u00e9sente la perfection et est consid\u00e9r\u00e9 comme un bon pr\u00e9sage.  &nbsp;  Sous les dix pi\u00e8ces se trouvent trois paquets d&rsquo;argent \u00ab\u00a0Sycee\u00a0\u00bb ou \u00ab\u00a0Yuan Bao\u00a0\u00bb. Il s&rsquo;agit de lingots d&rsquo;or ou d&rsquo;argent utilis\u00e9s dans la Chine imp\u00e9riale et dont le design original s&rsquo;inspire des porte-monnaies. Dans la Chine d&rsquo;aujourd&rsquo;hui, ces lingots restent des symboles de richesse et de prosp\u00e9rit\u00e9 et sont couramment utilis\u00e9s comme d\u00e9coration lors des festivit\u00e9s du Nouvel An lunaire. Dans la culture chinoise, le chiffre trois est tr\u00e8s important. Il repr\u00e9sente le ciel, la terre et l&rsquo;\u00eatre humain. D&rsquo;un point de vue philosophique, le \u00ab\u00a0Tao\u00a0\u00bb signifie l&rsquo;harmonie entre ces trois \u00e9l\u00e9ments. Cette harmonie porte chance.  <img data-opt-id=1046303602  data-opt-src=\"https:\/\/mlw9xtittklw.i.optimole.com\/cb:0SCI.ed7\/w:auto\/h:auto\/q:mauto\/g:sm\/f:best\/https:\/\/espritdelanature.ca\/wp-content\/uploads\/2024\/03\/Talisman-Calligraphic-ENGLISH.jpg\"  decoding=\"async\" class=\"alignnone wp-image-2686\" src=\"data:image/svg+xml,%3Csvg%20viewBox%3D%220%200%20100%%20100%%22%20width%3D%22100%%22%20height%3D%22100%%22%20xmlns%3D%22http%3A%2F%2Fwww.w3.org%2F2000%2Fsvg%22%3E%3Crect%20width%3D%22100%%22%20height%3D%22100%%22%20fill%3D%22transparent%22%2F%3E%3C%2Fsvg%3E\" alt=\"\" width=\"232\" height=\"158\" old-srcset=\"https:\/\/mlw9xtittklw.i.optimole.com\/cb:0SCI.ed7\/w:800\/h:545\/q:mauto\/g:sm\/f:best\/https:\/\/espritdelanature.ca\/wp-content\/uploads\/2024\/03\/Talisman-Calligraphic-ENGLISH.jpg 1716w, https:\/\/mlw9xtittklw.i.optimole.com\/cb:0SCI.ed7\/w:510\/h:348\/q:mauto\/g:sm\/f:best\/https:\/\/espritdelanature.ca\/wp-content\/uploads\/2024\/03\/Talisman-Calligraphic-ENGLISH.jpg 510w, https:\/\/mlw9xtittklw.i.optimole.com\/cb:0SCI.ed7\/w:587\/h:400\/q:mauto\/g:sm\/f:best\/https:\/\/espritdelanature.ca\/wp-content\/uploads\/2024\/03\/Talisman-Calligraphic-ENGLISH.jpg 587w, https:\/\/mlw9xtittklw.i.optimole.com\/cb:0SCI.ed7\/w:800\/h:545\/q:mauto\/g:sm\/f:best\/https:\/\/espritdelanature.ca\/wp-content\/uploads\/2024\/03\/Talisman-Calligraphic-ENGLISH.jpg 1173w, https:\/\/mlw9xtittklw.i.optimole.com\/cb:0SCI.ed7\/w:768\/h:524\/q:mauto\/g:sm\/f:best\/https:\/\/espritdelanature.ca\/wp-content\/uploads\/2024\/03\/Talisman-Calligraphic-ENGLISH.jpg 768w, https:\/\/mlw9xtittklw.i.optimole.com\/cb:0SCI.ed7\/w:800\/h:545\/q:mauto\/g:sm\/f:best\/https:\/\/espritdelanature.ca\/wp-content\/uploads\/2024\/03\/Talisman-Calligraphic-ENGLISH.jpg 1536w, https:\/\/mlw9xtittklw.i.optimole.com\/cb:0SCI.ed7\/w:800\/h:545\/q:mauto\/g:sm\/f:best\/https:\/\/espritdelanature.ca\/wp-content\/uploads\/2024\/03\/Talisman-Calligraphic-ENGLISH.jpg 1200w, https:\/\/mlw9xtittklw.i.optimole.com\/cb:0SCI.ed7\/w:800\/h:545\/q:mauto\/g:sm\/f:best\/https:\/\/espritdelanature.ca\/wp-content\/uploads\/2024\/03\/Talisman-Calligraphic-ENGLISH.jpg 1320w\" \/>  Les autres m\u00e9daillons repr\u00e9sentent un groupe de symboles chinois formant l&rsquo;anagramme : zhao cai jin bao &#8211; \u62db\u8ca1\u9032\u5bf6 . Ce caract\u00e8re ne repr\u00e9sente pas un mot, mais un talisman artistiquement calligraphi\u00e9, comme quatre symboles entrelac\u00e9s et soud\u00e9s ensemble. Souvent utilis\u00e9 pendant la nouvelle ann\u00e9e lunaire, il signifie : Quand on cherche le positif, on trouve des tr\u00e9sors. \u627e \u00ab\u00a0Zhao\u00a0\u00bb, qui signifie \u00ab\u00a0Chercher\u00a0\u00bb, se trouve en bas \u00e0 droite. \u8ca1 \u00ab\u00a0Cai\u00a0\u00bb signifie positif et se trouve \u00e0 gauche de \u00ab\u00a0Zhao\u00a0\u00bb. La partie gauche de \u00ab\u00a0Zhao\u00a0\u00bb devient la partie droite de \u00ab\u00a0Cai\u00a0\u00bb. \u9032 \u00ab\u00a0Jin\u00a0\u00bb signifie entrer, aller de l&rsquo;avant, se trouve \u00e0 l&rsquo;extr\u00eame gauche. \u5bf6 \u00ab\u00a0Bao\u00a0\u00bb, la partie sup\u00e9rieure du caract\u00e8re signifie pr\u00e9cieux et couronne le groupe de symboles. La partie inf\u00e9rieure du \u00ab\u00a0Bao\u00a0\u00bb repr\u00e9sente la perfection et est \u00e9galement consid\u00e9r\u00e9e comme de bon augure. Le br\u00fbleur \u00ab\u00a0Les Tr\u00e9sors Sacr\u00e9s\u00a0\u00bb est con\u00e7u comme un outil de m\u00e9ditation ou de rituel, pour apporter le succ\u00e8s sur les plans mat\u00e9riel, \u00e9motionnel et spirituel.<\/p>\n","protected":false},"excerpt":{"rendered":"<p>Gr\u00e2ce \u00e0 leur temp\u00e9rature r\u00e9glable, qui permet de chauffer facilement des encens qui ne d\u00e9gagent pas de fum\u00e9e au lieu de les br\u00fbler, les bruleurs \u00e9lectriques ont r\u00e9volutionn\u00e9 la fa\u00e7on dont les encens sont utilis\u00e9s et ont inspir\u00e9 toute une g\u00e9n\u00e9ration de fabricants d&rsquo;encens en leur permettant d&rsquo;\u00e9largir consid\u00e9rablement les mati\u00e8res odorantes qu&rsquo;ils pouvaient utiliser. Sp\u00e9cifications : 110 Volts Contr\u00f4le de la temp\u00e9rature : 50\u00b0C &#8211; 250\u00b0C , 122\u00b0F &#8211; 482\u00b0F <img data-opt-id=1313201250  data-opt-src=\"https:\/\/mlw9xtittklw.i.optimole.com\/cb:0SCI.ed7\/w:auto\/h:auto\/q:mauto\/g:sm\/f:best\/https:\/\/espritdelanature.ca\/wp-content\/uploads\/2020\/04\/thermostat-3063668176-e1710271217372.jpg\"  decoding=\"async\" class=\"alignnone wp-image-454\" src=\"data:image/svg+xml,%3Csvg%20viewBox%3D%220%200%20100%%20100%%22%20width%3D%22100%%22%20height%3D%22100%%22%20xmlns%3D%22http%3A%2F%2Fwww.w3.org%2F2000%2Fsvg%22%3E%3Crect%20width%3D%22100%%22%20height%3D%22100%%22%20fill%3D%22transparent%22%2F%3E%3C%2Fsvg%3E\" alt=\"\" width=\"145\" height=\"308\" old-srcset=\"https:\/\/mlw9xtittklw.i.optimole.com\/cb:0SCI.ed7\/w:282\/h:600\/q:mauto\/g:sm\/f:best\/https:\/\/espritdelanature.ca\/wp-content\/uploads\/2020\/04\/thermostat-3063668176-e1710271217372.jpg 876w, https:\/\/mlw9xtittklw.i.optimole.com\/cb:0SCI.ed7\/w:282\/h:600\/q:mauto\/g:sm\/f:best\/https:\/\/espritdelanature.ca\/wp-content\/uploads\/2020\/04\/thermostat-3063668176-e1710271217372.jpg 510w\" \/> Grande surface chauffante m\u00e9tallique expos\u00e9e <img data-opt-id=120639786  data-opt-src=\"https:\/\/mlw9xtittklw.i.optimole.com\/cb:0SCI.ed7\/w:auto\/h:auto\/q:mauto\/g:sm\/f:best\/https:\/\/espritdelanature.ca\/wp-content\/uploads\/2020\/04\/metal-heating-surface-web.jpg\"  decoding=\"async\" class=\"alignnone wp-image-455\" src=\"data:image/svg+xml,%3Csvg%20viewBox%3D%220%200%20100%%20100%%22%20width%3D%22100%%22%20height%3D%22100%%22%20xmlns%3D%22http%3A%2F%2Fwww.w3.org%2F2000%2Fsvg%22%3E%3Crect%20width%3D%22100%%22%20height%3D%22100%%22%20fill%3D%22transparent%22%2F%3E%3C%2Fsvg%3E\" alt=\"\" width=\"213\" height=\"209\" old-srcset=\"https:\/\/mlw9xtittklw.i.optimole.com\/cb:0SCI.ed7\/w:610\/h:600\/q:mauto\/g:sm\/f:best\/https:\/\/espritdelanature.ca\/wp-content\/uploads\/2020\/04\/metal-heating-surface-web.jpg 1200w, https:\/\/mlw9xtittklw.i.optimole.com\/cb:0SCI.ed7\/w:510\/h:502\/q:mauto\/g:sm\/f:best\/https:\/\/espritdelanature.ca\/wp-content\/uploads\/2020\/04\/metal-heating-surface-web.jpg 510w\" \/> Selon un principe bouddhiste tib\u00e9tain, il est bon de satisfaire ses d\u00e9sirs, \u00e0 condition de ne blesser personne. Obtenir ce que l&rsquo;on veut est une fa\u00e7on de se conna\u00eetre soi-m\u00eame. Les symboles de richesse sur le br\u00fbleur d&rsquo;encens \u00ab\u00a0Les Tr\u00e9sors sacr\u00e9s\u00a0\u00bb \u00e9voquent les richesses in\u00e9puisables qui sont en nous. Les symboles peuvent \u00eatre consid\u00e9r\u00e9s comme une sorte de talisman pour attirer les richesses mat\u00e9rielles et spirituelles. Le Bouddha ne pensait pas qu&rsquo;il \u00e9tait mauvais d&rsquo;\u00eatre riche ou d&rsquo;avoir des biens, \u00e0 condition que ceux qui les poss\u00e9daient aient des valeurs spirituelles et ne soient pas attach\u00e9s \u00e0 leurs biens, qu&rsquo;ils vivent simplement tout en \u00e9tant pr\u00eats \u00e0 les perdre \u00e0 tout moment.<\/p>\n","protected":false},"featured_media":3511,"comment_status":"open","ping_status":"closed","template":"","meta":{"_coblocks_attr":"","_coblocks_dimensions":"","_coblocks_responsive_height":"","_coblocks_accordion_ie_support":"","_crdt_document":"","jetpack_publicize_message":"","jetpack_publicize_feature_enabled":true,"jetpack_social_post_already_shared":true,"jetpack_social_options":{"image_generator_settings":{"template":"highway","default_image_id":0,"font":"","enabled":false},"version":2},"_wpas_customize_per_network":false},"product_brand":[],"product_cat":[3052,3053],"product_tag":[],"giftcard-category":[],"class_list":{"0":"post-4046","1":"product","2":"type-product","3":"status-publish","4":"has-post-thumbnail","6":"product_cat-bruleurs-dencens","7":"product_cat-bruleurs-dencens-electriques","9":"first","10":"instock","11":"taxable","12":"shipping-taxable","13":"purchasable","14":"product-type-simple","15":"add-to-wishlist-before_image"},"jetpack_publicize_connections":[],"jetpack_likes_enabled":true,"jetpack_sharing_enabled":true,"jetpack-related-posts":[],"_links":{"self":[{"href":"https:\/\/espritdelanature.ca\/fr\/wp-json\/wp\/v2\/product\/4046","targetHints":{"allow":["GET"]}}],"collection":[{"href":"https:\/\/espritdelanature.ca\/fr\/wp-json\/wp\/v2\/product"}],"about":[{"href":"https:\/\/espritdelanature.ca\/fr\/wp-json\/wp\/v2\/types\/product"}],"replies":[{"embeddable":true,"href":"https:\/\/espritdelanature.ca\/fr\/wp-json\/wp\/v2\/comments?post=4046"}],"wp:featuredmedia":[{"embeddable":true,"href":"https:\/\/espritdelanature.ca\/fr\/wp-json\/wp\/v2\/media\/3511"}],"wp:attachment":[{"href":"https:\/\/espritdelanature.ca\/fr\/wp-json\/wp\/v2\/media?parent=4046"}],"wp:term":[{"taxonomy":"product_brand","embeddable":true,"href":"https:\/\/espritdelanature.ca\/fr\/wp-json\/wp\/v2\/product_brand?post=4046"},{"taxonomy":"product_cat","embeddable":true,"href":"https:\/\/espritdelanature.ca\/fr\/wp-json\/wp\/v2\/product_cat?post=4046"},{"taxonomy":"product_tag","embeddable":true,"href":"https:\/\/espritdelanature.ca\/fr\/wp-json\/wp\/v2\/product_tag?post=4046"},{"taxonomy":"giftcard-category","embeddable":true,"href":"https:\/\/espritdelanature.ca\/fr\/wp-json\/wp\/v2\/giftcard-category?post=4046"}],"curies":[{"name":"wp","href":"https:\/\/api.w.org\/{rel}","templated":true}]}}