{"id":4050,"date":"2024-03-15T20:06:47","date_gmt":"2024-03-16T00:06:47","guid":{"rendered":"https:\/\/espritdelanature.ca\/product\/huile-de-massage-forest-spirit\/"},"modified":"2024-05-30T15:22:48","modified_gmt":"2024-05-30T19:22:48","slug":"huile-de-massage-forest-spirit","status":"publish","type":"product","link":"https:\/\/espritdelanature.ca\/fr\/produit\/huile-de-massage-forest-spirit\/","title":{"rendered":"HUILE DE MASSAGE ESPRIT DE LA FORET"},"content":{"rendered":"<p>Inspiration<\/p>\n<p>En automne, lorsqu&rsquo;un sapin baumier tombe dans la for\u00eat, je suis l\u00e0, mon s\u00e9cateur \u00e0 la main. En effet, apr\u00e8s les deux premi\u00e8res gel\u00e9es d&rsquo;automne, la couronne de l&rsquo;arbre est charg\u00e9e de r\u00e9sine, plus qu&rsquo;\u00e0 n&rsquo;importe quel autre moment de l&rsquo;ann\u00e9e. Les gel\u00e9es stimulent la production de r\u00e9sine dans les aiguilles, comme une sorte d&rsquo;antigel pour l&rsquo;hiver. Sur la couronne se trouvent \u00e9galement les bourgeons naissants, de futurs c\u00f4nes et aiguilles qui sont envelopp\u00e9s dans leur propre protection hivernale, une r\u00e9sine d\u00e9licieusement moite. De plus, les aiguilles contiennent de la r\u00e9sine qui a transpir\u00e9 des c\u00f4nes d&rsquo;\u00e9t\u00e9 et qui est tomb\u00e9e sur les aiguilles. Cette corne d&rsquo;abondance de parfums rend l&rsquo;huile de massage \u00ab\u00a0Forest Spirit\u00a0\u00bb unique et rare. Cette huile de massage est impr\u00e9gn\u00e9e de l&rsquo;esprit de l&rsquo;arbre et de l&rsquo;\u00e9nergie du couvert forestier.<\/p>\n<p>Les huiles de massage ESPRIT DE LA FORET sont formul\u00e9es selon le principe herm\u00e9tique de l&rsquo;harmonie entre les plans physique, psychologique et spirituel :<\/p>\n<p style=\"text-align: center;\">\u00ab\u00a0Ce qui est en bas est comme ce qui est en haut,<\/p>\n<p style=\"text-align: center;\">et ce qui est en haut est comme ce qui est en bas,<\/p>\n<p style=\"text-align: center;\">comme l&rsquo;univers, l&rsquo;\u00e2me\u00a0\u00bb.<\/p>\n<p>SUR LE PLAN PHYSIQUE : Cette huile favorise la respiration. Les mac\u00e9rations de sapin baumier dans l&rsquo;huile, en application topique, sont traditionnellement utilis\u00e9es en cas de toux chronique, d&rsquo;asthme ou de bronchite et pour soulager les rhumatismes.<\/p>\n<p>LE NIVEAU \u00c9MOTIONNEL : Le parfum du sapin baumier est utilis\u00e9 en aromath\u00e9rapie pour soulager la d\u00e9pression, la tension nerveuse et les \u00e9tats li\u00e9s au stress.<\/p>\n<p>NIVEAU SPIRITUEL : Utilis\u00e9 depuis longtemps pour c\u00e9l\u00e9brer le solstice d&rsquo;hiver dans les pays nordiques, le sapin baumier nous reconnecte avec l&rsquo;esprit de la nature et aux cycles de la vie.<\/p>\n<p>CHAKRAS : c\u0153ur, sacral, troisi\u00e8me \u0153il, couronne.<\/p>\n","protected":false},"excerpt":{"rendered":"<p>ESPRIT DE LA FORETest une huile de massage aromatique fabriqu\u00e9e \u00e0 partir de la couronne d&rsquo;un sapin baumier mature tomb\u00e9 dans la for\u00eat pendant les vents violents de l&rsquo;automne. Le parfum de l&rsquo;huile de massage \u00ab\u00a0Forest Spirit\u00a0\u00bb est un riche ar\u00f4me balsamique avec des nuances douces, chaudes, fruit\u00e9es, semblables \u00e0 celles d&rsquo;une confiture, tout comme un sapin baumier vivant. Excellent pour apaiser l&rsquo;\u00e2me et se connecter aux souvenirs des moments pass\u00e9s dans la nature.<\/p>\n<p>50ml dans un flacon ambr\u00e9<\/p>\n<p>Ingr\u00e9dients : huile de graines d&rsquo;Olea europaea (olive) biologique utilis\u00e9e pour fabriquer un extrait maison \u00e0 partir des aiguilles, de la r\u00e9sine de bois et des bourgeons d&rsquo;Abies balsamea (sapin baumier).<\/p>\n","protected":false},"featured_media":3483,"comment_status":"open","ping_status":"closed","template":"","meta":{"_coblocks_attr":"","_coblocks_dimensions":"","_coblocks_responsive_height":"","_coblocks_accordion_ie_support":"","_crdt_document":"","jetpack_publicize_message":"","jetpack_publicize_feature_enabled":true,"jetpack_social_post_already_shared":true,"jetpack_social_options":{"image_generator_settings":{"template":"highway","default_image_id":0,"font":"","enabled":false},"version":2},"_wpas_customize_per_network":false},"product_brand":[],"product_cat":[3054,3042],"product_tag":[],"giftcard-category":[],"class_list":{"0":"post-4050","1":"product","2":"type-product","3":"status-publish","4":"has-post-thumbnail","6":"product_cat-apothicaire","7":"product_cat-huiles-de-massage","9":"first","10":"instock","11":"taxable","12":"shipping-taxable","13":"purchasable","14":"product-type-simple","15":"add-to-wishlist-before_image"},"jetpack_publicize_connections":[],"jetpack_likes_enabled":true,"jetpack_sharing_enabled":true,"jetpack-related-posts":[],"_links":{"self":[{"href":"https:\/\/espritdelanature.ca\/fr\/wp-json\/wp\/v2\/product\/4050","targetHints":{"allow":["GET"]}}],"collection":[{"href":"https:\/\/espritdelanature.ca\/fr\/wp-json\/wp\/v2\/product"}],"about":[{"href":"https:\/\/espritdelanature.ca\/fr\/wp-json\/wp\/v2\/types\/product"}],"replies":[{"embeddable":true,"href":"https:\/\/espritdelanature.ca\/fr\/wp-json\/wp\/v2\/comments?post=4050"}],"wp:featuredmedia":[{"embeddable":true,"href":"https:\/\/espritdelanature.ca\/fr\/wp-json\/wp\/v2\/media\/3483"}],"wp:attachment":[{"href":"https:\/\/espritdelanature.ca\/fr\/wp-json\/wp\/v2\/media?parent=4050"}],"wp:term":[{"taxonomy":"product_brand","embeddable":true,"href":"https:\/\/espritdelanature.ca\/fr\/wp-json\/wp\/v2\/product_brand?post=4050"},{"taxonomy":"product_cat","embeddable":true,"href":"https:\/\/espritdelanature.ca\/fr\/wp-json\/wp\/v2\/product_cat?post=4050"},{"taxonomy":"product_tag","embeddable":true,"href":"https:\/\/espritdelanature.ca\/fr\/wp-json\/wp\/v2\/product_tag?post=4050"},{"taxonomy":"giftcard-category","embeddable":true,"href":"https:\/\/espritdelanature.ca\/fr\/wp-json\/wp\/v2\/giftcard-category?post=4050"}],"curies":[{"name":"wp","href":"https:\/\/api.w.org\/{rel}","templated":true}]}}