{"id":4057,"date":"2024-03-09T10:10:36","date_gmt":"2024-03-09T15:10:36","guid":{"rendered":"https:\/\/espritdelanature.ca\/product\/cacao-mama\/"},"modified":"2025-06-02T11:58:22","modified_gmt":"2025-06-02T15:58:22","slug":"cacao-mama","status":"publish","type":"product","link":"https:\/\/espritdelanature.ca\/fr\/produit\/cacao-mama\/","title":{"rendered":"CACAO MAMA"},"content":{"rendered":"<p>Inspiration :<\/p>\n<p>J&rsquo;assiste souvent \u00e0 des festivals et \u00e0 des cercles o\u00f9 une c\u00e9r\u00e9monie du cacao est propos\u00e9e. La c\u00e9r\u00e9monie du Cacao est une belle et douce exp\u00e9rience avec une plante m\u00e9dicinale qui n&rsquo;a pas l&rsquo;intensit\u00e9 de la c\u00e9r\u00e9monie et de l&rsquo;exp\u00e9rience de l&rsquo;Ayahuasca. La c\u00e9r\u00e9monie commence g\u00e9n\u00e9ralement par une fumigation rituelle de bois de Palo Santo. Rien que l&rsquo;odeur du Palo Santo et l&rsquo;ar\u00f4me du cacao, lors de la pr\u00e9paration rituelle de la boisson, me font du bien. La sensation de boire du cacao est comme une grande \u00e9treinte qui ouvre votre c\u0153ur physiquement et \u00e9motionnellement. L&rsquo;Esprit Cacao vous donne la permission de vous aimer comme vous etes Il vous aide \u00e0 visualiser vos objectifs et \u00e0 r\u00e9v\u00e9ler vos passions et vos buts par l&rsquo;\u00e9veil et la gu\u00e9rison int\u00e9rieure. L&rsquo;esprit v\u00e9g\u00e9tal du cacao est puissant, mais doux et nourrissant. Il vous invite \u00e0 travailler avec le pardon et l&rsquo;acceptation, et ouvre votre cr\u00e9ativit\u00e9 &#8211; l&rsquo;une des raisons pour lesquelles il est tr\u00e8s populaire aupr\u00e8s des artistes de tous types. L&rsquo;exp\u00e9rience de groupe est \u00e9galement puissante, car les c\u0153urs s&rsquo;entra\u00eenent les uns les autres et il y a un sentiment de connexion chaleureuse.<\/p>\n","protected":false},"excerpt":{"rendered":"<p>Cacao Mama d\u00e9gage des senteurs de cacao riche et chocolat\u00e9, de Palo-Santo beurr\u00e9 et d&rsquo;\u00e9pices luxuriantes qui rappellent l&rsquo;exp\u00e9rience d&rsquo;une c\u00e9r\u00e9monie traditionnelle du cacao en M\u00e9so-Am\u00e9rique. Les saveurs et les odeurs ressenties lors d&rsquo;une c\u00e9r\u00e9monie du cacao ouvrent le c\u0153ur. Ils \u00e9voquent une joie paisible, subtile et profonde qui gu\u00e9rit les blocages \u00e9motionnels. Cacao Mama est un parfum gourmand qui offre un refuge relaxant dans la vie quotidienne. Cacao Mama est pr\u00e9sent\u00e9 dans un flacon en verre souffl\u00e9, unique en son genre.<\/p>\n<p>Notes de parfum : Cacao, Palo-Santo, Amande<\/p>\n<p><em><span style=\"color: #66549e;\"><strong>Cacao Mama est pr\u00e9sent\u00e9 dans un flacon en verre souffl\u00e9 \u00e0 la main, unique en son genre.<\/strong><\/span><span style=\"color: #ff00ff;\">.<\/span> <a href=\"https:\/\/espritdelanature.ca\/fr\/categorie-produit\/parfum\/parfums-liquides\/bouteilles-de-parfum\/\" target=\"_blank\" rel=\"noopener\">Cliquez ici pour choisir votre bouteille<\/a><br \/>\n<\/em><\/p>\n<p>Ingr\u00e9dients : Extrait de f\u00e8ves de cacao, extrait interne de bois et de r\u00e9sine de Palo-Santo, r\u00e9sine de benjoin, extrait de grains de caf\u00e9, huile essentielle d&rsquo;amande am\u00e8re. Tout en huile de jojoba biologique \u00e0 40%.<\/p>\n<p>&nbsp;<\/p>\n","protected":false},"featured_media":3769,"comment_status":"open","ping_status":"closed","template":"","meta":{"_coblocks_attr":"","_coblocks_dimensions":"","_coblocks_responsive_height":"","_coblocks_accordion_ie_support":"","_crdt_document":"","jetpack_post_was_ever_published":false,"jetpack_publicize_message":"","jetpack_publicize_feature_enabled":true,"jetpack_social_post_already_shared":true,"jetpack_social_options":{"image_generator_settings":{"template":"highway","default_image_id":0,"font":"","enabled":false},"version":2},"_wpas_customize_per_network":false},"product_brand":[],"product_cat":[3045,3057],"product_tag":[3064,3063,3043,3061,3152],"giftcard-category":[],"class_list":{"0":"post-4057","1":"product","2":"type-product","3":"status-publish","4":"has-post-thumbnail","6":"product_cat-parfum","7":"product_cat-parfums-liquides","8":"product_tag-bois","9":"product_tag-gourmand-fr","10":"product_tag-historique","11":"product_tag-paysage-olfactif","12":"product_tag-scentscape-fr","14":"first","15":"instock","16":"taxable","17":"shipping-taxable","18":"purchasable","19":"product-type-variable","20":"add-to-wishlist-before_image"},"jetpack_publicize_connections":[],"jetpack_likes_enabled":true,"jetpack_sharing_enabled":true,"jetpack-related-posts":[],"_links":{"self":[{"href":"https:\/\/espritdelanature.ca\/fr\/wp-json\/wp\/v2\/product\/4057","targetHints":{"allow":["GET"]}}],"collection":[{"href":"https:\/\/espritdelanature.ca\/fr\/wp-json\/wp\/v2\/product"}],"about":[{"href":"https:\/\/espritdelanature.ca\/fr\/wp-json\/wp\/v2\/types\/product"}],"replies":[{"embeddable":true,"href":"https:\/\/espritdelanature.ca\/fr\/wp-json\/wp\/v2\/comments?post=4057"}],"wp:featuredmedia":[{"embeddable":true,"href":"https:\/\/espritdelanature.ca\/fr\/wp-json\/wp\/v2\/media\/3769"}],"wp:attachment":[{"href":"https:\/\/espritdelanature.ca\/fr\/wp-json\/wp\/v2\/media?parent=4057"}],"wp:term":[{"taxonomy":"product_brand","embeddable":true,"href":"https:\/\/espritdelanature.ca\/fr\/wp-json\/wp\/v2\/product_brand?post=4057"},{"taxonomy":"product_cat","embeddable":true,"href":"https:\/\/espritdelanature.ca\/fr\/wp-json\/wp\/v2\/product_cat?post=4057"},{"taxonomy":"product_tag","embeddable":true,"href":"https:\/\/espritdelanature.ca\/fr\/wp-json\/wp\/v2\/product_tag?post=4057"},{"taxonomy":"giftcard-category","embeddable":true,"href":"https:\/\/espritdelanature.ca\/fr\/wp-json\/wp\/v2\/giftcard-category?post=4057"}],"curies":[{"name":"wp","href":"https:\/\/api.w.org\/{rel}","templated":true}]}}