{"id":4064,"date":"2024-02-09T13:08:39","date_gmt":"2024-02-09T18:08:39","guid":{"rendered":"https:\/\/espritdelanature.ca\/product\/parfum-fleur-celeste\/"},"modified":"2025-06-02T12:04:28","modified_gmt":"2025-06-02T16:04:28","slug":"parfum-fleur-celeste","status":"publish","type":"product","link":"https:\/\/espritdelanature.ca\/fr\/produit\/parfum-fleur-celeste\/","title":{"rendered":"PARFUM FLEUR C\u00c9LESTE"},"content":{"rendered":"<p>Inspiration :<\/p>\n<p>Depuis toujours, le parfum de lys me procure un plaisir sensuel, mais aussi le souvenir d&rsquo;\u00eatre tenue et aim\u00e9e. Il m&rsquo;a fallu des ann\u00e9es pour comprendre pourquoi. Je me tenais au milieu des lys de mon jardin et j&rsquo;inspirais profond\u00e9ment en essayant de me souvenir de l&rsquo;odeur originale. Plus un sentiment qu&rsquo;une pens\u00e9e, le souvenir m&rsquo;a \u00e9chapp\u00e9.<\/p>\n<p>Inspir\u00e9 par cette myst\u00e9rieuse m\u00e9moire olfactive, j&rsquo;ai commenc\u00e9 \u00e0 planter des carr\u00e9s de lys dans les clairi\u00e8res de la for\u00eat. J&rsquo;ai r\u00e9alis\u00e9 qu&rsquo;en travaillant avec diff\u00e9rentes vari\u00e9t\u00e9s de lys et les microclimats de la for\u00eat, je pouvais faire fleurir les lys pendant au moins 45 jours. Suffisamment de temps pour effectuer une double extraction. Je fais mac\u00e9rer des p\u00e9tales de lys dans de l&rsquo;huile de jojoba biologique, et en m\u00eame temps, je suspends les fleurs, sur un tamis, au-dessus de l&rsquo;huile de jojoba. Chaque \u00e9t\u00e9, depuis cinq ans, je sors dans la nuit pour r\u00e9colter des lys. La nuit, les lys \u00e9tant pollinis\u00e9s par des papillons de nuit, c&rsquo;est \u00e0 ce moment-l\u00e0 que les fleurs sont les plus parfum\u00e9es. Apr\u00e8s 45 jours et des centaines de lys, \u00ab\u00a0Huile de lys\u00a0\u00bb est pr\u00eat. \u00ab\u00a0L&rsquo;huile de lys est la base authentique de la fleur c\u00e9leste.<\/p>\n<p>C&rsquo;est au cours d&rsquo;une de mes nombreuses sessions de recherche ethnobotanique sur les lys que ce souvenir m&rsquo;est revenu comme une vague chaude. J&rsquo;ai r\u00e9alis\u00e9 que le parfum des lys fait \u00e9cho \u00e0 l&rsquo;odeur de l&rsquo;allaitement au sein de ma m\u00e8re. Non pas parce que ma m\u00e8re portait un parfum de lys ou qu&rsquo;il y avait des lys dans l&rsquo;environnement, mais parce qu&rsquo;il y a quelque chose dans l&rsquo;odeur des lys qui fait \u00e9cho \u00e0 l&rsquo;odeur du sein de ma m\u00e8re en train d&rsquo;allaiter. J&rsquo;ai eu cette r\u00e9v\u00e9lation en lisant le mythe antique d&rsquo;H\u00e9ra et d&rsquo;Hercule. H\u00e9ra est la d\u00e9esse romaine de la fertilit\u00e9 et de l&rsquo;accouchement et Hercule est le symbole du h\u00e9ros grec masculin. Son nom signifie \u00ab\u00a0pour la gloire d&rsquo;H\u00e9ra\u00a0\u00bb, m\u00eame s&rsquo;il n&rsquo;est pas son enfant, elle a \u00e9t\u00e9 amen\u00e9e \u00e0 l&rsquo;allaiter par piti\u00e9. Le nourrisson super fort t\u00e9tait cependant si intens\u00e9ment qu&rsquo;H\u00e9ra le repoussa \u00e0 cause de la douleur. Son lait s&rsquo;est ensuite r\u00e9pandu dans le ciel, formant la Voie lact\u00e9e, tandis que les gouttes tomb\u00e9es sur la terre ont donn\u00e9 naissance aux lys. Cette association du lait et des lys m&rsquo;a interpell\u00e9e, car j&rsquo;ai \u00e9t\u00e9 allait\u00e9e par ma m\u00e8re pendant quatre longues ann\u00e9es, qu&rsquo;elle a souvent d\u00e9crites comme l&rsquo;un des meilleurs moments de sa vie. C&rsquo;est de l\u00e0 que viennent mes associations profondes avec le parfum des lys. Je pense que je ne suis pas la seule dans ce cas, car tout au long de l&rsquo;histoire de l&rsquo;humanit\u00e9, le lys a \u00e9t\u00e9 associ\u00e9 aux Grandes M\u00e8res et \u00e0 la vie nouvelle.<\/p>\n","protected":false},"excerpt":{"rendered":"<p>\u00ab\u00a0FLEUR C\u00c9LESTE\u00a0\u00bb est un parfum qui \u00e9voque l&rsquo;ar\u00f4me fort et sensuel du lys. Un parfum de fleurs blanches, au corps narcotique, avec des nuances balsamiques et fruit\u00e9es. Au c\u0153ur de ce produit se trouve l&rsquo;extraction par enfleurage de l'\u00a0\u00bbhuile de lys\u00a0\u00bb que j&rsquo;ai r\u00e9alis\u00e9e moi-m\u00eame. Dans l&rsquo;ethnobotanique spirituelle, le lys repr\u00e9sente le divin f\u00e9minin et est aphrodisiaque. A la fois apaisante et euphorisante pour l&rsquo;esprit, la fragrance de \u00ab\u00a0FLEUR C\u00c9LESTE\u00a0\u00bb fait tomber les inhibitions et vous rapproche des \u00e9toiles.<\/p>\n<p>Notes de parfum : Lys, ambre, cr\u00e9meux<\/p>\n<p><span style=\"color: #3366ff;\"><em><span style=\"color: #66549e;\"><strong>La \u00ab\u00a0Fleur c\u00e9leste\u00a0\u00bb est vendue dans un flacon en verre souffl\u00e9, unique en son genre.<\/strong><\/span> <a href=\"https:\/\/espritdelanature.ca\/fr\/categorie-produit\/parfum\/parfums-liquides\/bouteilles-de-parfum\/\" target=\"_blank\" rel=\"noopener\">Cliquez ici pour s\u00e9lectionner votre bouteille<\/a><br \/>\n<\/em><\/span><\/p>\n<p>Ingr\u00e9dients : Extrait maison d&rsquo;enfleurage de Lys, distillation fractionn\u00e9e d&rsquo;Ylang-Ylang, extrait maison de mac\u00e9ration de r\u00e9sine Hammadi, Frangipanier, Cabrueva, extrait maison d&rsquo;Ambre gris mac\u00e9r\u00e9 dans du bois de santal. Le tout dans de l&rsquo;huile de jojoba biologique \u00e0 40%.<\/p>\n","protected":false},"featured_media":3749,"comment_status":"open","ping_status":"closed","template":"","meta":{"_coblocks_attr":"","_coblocks_dimensions":"","_coblocks_responsive_height":"","_coblocks_accordion_ie_support":"","_crdt_document":"","jetpack_publicize_message":"","jetpack_publicize_feature_enabled":true,"jetpack_social_post_already_shared":true,"jetpack_social_options":{"image_generator_settings":{"template":"highway","default_image_id":0,"font":"","enabled":false},"version":2},"_wpas_customize_per_network":false},"product_brand":[],"product_cat":[3045,3057],"product_tag":[3149,3056,3065,3055],"giftcard-category":[],"class_list":{"0":"post-4064","1":"product","2":"type-product","3":"status-publish","4":"has-post-thumbnail","6":"product_cat-parfum","7":"product_cat-parfums-liquides","8":"product_tag-amber-fr","9":"product_tag-floral-fr","10":"product_tag-paysage-olfactif-fr","11":"product_tag-resines","13":"first","14":"instock","15":"featured","16":"taxable","17":"shipping-taxable","18":"purchasable","19":"product-type-variable","20":"add-to-wishlist-before_image"},"jetpack_publicize_connections":[],"jetpack_likes_enabled":true,"jetpack_sharing_enabled":true,"jetpack-related-posts":[],"_links":{"self":[{"href":"https:\/\/espritdelanature.ca\/fr\/wp-json\/wp\/v2\/product\/4064","targetHints":{"allow":["GET"]}}],"collection":[{"href":"https:\/\/espritdelanature.ca\/fr\/wp-json\/wp\/v2\/product"}],"about":[{"href":"https:\/\/espritdelanature.ca\/fr\/wp-json\/wp\/v2\/types\/product"}],"replies":[{"embeddable":true,"href":"https:\/\/espritdelanature.ca\/fr\/wp-json\/wp\/v2\/comments?post=4064"}],"wp:featuredmedia":[{"embeddable":true,"href":"https:\/\/espritdelanature.ca\/fr\/wp-json\/wp\/v2\/media\/3749"}],"wp:attachment":[{"href":"https:\/\/espritdelanature.ca\/fr\/wp-json\/wp\/v2\/media?parent=4064"}],"wp:term":[{"taxonomy":"product_brand","embeddable":true,"href":"https:\/\/espritdelanature.ca\/fr\/wp-json\/wp\/v2\/product_brand?post=4064"},{"taxonomy":"product_cat","embeddable":true,"href":"https:\/\/espritdelanature.ca\/fr\/wp-json\/wp\/v2\/product_cat?post=4064"},{"taxonomy":"product_tag","embeddable":true,"href":"https:\/\/espritdelanature.ca\/fr\/wp-json\/wp\/v2\/product_tag?post=4064"},{"taxonomy":"giftcard-category","embeddable":true,"href":"https:\/\/espritdelanature.ca\/fr\/wp-json\/wp\/v2\/giftcard-category?post=4064"}],"curies":[{"name":"wp","href":"https:\/\/api.w.org\/{rel}","templated":true}]}}