{"id":4065,"date":"2024-03-06T20:16:19","date_gmt":"2024-03-07T01:16:19","guid":{"rendered":"https:\/\/espritdelanature.ca\/product\/parfum-kyphi\/"},"modified":"2025-06-02T12:00:43","modified_gmt":"2025-06-02T16:00:43","slug":"parfum-kyphi","status":"publish","type":"product","link":"https:\/\/espritdelanature.ca\/fr\/produit\/parfum-kyphi\/","title":{"rendered":"PARFUM KYPHI"},"content":{"rendered":"<p>Inspiration :<\/p>\n<p style=\"text-align: center;\"><img data-opt-id=1184719162  fetchpriority=\"high\" decoding=\"async\" class=\"alignnone wp-image-2428\" src=\"https:\/\/mlw9xtittklw.i.optimole.com\/cb:0SCI.ed7\/w:auto\/h:auto\/q:mauto\/g:sm\/f:best\/https:\/\/espritdelanature.ca\/wp-content\/uploads\/2024\/01\/John_Weguelin_-_The_Obsequies_of_an_Egyptian_Cat_-_Google_Art_Project.jpg\" alt=\"\" width=\"562\" height=\"363\" srcset=\"https:\/\/mlw9xtittklw.i.optimole.com\/cb:0SCI.ed7\/w:800\/h:516\/q:mauto\/g:sm\/f:best\/https:\/\/espritdelanature.ca\/wp-content\/uploads\/2024\/01\/John_Weguelin_-_The_Obsequies_of_an_Egyptian_Cat_-_Google_Art_Project.jpg 2500w, https:\/\/mlw9xtittklw.i.optimole.com\/cb:0SCI.ed7\/w:510\/h:329\/q:mauto\/g:sm\/f:best\/https:\/\/espritdelanature.ca\/wp-content\/uploads\/2024\/01\/John_Weguelin_-_The_Obsequies_of_an_Egyptian_Cat_-_Google_Art_Project.jpg 510w, https:\/\/mlw9xtittklw.i.optimole.com\/cb:0SCI.ed7\/w:620\/h:400\/q:mauto\/g:sm\/f:best\/https:\/\/espritdelanature.ca\/wp-content\/uploads\/2024\/01\/John_Weguelin_-_The_Obsequies_of_an_Egyptian_Cat_-_Google_Art_Project.jpg 620w, https:\/\/mlw9xtittklw.i.optimole.com\/cb:0SCI.ed7\/w:800\/h:516\/q:mauto\/g:sm\/f:best\/https:\/\/espritdelanature.ca\/wp-content\/uploads\/2024\/01\/John_Weguelin_-_The_Obsequies_of_an_Egyptian_Cat_-_Google_Art_Project.jpg 1239w, https:\/\/mlw9xtittklw.i.optimole.com\/cb:0SCI.ed7\/w:768\/h:496\/q:mauto\/g:sm\/f:best\/https:\/\/espritdelanature.ca\/wp-content\/uploads\/2024\/01\/John_Weguelin_-_The_Obsequies_of_an_Egyptian_Cat_-_Google_Art_Project.jpg 768w, https:\/\/mlw9xtittklw.i.optimole.com\/cb:0SCI.ed7\/w:800\/h:516\/q:mauto\/g:sm\/f:best\/https:\/\/espritdelanature.ca\/wp-content\/uploads\/2024\/01\/John_Weguelin_-_The_Obsequies_of_an_Egyptian_Cat_-_Google_Art_Project.jpg 1536w, https:\/\/mlw9xtittklw.i.optimole.com\/cb:0SCI.ed7\/w:800\/h:516\/q:mauto\/g:sm\/f:best\/https:\/\/espritdelanature.ca\/wp-content\/uploads\/2024\/01\/John_Weguelin_-_The_Obsequies_of_an_Egyptian_Cat_-_Google_Art_Project.jpg 2048w, https:\/\/mlw9xtittklw.i.optimole.com\/cb:0SCI.ed7\/w:800\/h:516\/q:mauto\/g:sm\/f:best\/https:\/\/espritdelanature.ca\/wp-content\/uploads\/2024\/01\/John_Weguelin_-_The_Obsequies_of_an_Egyptian_Cat_-_Google_Art_Project.jpg 1200w, https:\/\/mlw9xtittklw.i.optimole.com\/cb:0SCI.ed7\/w:800\/h:516\/q:mauto\/g:sm\/f:best\/https:\/\/espritdelanature.ca\/wp-content\/uploads\/2024\/01\/John_Weguelin_-_The_Obsequies_of_an_Egyptian_Cat_-_Google_Art_Project.jpg 1320w\" sizes=\"(max-width: 562px) 100vw, 562px\" \/><\/p>\n<p>\u00ab\u00a0A la tomb\u00e9e de la nuit, ils br\u00fblaient du Kyphi, le fameux encens compos\u00e9, qui \u00e9tait constitu\u00e9 de seize ingr\u00e9dients. La plupart des ingr\u00e9dients entrant dans la composition de cet encens, dans la mesure o\u00f9 ils ont des propri\u00e9t\u00e9s aromatiques, produisent une \u00e9manation douce et une exhalation bienfaisante, par lesquelles l&rsquo;air est modifi\u00e9, et le corps, m\u00fb doucement par le courant, acquiert un temp\u00e9rament propice au sommeil ; et la d\u00e9tresse et la tension de nos soucis quotidiens, comme s&rsquo;il s&rsquo;agissait de n\u0153uds, ces exhalations les d\u00e9tendent et les rel\u00e2chent sans l&rsquo;aide du vin\u00a0\u00bb<\/p>\n<p>Plutarque<\/p>\n<p>L&rsquo;encens Kyphi \u00e9tait fabriqu\u00e9 par des pr\u00eatresses dans les temples au cours d&rsquo;un processus long et complexe, puis vieilli. Kyphi \u00e9tait si important pour les rituels du soir destin\u00e9s aux dieux associ\u00e9s \u00e0 la cr\u00e9ation, \u00e0 la vie et \u00e0 l&rsquo;au-del\u00e0 que les recettes ont \u00e9t\u00e9 inscrites sur les murs d&rsquo;un certain nombre de temples qui leur \u00e9taient consacr\u00e9s. L&rsquo;odeur et la sexualit\u00e9 \u00e9taient \u00e9troitement li\u00e9es dans la culture de l&rsquo;\u00c9gypte ancienne. Les hi\u00e9roglyphes et les chants \u00e9taient remplis de messages cod\u00e9s qui associaient les ar\u00f4mes \u00e0 la sexualit\u00e9. Dans certains po\u00e8mes d&rsquo;amour, on peut m\u00eame constater que la lib\u00e9ration du parfum co\u00efncide avec le moment de l&rsquo;apog\u00e9e de la femme. Br\u00fbl\u00e9 le soir, Kyphi \u00e9tait cens\u00e9 revivifier la sexualit\u00e9 des dieux ou des d\u00e9funts.<\/p>\n<p>\u00ab\u00a0L&rsquo;ar\u00f4me des offrandes, l&rsquo;ar\u00f4me des offrandes<\/p>\n<p>Qu&rsquo;il est doux le parfum du domaine d&rsquo;Amon (Seigneur de la cr\u00e9ation).<\/p>\n<p>Il est aromatis\u00e9 par les offrandes et les provisions\u00a0\u00bb.<\/p>\n<p>L&rsquo;ar\u00f4me de Kyphi emplit le temple. La forme ithyphallique d&rsquo;Amon pr\u00e9sidait au mariage sacr\u00e9, le hierosgamos. \u00ab\u00a0Le palais a \u00e9t\u00e9 inond\u00e9 de l&rsquo;odeur divine, de tout l&rsquo;ar\u00f4me de Punt.<\/p>\n<p>&nbsp;<\/p>\n","protected":false},"excerpt":{"rendered":"<p>Le parfum \u00ab\u00a0Kyphi\u00a0\u00bb est le r\u00e9sultat d&rsquo;une longue mac\u00e9ration de mon interpr\u00e9tation de l&rsquo;encens \u00e9gyptien connu sous le nom de \u00ab\u00a0Kyphi\u00a0\u00bb. Un ar\u00f4me aphrodisiaque qui d\u00e9tend tout en \u00e9veillant les sens. Chauff\u00e9 dans un encensoir sp\u00e9cial, l&rsquo;encens Kyphi \u00e9tait associ\u00e9 aux dieux et d\u00e9esses de la cr\u00e9ativit\u00e9. Le parfum Kyphi fonctionne de la m\u00eame mani\u00e8re, utilisant la chaleur de votre corps comme un encensoir vivant.<\/p>\n<p>Notes de parfum : Ambre profond, \u00e9pices, musc<\/p>\n<p><span style=\"color: #000080;\"><em><span style=\"color: #ff00ff;\">Kyphi est livr\u00e9 avec une bouteille en verre souffl\u00e9e \u00e0 la main, unique en son genre.<\/span> <a href=\"https:\/\/espritdelanature.ca\/fr\/categorie-produit\/parfum\/parfums-liquides\/bouteilles-de-parfum\/\" target=\"_blank\" rel=\"noopener\">Cliquez ici pour s\u00e9lectionner votre bouteille<\/a><br \/>\n<\/em><\/span><\/p>\n<p>Ingr\u00e9dients : Extrait maison d&rsquo;encens Kyphi vieilli (R\u00e9sines : r\u00e9sine d&rsquo;encens noir et vert, myrrhe, r\u00e9sine de benjoin noir et blanc, r\u00e9sine de Storax, r\u00e9sine de Labdanum, Propolis. Herbes : Fleurs et feuilles de Rose Monarda, p\u00e9tales de Rose, racines d&rsquo;Iris, \u00e9corce de cannelle, clous de girofle, noix de muscade. : Bois de santal, Palo Santo li\u00e9 au miel, au vin rouge et aux raisins secs.) Extraits maison d&rsquo;encens, de myrrhe, de baume du P\u00e9rou, de liquidambar, de benjoin, de baume de Tolu, d&rsquo;ambre gris. Huiles essentielles : Bois de rose, santal, cardamome. Extraits de CO2 : Poivre de Sichuan, cannelle, calamus<\/p>\n","protected":false},"featured_media":3766,"comment_status":"open","ping_status":"closed","template":"","meta":{"_coblocks_attr":"","_coblocks_dimensions":"","_coblocks_responsive_height":"","_coblocks_accordion_ie_support":"","_crdt_document":"","jetpack_publicize_message":"","jetpack_publicize_feature_enabled":true,"jetpack_social_post_already_shared":true,"jetpack_social_options":{"image_generator_settings":{"template":"highway","default_image_id":0,"font":"","enabled":false},"version":2},"_wpas_customize_per_network":false},"product_brand":[],"product_cat":[3045,3057],"product_tag":[3149,3059,3067,3069,3043,3070,3071,3068,3065,3066],"giftcard-category":[],"class_list":{"0":"post-4065","1":"product","2":"type-product","3":"status-publish","4":"has-post-thumbnail","6":"product_cat-parfum","7":"product_cat-parfums-liquides","8":"product_tag-amber-fr","9":"product_tag-ambre","10":"product_tag-epice","11":"product_tag-granules","12":"product_tag-historique","13":"product_tag-kyphi-fr","14":"product_tag-le-vin","15":"product_tag-musc","16":"product_tag-paysage-olfactif-fr","17":"product_tag-resineux","19":"first","20":"instock","21":"taxable","22":"shipping-taxable","23":"purchasable","24":"product-type-variable","25":"add-to-wishlist-before_image"},"jetpack_publicize_connections":[],"jetpack_likes_enabled":true,"jetpack_sharing_enabled":true,"jetpack-related-posts":[],"_links":{"self":[{"href":"https:\/\/espritdelanature.ca\/fr\/wp-json\/wp\/v2\/product\/4065","targetHints":{"allow":["GET"]}}],"collection":[{"href":"https:\/\/espritdelanature.ca\/fr\/wp-json\/wp\/v2\/product"}],"about":[{"href":"https:\/\/espritdelanature.ca\/fr\/wp-json\/wp\/v2\/types\/product"}],"replies":[{"embeddable":true,"href":"https:\/\/espritdelanature.ca\/fr\/wp-json\/wp\/v2\/comments?post=4065"}],"wp:featuredmedia":[{"embeddable":true,"href":"https:\/\/espritdelanature.ca\/fr\/wp-json\/wp\/v2\/media\/3766"}],"wp:attachment":[{"href":"https:\/\/espritdelanature.ca\/fr\/wp-json\/wp\/v2\/media?parent=4065"}],"wp:term":[{"taxonomy":"product_brand","embeddable":true,"href":"https:\/\/espritdelanature.ca\/fr\/wp-json\/wp\/v2\/product_brand?post=4065"},{"taxonomy":"product_cat","embeddable":true,"href":"https:\/\/espritdelanature.ca\/fr\/wp-json\/wp\/v2\/product_cat?post=4065"},{"taxonomy":"product_tag","embeddable":true,"href":"https:\/\/espritdelanature.ca\/fr\/wp-json\/wp\/v2\/product_tag?post=4065"},{"taxonomy":"giftcard-category","embeddable":true,"href":"https:\/\/espritdelanature.ca\/fr\/wp-json\/wp\/v2\/giftcard-category?post=4065"}],"curies":[{"name":"wp","href":"https:\/\/api.w.org\/{rel}","templated":true}]}}