{"id":4082,"date":"2024-02-20T18:05:25","date_gmt":"2024-02-20T23:05:25","guid":{"rendered":"https:\/\/espritdelanature.ca\/product\/parfum-de-meditation-et-de-tranquillite\/"},"modified":"2025-06-02T12:01:47","modified_gmt":"2025-06-02T16:01:47","slug":"parfum-de-meditation-et-de-tranquillite","status":"publish","type":"product","link":"https:\/\/espritdelanature.ca\/fr\/produit\/parfum-de-meditation-et-de-tranquillite\/","title":{"rendered":"PARFUM DE M\u00c9DITATION ET DE TRANQUILLIT\u00c9"},"content":{"rendered":"<p>Inspiration :<\/p>\n<p>Je n&rsquo;oublierai jamais la premi\u00e8re fois que j&rsquo;ai vraiment compris la r\u00e9sine d&rsquo;encens. C&rsquo;\u00e9tait au d\u00e9but de ma carri\u00e8re de fabricant d&rsquo;encens. \u00c0 l&rsquo;\u00e9poque, j&rsquo;utilisais exclusivement des plantes locales. J&rsquo;ai \u00e9t\u00e9 contact\u00e9 par une autre cr\u00e9atrice d&rsquo;encens, Katlyn Breene, qui allait devenir une amie proche, pour r\u00e9colter des plantes bor\u00e9ales pour son propre travail sur les encens. Katlyn m&rsquo;a offert un chauffe-encens \u00e9lectrique, puis, \u00e0 mon insu, des r\u00e9sines d&rsquo;encens parmi les meilleures au monde.<\/p>\n<p>Un apr\u00e8s-midi, je mettais en bouteille des teintures pour un march\u00e9 le lendemain, tout en travaillant sur un m\u00e9lange avec l&rsquo;encens dou\u00e9. Ce jour-l\u00e0, quelque chose n&rsquo;allait pas et je me sentais stress\u00e9e. Je pose le m\u00e9lange d&rsquo;encens sur le chauffe-encens \u00e0 c\u00f4t\u00e9 de moi pour en appr\u00e9cier l&rsquo;ar\u00f4me et je continue \u00e0 travailler. Au bout de 15 minutes, je me suis rendu compte que l&rsquo;anxi\u00e9t\u00e9 que j&rsquo;avais ressentie toute la journ\u00e9e s&rsquo;\u00e9tait envol\u00e9e entre deux bouff\u00e9es d&rsquo;encens parfum\u00e9.<\/p>\n<p>Les effets aromath\u00e9rapeutiques calmants de l&rsquo;encens sont l&rsquo;une des raisons pour lesquelles la r\u00e9sine est utilis\u00e9e depuis des milliers d&rsquo;ann\u00e9es dans les pratiques spirituelles. L&rsquo;encens soigne \u00e0 tous les niveaux. C&rsquo;est un excellent anti-inflammatoire et anti-microbien au niveau physique. Sur le plan \u00e9motionnel, l&rsquo;encens apaise l&rsquo;anxi\u00e9t\u00e9 et \u00e9quilibre les \u00e9motions. Sur le plan spirituel, l&rsquo;encens renforce la communication spirituelle et am\u00e9liore la capacit\u00e9 \u00e0 recevoir des messages provenant de l&rsquo;arri\u00e8re-plan m\u00e9taphysique du monde.<\/p>\n","protected":false},"excerpt":{"rendered":"<p>\u00ab\u00a0MEDITATION ET TRANQUILITE\u00a0\u00bb est compos\u00e9 de cinq types diff\u00e9rents de r\u00e9sine d&rsquo;encens combin\u00e9s \u00e0 du bois, des fruits et des \u00e9pices. Un ar\u00f4me richement r\u00e9sineux qui est un nectar spirituel hautement vibratoire. Excellent pour les adeptes du yoga, de la m\u00e9ditation et des activit\u00e9s spirituelles. stimule l&rsquo;activit\u00e9 c\u00e9r\u00e9brale par la respiration afin d&rsquo;\u00e9lever votre \u00e9tat m\u00e9ditatif.<\/p>\n<p>Notes de parfum : R\u00e9sines, \u00e9pices, bois pr\u00e9cieux, un soup\u00e7on d&rsquo;agrumes p\u00e9tillants.<\/p>\n<p><span style=\"color: #ff6600;\"><span style=\"color: #66549e;\"><strong>\u00ab\u00a0<em>M\u00e9ditation et Tranquillit\u00e9\u00a0\u00bb<\/em> est livr\u00e9 avec un flacon en verre souffl\u00e9 \u00e0 la main, unique en son genre.<\/strong><\/span> <a href=\"https:\/\/espritdelanature.ca\/fr\/categorie-produit\/parfum\/parfums-liquides\/bouteilles-de-parfum\/\" target=\"_blank\" rel=\"noopener\">Cliquez ici pour s\u00e9lectionner votre bouteille<\/a><br \/>\n<\/span><\/p>\n<p>Ingr\u00e9dients : Extractions maison de r\u00e9sines d&rsquo;encens (Boswellia sacra-noir et blanc, Boswellia rivae, Boswellia neglecta, Boswellia serrata) et de r\u00e9sine de benjoin. Pamplemousse, feuilles de cannelle, c\u00e8dre de l&rsquo;Atlas, bois de rose, noix de muscade. Dans l&rsquo;huile de jojoba biologique \u00e0 40%.<\/p>\n","protected":false},"featured_media":3757,"comment_status":"open","ping_status":"closed","template":"","meta":{"_coblocks_attr":"","_coblocks_dimensions":"","_coblocks_responsive_height":"","_coblocks_accordion_ie_support":"","_crdt_document":"","jetpack_publicize_message":"","jetpack_publicize_feature_enabled":true,"jetpack_social_post_already_shared":true,"jetpack_social_options":{"image_generator_settings":{"template":"highway","default_image_id":0,"font":"","enabled":false},"version":2},"_wpas_customize_per_network":false},"product_brand":[],"product_cat":[3045,3057],"product_tag":[3067,3072,3055,3066],"giftcard-category":[],"class_list":{"0":"post-4082","1":"product","2":"type-product","3":"status-publish","4":"has-post-thumbnail","6":"product_cat-parfum","7":"product_cat-parfums-liquides","8":"product_tag-epice","9":"product_tag-fruite","10":"product_tag-resines","11":"product_tag-resineux","13":"first","14":"instock","15":"taxable","16":"shipping-taxable","17":"purchasable","18":"product-type-variable","19":"add-to-wishlist-before_image"},"jetpack_publicize_connections":[],"jetpack_likes_enabled":true,"jetpack_sharing_enabled":true,"jetpack-related-posts":[],"_links":{"self":[{"href":"https:\/\/espritdelanature.ca\/fr\/wp-json\/wp\/v2\/product\/4082","targetHints":{"allow":["GET"]}}],"collection":[{"href":"https:\/\/espritdelanature.ca\/fr\/wp-json\/wp\/v2\/product"}],"about":[{"href":"https:\/\/espritdelanature.ca\/fr\/wp-json\/wp\/v2\/types\/product"}],"replies":[{"embeddable":true,"href":"https:\/\/espritdelanature.ca\/fr\/wp-json\/wp\/v2\/comments?post=4082"}],"wp:featuredmedia":[{"embeddable":true,"href":"https:\/\/espritdelanature.ca\/fr\/wp-json\/wp\/v2\/media\/3757"}],"wp:attachment":[{"href":"https:\/\/espritdelanature.ca\/fr\/wp-json\/wp\/v2\/media?parent=4082"}],"wp:term":[{"taxonomy":"product_brand","embeddable":true,"href":"https:\/\/espritdelanature.ca\/fr\/wp-json\/wp\/v2\/product_brand?post=4082"},{"taxonomy":"product_cat","embeddable":true,"href":"https:\/\/espritdelanature.ca\/fr\/wp-json\/wp\/v2\/product_cat?post=4082"},{"taxonomy":"product_tag","embeddable":true,"href":"https:\/\/espritdelanature.ca\/fr\/wp-json\/wp\/v2\/product_tag?post=4082"},{"taxonomy":"giftcard-category","embeddable":true,"href":"https:\/\/espritdelanature.ca\/fr\/wp-json\/wp\/v2\/giftcard-category?post=4082"}],"curies":[{"name":"wp","href":"https:\/\/api.w.org\/{rel}","templated":true}]}}