{"id":4094,"date":"2024-01-21T19:33:16","date_gmt":"2024-01-22T00:33:16","guid":{"rendered":"https:\/\/espritdelanature.ca\/product\/ouverture\/"},"modified":"2025-11-20T18:39:19","modified_gmt":"2025-11-20T23:39:19","slug":"ouverture","status":"publish","type":"product","link":"https:\/\/espritdelanature.ca\/fr\/produit\/ouverture\/","title":{"rendered":"OUVERTURE"},"content":{"rendered":"<p>Inspiration :<\/p>\n<p>J&rsquo;ai cr\u00e9\u00e9 l&rsquo;encens \u00ab\u00a0Ouverture\u00a0\u00bb pour une cliente qui venait d&#8217;emm\u00e9nager dans une nouvelle maison. Elle ressentait des \u00e9nergies n\u00e9gatives dans son nouvel espace et avait du mal \u00e0 dormir la nuit. En temps normal, elle aurait proc\u00e9d\u00e9 \u00e0 une fumigation rituelle, mais elle avait du mal \u00e0 respirer et ne voulait pas de fum\u00e9e. En utilisant les herbes de purification traditionnelles d&rsquo;Am\u00e9rique du Nord, la sauge blanche, le foin d&rsquo;odeur et le nicotiana. Dans les traditions, le Nicotiana ouvre la voie, la Sauge blanche purifie et le Foin d&rsquo;odeur accueille les bonnes \u00e9nergies. Afin d&rsquo;amplifier l&rsquo;\u00e9nergie du m\u00e9lange et de cr\u00e9er un parfum durable et agr\u00e9able, j&rsquo;ai ajout\u00e9 de l&rsquo;oliban, du Palo Santo et du sang de dragon. Ma cliente m&rsquo;a rapport\u00e9 qu&rsquo;elle avait utilis\u00e9 l&rsquo;encens pour purifier toutes les pi\u00e8ces de sa maison, puis qu&rsquo;elle avait mis le chauffage sur minuterie et qu&rsquo;elle s&rsquo;\u00e9tait couch\u00e9e avec l'\u00a0\u00bbOuverture\u00a0\u00bb infusant dans sa chambre. Elle a imm\u00e9diatement sombr\u00e9 dans un profond sommeil et s&rsquo;est r\u00e9veill\u00e9e bien repos\u00e9e, les \u00e9nergies n\u00e9gatives ayant disparu.<\/p>\n<p style=\"text-align: center;\"><img data-opt-id=711653360  fetchpriority=\"high\" decoding=\"async\" class=\"alignnone wp-image-2456\" src=\"https:\/\/mlw9xtittklw.i.optimole.com\/cb:0SCI.ed7\/w:auto\/h:auto\/q:mauto\/g:sm\/f:best\/https:\/\/espritdelanature.ca\/wp-content\/uploads\/2024\/01\/young-woman-enjoying-the-sunrise.jpg\" alt=\"\" width=\"409\" height=\"307\" srcset=\"https:\/\/mlw9xtittklw.i.optimole.com\/cb:0SCI.ed7\/w:800\/h:600\/q:mauto\/g:sm\/f:best\/https:\/\/espritdelanature.ca\/wp-content\/uploads\/2024\/01\/young-woman-enjoying-the-sunrise.jpg 1200w, https:\/\/mlw9xtittklw.i.optimole.com\/cb:0SCI.ed7\/w:510\/h:383\/q:mauto\/g:sm\/f:best\/https:\/\/espritdelanature.ca\/wp-content\/uploads\/2024\/01\/young-woman-enjoying-the-sunrise.jpg 510w, https:\/\/mlw9xtittklw.i.optimole.com\/cb:0SCI.ed7\/w:533\/h:400\/q:mauto\/g:sm\/f:best\/https:\/\/espritdelanature.ca\/wp-content\/uploads\/2024\/01\/young-woman-enjoying-the-sunrise.jpg 533w, https:\/\/mlw9xtittklw.i.optimole.com\/cb:0SCI.ed7\/w:800\/h:599\/q:mauto\/g:sm\/f:best\/https:\/\/espritdelanature.ca\/wp-content\/uploads\/2024\/01\/young-woman-enjoying-the-sunrise.jpg 1067w, https:\/\/mlw9xtittklw.i.optimole.com\/cb:0SCI.ed7\/w:768\/h:576\/q:mauto\/g:sm\/f:best\/https:\/\/espritdelanature.ca\/wp-content\/uploads\/2024\/01\/young-woman-enjoying-the-sunrise.jpg 768w, https:\/\/mlw9xtittklw.i.optimole.com\/cb:0SCI.ed7\/w:800\/h:600\/q:mauto\/g:sm\/f:best\/https:\/\/espritdelanature.ca\/wp-content\/uploads\/2024\/01\/young-woman-enjoying-the-sunrise.jpg 800w, https:\/\/mlw9xtittklw.i.optimole.com\/cb:0SCI.ed7\/w:600\/h:600\/q:mauto\/g:sm\/f:best\/https:\/\/espritdelanature.ca\/wp-content\/uploads\/2024\/01\/young-woman-enjoying-the-sunrise.jpg 600w, https:\/\/mlw9xtittklw.i.optimole.com\/cb:0SCI.ed7\/w:400\/h:600\/q:mauto\/g:sm\/f:best\/https:\/\/espritdelanature.ca\/wp-content\/uploads\/2024\/01\/young-woman-enjoying-the-sunrise.jpg 400w, https:\/\/mlw9xtittklw.i.optimole.com\/cb:0SCI.ed7\/w:200\/h:600\/q:mauto\/g:sm\/f:best\/https:\/\/espritdelanature.ca\/wp-content\/uploads\/2024\/01\/young-woman-enjoying-the-sunrise.jpg 200w\" sizes=\"(max-width: 409px) 100vw, 409px\" \/><\/p>\n","protected":false},"excerpt":{"rendered":"<p>L&rsquo;encens \u00ab\u00a0Ouverture\u00a0\u00bb a une odeur fra\u00eeche et balsamique qui est tr\u00e8s p\u00e9n\u00e9trante et peut vous aider \u00e0 respirer. C&rsquo;est un encens pour rafra\u00eechir une pi\u00e8ce, nettoyer un espace \u00e9nerg\u00e9tiquement, transformer les \u00e9nergies n\u00e9gatives et inviter les \u00e9nergies positives. Son parfum peut ouvrir une porte \u00e9motionnelle, sortir d&rsquo;un endroit sombre vers la lumi\u00e8re, soulager la fatigue, la stagnation et le manque de motivation.<\/p>\n<p>Notes d&rsquo;encens : Sauge blanche, bois pr\u00e9cieux, r\u00e9sines<\/p>\n<p>INGR\u00c9DIENTS : Bois de Palo Santo, sauge blanche et foin d&rsquo;odeur du jardin, encens, sang de dragon, nicotiana du jardin.<\/p>\n<p>Chauffez cet encens sur un chauffe-encens \u00e9lectrique \u00e0 180\u00ba.<\/p>\n","protected":false},"featured_media":3492,"comment_status":"open","ping_status":"closed","template":"","meta":{"_coblocks_attr":"","_coblocks_dimensions":"","_coblocks_responsive_height":"","_coblocks_accordion_ie_support":"","_crdt_document":"","jetpack_publicize_message":"","jetpack_publicize_feature_enabled":true,"jetpack_social_post_already_shared":true,"jetpack_social_options":{"image_generator_settings":{"template":"highway","default_image_id":0,"font":"","enabled":false},"version":2},"_wpas_customize_per_network":false},"product_brand":[],"product_cat":[3073,3074],"product_tag":[3067,3064,3079,3055],"giftcard-category":[],"class_list":{"0":"post-4094","1":"product","2":"type-product","3":"status-publish","4":"has-post-thumbnail","6":"product_cat-encens-naturel","7":"product_cat-encens-chauffes","8":"product_tag-epice","9":"product_tag-bois","10":"product_tag-en-granule","11":"product_tag-resines","13":"first","14":"instock","15":"taxable","16":"shipping-taxable","17":"purchasable","18":"product-type-simple","19":"add-to-wishlist-before_image"},"jetpack_publicize_connections":[],"jetpack_likes_enabled":true,"jetpack_sharing_enabled":true,"jetpack-related-posts":[],"_links":{"self":[{"href":"https:\/\/espritdelanature.ca\/fr\/wp-json\/wp\/v2\/product\/4094","targetHints":{"allow":["GET"]}}],"collection":[{"href":"https:\/\/espritdelanature.ca\/fr\/wp-json\/wp\/v2\/product"}],"about":[{"href":"https:\/\/espritdelanature.ca\/fr\/wp-json\/wp\/v2\/types\/product"}],"replies":[{"embeddable":true,"href":"https:\/\/espritdelanature.ca\/fr\/wp-json\/wp\/v2\/comments?post=4094"}],"wp:featuredmedia":[{"embeddable":true,"href":"https:\/\/espritdelanature.ca\/fr\/wp-json\/wp\/v2\/media\/3492"}],"wp:attachment":[{"href":"https:\/\/espritdelanature.ca\/fr\/wp-json\/wp\/v2\/media?parent=4094"}],"wp:term":[{"taxonomy":"product_brand","embeddable":true,"href":"https:\/\/espritdelanature.ca\/fr\/wp-json\/wp\/v2\/product_brand?post=4094"},{"taxonomy":"product_cat","embeddable":true,"href":"https:\/\/espritdelanature.ca\/fr\/wp-json\/wp\/v2\/product_cat?post=4094"},{"taxonomy":"product_tag","embeddable":true,"href":"https:\/\/espritdelanature.ca\/fr\/wp-json\/wp\/v2\/product_tag?post=4094"},{"taxonomy":"giftcard-category","embeddable":true,"href":"https:\/\/espritdelanature.ca\/fr\/wp-json\/wp\/v2\/giftcard-category?post=4094"}],"curies":[{"name":"wp","href":"https:\/\/api.w.org\/{rel}","templated":true}]}}