{"id":4099,"date":"2024-01-23T13:04:11","date_gmt":"2024-01-23T18:04:11","guid":{"rendered":"https:\/\/espritdelanature.ca\/product\/amour-divin\/"},"modified":"2025-11-20T18:37:44","modified_gmt":"2025-11-20T23:37:44","slug":"amour-divin","status":"publish","type":"product","link":"https:\/\/espritdelanature.ca\/fr\/produit\/amour-divin\/","title":{"rendered":"AMOUR DIVIN"},"content":{"rendered":"<p>Inspiration :<\/p>\n<p>J&rsquo;ai cr\u00e9\u00e9 \u00ab\u00a0L AMOUR DIVIN\u00a0\u00bb \u00e0 la demande d&rsquo;une cliente qui souhaitait un parfum qu&rsquo;elle pourrait utiliser \u00e0 la fois pendant la m\u00e9ditation et pendant qu&rsquo;elle fait l&rsquo;amour; afin de mieux r\u00e9unir les deux gr\u00e2ce \u00e0 la m\u00e9moire olfactive. Nous avons choisi l&rsquo;OLIBAN comme r\u00e9sine de base car il est r\u00e9put\u00e9 cr\u00e9er une ambiance calme et tranquille; propice \u00e0 l&rsquo;\u00e9veil spirituel. Ensuite, j ai aussi opt\u00e9 pour l&rsquo;Ylang-Ylang, un ar\u00f4me qui a une longue histoire avec la production d&rsquo;un \u00e9tat aphrodisiaque euphorique. Dans les endroits o\u00f9 pousse l&rsquo;Ylang-Ylang. les fleurs ont toujours \u00e9t\u00e9 \u00e9tal\u00e9es sur le lit du couple pour la nuit de noces. Nous avons choisi l&rsquo;huile de Patchouli comme pont entre l&rsquo;oliban et l&rsquo;Ylang-Ylang en raison de ses propri\u00e9t\u00e9s calmantes et d&rsquo;enracinement qui aident le moi spirituel \u00e0 se fondre dans le corps physique.<\/p>\n","protected":false},"excerpt":{"rendered":"<p>\u00ab\u00a0L AMOUR DIVIN\u00a0\u00bb a l&rsquo;ar\u00f4me paradisiaque d&rsquo;un jardin divin rempli de plantes \u00e0 fleurs avec des notes de feuilles vertes et de terre fra\u00eechement retourn\u00e9es. Un parfum compos\u00e9 autour des fragrances aphrodisiaques des fleurs d&rsquo;Ylang-Ylang et des feuilles de Patchouli est infus\u00e9 dans des r\u00e9sines d&rsquo;oliban de haute qualit\u00e9, florales, blanches et fruit\u00e9es, fonc\u00e9es. Le r\u00e9sultat est un ar\u00f4me qui \u00e9voque des sentiments d&rsquo;amour physique et spirituel. L&rsquo;encens \u00ab\u00a0L AMOUR DIVIN\u00a0\u00bb est fabriqu\u00e9 dans le \u00ab\u00a0style monast\u00e8re\u00a0\u00bb en infusant des larmes de r\u00e9sine avec un m\u00e9lange d&rsquo;huiles essentielles et en les laissant s\u00e9cher. Les m\u00e9langes de style monast\u00e8ere ont une dur\u00e9e de vie tr\u00e8s longue sur un bruleur \u00e9lectrique.<\/p>\n<p>Notes d&rsquo;encens : Florales, r\u00e9sines, terreuses<\/p>\n<p>Ingr\u00e9dients : Encens Hojari blanc, Encens Sacra fonc\u00e9, huile essentielle d&rsquo;Ylang-Ylang, huile essentielle de Patchouli fonc\u00e9, p\u00e9tales de fleurs du jardin.<\/p>\n<p>Chauffez cet encens sur un chauffe-encens \u00e9lectrique \u00e0 180\u00ba.<\/p>\n","protected":false},"featured_media":3502,"comment_status":"open","ping_status":"closed","template":"","meta":{"_coblocks_attr":"","_coblocks_dimensions":"","_coblocks_responsive_height":"","_coblocks_accordion_ie_support":"","_crdt_document":"","jetpack_publicize_message":"","jetpack_publicize_feature_enabled":true,"jetpack_social_post_already_shared":true,"jetpack_social_options":{"image_generator_settings":{"template":"highway","default_image_id":0,"font":"","enabled":false},"version":2},"_wpas_customize_per_network":false},"product_brand":[],"product_cat":[3073,3074],"product_tag":[3082,3056,3068,3055],"giftcard-category":[],"class_list":{"0":"post-4099","1":"product","2":"type-product","3":"status-publish","4":"has-post-thumbnail","6":"product_cat-encens-naturel","7":"product_cat-encens-chauffes","8":"product_tag-encens-du-monastere","9":"product_tag-floral-fr","10":"product_tag-musc","11":"product_tag-resines","13":"first","14":"instock","15":"taxable","16":"shipping-taxable","17":"purchasable","18":"product-type-simple","19":"add-to-wishlist-before_image"},"jetpack_publicize_connections":[],"jetpack_likes_enabled":true,"jetpack_sharing_enabled":true,"jetpack-related-posts":[],"_links":{"self":[{"href":"https:\/\/espritdelanature.ca\/fr\/wp-json\/wp\/v2\/product\/4099","targetHints":{"allow":["GET"]}}],"collection":[{"href":"https:\/\/espritdelanature.ca\/fr\/wp-json\/wp\/v2\/product"}],"about":[{"href":"https:\/\/espritdelanature.ca\/fr\/wp-json\/wp\/v2\/types\/product"}],"replies":[{"embeddable":true,"href":"https:\/\/espritdelanature.ca\/fr\/wp-json\/wp\/v2\/comments?post=4099"}],"wp:featuredmedia":[{"embeddable":true,"href":"https:\/\/espritdelanature.ca\/fr\/wp-json\/wp\/v2\/media\/3502"}],"wp:attachment":[{"href":"https:\/\/espritdelanature.ca\/fr\/wp-json\/wp\/v2\/media?parent=4099"}],"wp:term":[{"taxonomy":"product_brand","embeddable":true,"href":"https:\/\/espritdelanature.ca\/fr\/wp-json\/wp\/v2\/product_brand?post=4099"},{"taxonomy":"product_cat","embeddable":true,"href":"https:\/\/espritdelanature.ca\/fr\/wp-json\/wp\/v2\/product_cat?post=4099"},{"taxonomy":"product_tag","embeddable":true,"href":"https:\/\/espritdelanature.ca\/fr\/wp-json\/wp\/v2\/product_tag?post=4099"},{"taxonomy":"giftcard-category","embeddable":true,"href":"https:\/\/espritdelanature.ca\/fr\/wp-json\/wp\/v2\/giftcard-category?post=4099"}],"curies":[{"name":"wp","href":"https:\/\/api.w.org\/{rel}","templated":true}]}}