{"id":4101,"date":"2024-01-22T21:20:51","date_gmt":"2024-01-23T02:20:51","guid":{"rendered":"https:\/\/espritdelanature.ca\/product\/fleurs-dans-la-foret\/"},"modified":"2025-11-20T18:38:09","modified_gmt":"2025-11-20T23:38:09","slug":"fleurs-dans-la-foret","status":"publish","type":"product","link":"https:\/\/espritdelanature.ca\/fr\/produit\/fleurs-dans-la-foret\/","title":{"rendered":"FLEURS EN FOR\u00caT"},"content":{"rendered":"<p>Inspiration :<\/p>\n<p>Lorsque je fais de la cueillette sauvage dans la for\u00eat, je ne pr\u00e9vois jamais o\u00f9 je vais aller. J&rsquo;ai acc\u00e8s \u00e0 des milliers d&rsquo;hectares de for\u00eats inhabit\u00e9es. Je me prom\u00e8ne, car j&rsquo;ai un excellent sens de l&rsquo;orientation. De temps en temps, je tombe sur une clairi\u00e8re dans la for\u00eat, form\u00e9e par des arbres abattus par le vent ou par les castors. Parfois, le d\u00e9frichement est d\u00fb \u00e0 la pr\u00e9sence d&rsquo;orignaux et de li\u00e8vres qui broutent pendant l&rsquo;hiver et qui maintiennent les arbres \u00e0 un niveau bas, ou \u00e0 de mauvaises conditions du sol. Ces espaces ensoleill\u00e9s apparaissent \u00e0 travers la for\u00eat sombre comme des royaumes de f\u00e9es scintillants et ils m&rsquo;attirent toujours. Les clairi\u00e8res ont le parfum int\u00e9ressant d&rsquo;une prairie et d&rsquo;une for\u00eat combin\u00e9es. Les senteurs des conif\u00e8res en bordure des clairi\u00e8res se m\u00ealent aux ar\u00f4mes des fleurs sauvages et des herbes. Elles sont toujours pleines de vie : papillons color\u00e9s, insectes bourdonnants et oiseaux chanteurs font des clairi\u00e8res un endroit vraiment enchanteur o\u00f9 se reposer un moment. Non seulement pour moi, mais aussi pour les cerfs qui se couchent parfois sur les herbes la nuit, laissant des empreintes d&rsquo;herbe press\u00e9e de leur s\u00e9jour.<\/p>\n<p style=\"text-align: center;\"><img data-opt-id=916102499  fetchpriority=\"high\" decoding=\"async\" class=\"alignnone wp-image-2470\" src=\"https:\/\/mlw9xtittklw.i.optimole.com\/cb:0SCI.ed7\/w:auto\/h:auto\/q:mauto\/g:sm\/f:best\/https:\/\/espritdelanature.ca\/wp-content\/uploads\/2024\/01\/Deer-in-Forest-Clearing-Square.jpg\" alt=\"\" width=\"413\" height=\"417\" srcset=\"https:\/\/mlw9xtittklw.i.optimole.com\/cb:0SCI.ed7\/w:594\/h:600\/q:mauto\/g:sm\/f:best\/https:\/\/espritdelanature.ca\/wp-content\/uploads\/2024\/01\/Deer-in-Forest-Clearing-Square.jpg 655w, https:\/\/mlw9xtittklw.i.optimole.com\/cb:0SCI.ed7\/w:100\/h:600\/q:mauto\/g:sm\/f:best\/https:\/\/espritdelanature.ca\/wp-content\/uploads\/2024\/01\/Deer-in-Forest-Clearing-Square.jpg 100w, https:\/\/mlw9xtittklw.i.optimole.com\/cb:0SCI.ed7\/w:510\/h:515\/q:mauto\/g:sm\/f:best\/https:\/\/espritdelanature.ca\/wp-content\/uploads\/2024\/01\/Deer-in-Forest-Clearing-Square.jpg 510w, https:\/\/mlw9xtittklw.i.optimole.com\/cb:0SCI.ed7\/w:396\/h:400\/q:mauto\/g:sm\/f:best\/https:\/\/espritdelanature.ca\/wp-content\/uploads\/2024\/01\/Deer-in-Forest-Clearing-Square.jpg 396w\" sizes=\"(max-width: 413px) 100vw, 413px\" \/><\/p>\n","protected":false},"excerpt":{"rendered":"<p>Une clairi\u00e8re sous le soleil d&rsquo;\u00e9t\u00e9 qui sent les conif\u00e8res et les fleurs sauvages. \u00ab\u00a0Fleurs en foret\u00a0\u00bb est relaxant pour le corps, ancrant pour les \u00e9motions et stimulant pour l&rsquo;esprit. Il aide \u00e0 purifier l&rsquo;air et ouvre vos poumons, ce qui vous permet de respirer plus facilement. L&rsquo;encens \u00ab\u00a0Fleurs de la for\u00eat\u00a0\u00bb est fabriqu\u00e9 dans le \u00ab\u00a0style monast\u00e8re\u00a0\u00bb en infusant des larmes de r\u00e9sine avec un m\u00e9lange d&rsquo;huiles essentielles et en les laissant s\u00e9cher. Ces types de m\u00e9langes ont une dur\u00e9e de vie tr\u00e8s longue sur le bruleur \u00e9lectrique.<\/p>\n<p>Notes d&rsquo;encens : Conif\u00e8res, Bois, Herbes, Floral<\/p>\n<p>Ingr\u00e9dients : R\u00e9sine d&rsquo;encens baign\u00e9e dans un m\u00e9lange d&rsquo;huiles essentielles de conif\u00e8res et de bois, nimb\u00e9e d&rsquo;aiguilles de conif\u00e8res et de fleurs et feuilles de m\u00e9lilotus sauvage.<\/p>\n<p>Chauffez cet encens sur un chauffe-encens \u00e9lectrique \u00e0 180\u00ba.<\/p>\n<p>&nbsp;<\/p>\n<p>&nbsp;<\/p>\n","protected":false},"featured_media":3501,"comment_status":"open","ping_status":"closed","template":"","meta":{"_coblocks_attr":"","_coblocks_dimensions":"","_coblocks_responsive_height":"","_coblocks_accordion_ie_support":"","_crdt_document":"","jetpack_publicize_message":"","jetpack_publicize_feature_enabled":true,"jetpack_social_post_already_shared":true,"jetpack_social_options":{"image_generator_settings":{"template":"highway","default_image_id":0,"font":"","enabled":false},"version":2},"_wpas_customize_per_network":false},"product_brand":[],"product_cat":[3073,3074],"product_tag":[3049,3064,3082,3081,3151,3048,3055,3152],"giftcard-category":[],"class_list":{"0":"post-4101","1":"product","2":"type-product","3":"status-publish","4":"has-post-thumbnail","6":"product_cat-encens-naturel","7":"product_cat-encens-chauffes","8":"product_tag-bio-regional-fr","9":"product_tag-bois","10":"product_tag-encens-du-monastere","11":"product_tag-foret","12":"product_tag-hay-fr","13":"product_tag-plantes-locales","14":"product_tag-resines","15":"product_tag-scentscape-fr","17":"first","18":"instock","19":"taxable","20":"shipping-taxable","21":"purchasable","22":"product-type-simple","23":"add-to-wishlist-before_image"},"jetpack_publicize_connections":[],"jetpack_likes_enabled":true,"jetpack_sharing_enabled":true,"jetpack-related-posts":[],"_links":{"self":[{"href":"https:\/\/espritdelanature.ca\/fr\/wp-json\/wp\/v2\/product\/4101","targetHints":{"allow":["GET"]}}],"collection":[{"href":"https:\/\/espritdelanature.ca\/fr\/wp-json\/wp\/v2\/product"}],"about":[{"href":"https:\/\/espritdelanature.ca\/fr\/wp-json\/wp\/v2\/types\/product"}],"replies":[{"embeddable":true,"href":"https:\/\/espritdelanature.ca\/fr\/wp-json\/wp\/v2\/comments?post=4101"}],"wp:featuredmedia":[{"embeddable":true,"href":"https:\/\/espritdelanature.ca\/fr\/wp-json\/wp\/v2\/media\/3501"}],"wp:attachment":[{"href":"https:\/\/espritdelanature.ca\/fr\/wp-json\/wp\/v2\/media?parent=4101"}],"wp:term":[{"taxonomy":"product_brand","embeddable":true,"href":"https:\/\/espritdelanature.ca\/fr\/wp-json\/wp\/v2\/product_brand?post=4101"},{"taxonomy":"product_cat","embeddable":true,"href":"https:\/\/espritdelanature.ca\/fr\/wp-json\/wp\/v2\/product_cat?post=4101"},{"taxonomy":"product_tag","embeddable":true,"href":"https:\/\/espritdelanature.ca\/fr\/wp-json\/wp\/v2\/product_tag?post=4101"},{"taxonomy":"giftcard-category","embeddable":true,"href":"https:\/\/espritdelanature.ca\/fr\/wp-json\/wp\/v2\/giftcard-category?post=4101"}],"curies":[{"name":"wp","href":"https:\/\/api.w.org\/{rel}","templated":true}]}}