{"id":4108,"date":"2024-01-12T11:06:05","date_gmt":"2024-01-12T16:06:05","guid":{"rendered":"https:\/\/espritdelanature.ca\/product\/monastere-medieval\/"},"modified":"2025-11-21T08:36:09","modified_gmt":"2025-11-21T13:36:09","slug":"monastere-medieval","status":"publish","type":"product","link":"https:\/\/espritdelanature.ca\/fr\/produit\/monastere-medieval\/","title":{"rendered":"HILDEGARDE"},"content":{"rendered":"<p>Inspiration<\/p>\n<p>Hildegard von Bingen aurait \u00e9t\u00e9 une femme extraordinaire \u00e0 n&rsquo;importe quelle \u00e9poque. Elle \u00e9tait une bonne vivante, pleine de vie et d&rsquo;esprit. En tant qu&rsquo;abbesse b\u00e9n\u00e9dictine allemande, elle a con\u00e7u et particip\u00e9 \u00e0 la construction de sa propre abbaye. Elle \u00e9tait \u00e9crivain, herboriste, compositeur, philosophe, mystique et visionnaire du Haut Moyen \u00c2ge. Elle est l&rsquo;une des compositrices les plus connues de chant sacr\u00e9 gr\u00e9gorien. Elle \u00e9tait consid\u00e9r\u00e9e par beaucoup en Europe comme la fondatrice de l&rsquo;histoire scientifique et naturelle en Allemagne. Sa foi \u00e9tait fond\u00e9e sur la croyance que la terre et toute la nature \u00e9taient la manifestation physique du corps de Dieu. L&rsquo;abbaye d&rsquo;Hildegard \u00e9tait situ\u00e9e au confluent des principales routes commerciales d&rsquo;Allemagne. Elle aurait b\u00e9n\u00e9fici\u00e9 de l&rsquo;acc\u00e8s aux r\u00e9sines, bois et \u00e9pices du Moyen-Orient et de l&rsquo;Asie. Elle connaissait et utilisait tous les ingr\u00e9dients de l'\u00a0\u00bbHildegarde\u00a0\u00bb, car ils \u00e9taient import\u00e9s en grandes quantit\u00e9s par l&rsquo;\u00c9glise catholique. Selon elle, l&rsquo;ensemble de ces plantes \u00ab\u00a0att\u00e9nue l&rsquo;amertume du corps et de l&rsquo;esprit, ouvre le c\u0153ur et rend l&rsquo;\u00e2me joyeuse\u00a0\u00bb. <\/p>\n<p style=\"text-align: center;\"><img data-opt-id=1107829410  fetchpriority=\"high\" decoding=\"async\" class=\"alignnone wp-image-2411\" src=\"https:\/\/mlw9xtittklw.i.optimole.com\/cb:0SCI.ed7\/w:auto\/h:auto\/q:mauto\/g:sm\/f:best\/https:\/\/espritdelanature.ca\/wp-content\/uploads\/2024\/01\/Nuns-harvesting-Grapes-at-Hildegard-Abby.jpeg\" alt=\"\" width=\"546\" height=\"410\" srcset=\"https:\/\/mlw9xtittklw.i.optimole.com\/cb:0SCI.ed7\/w:800\/h:600\/q:mauto\/g:sm\/f:best\/https:\/\/espritdelanature.ca\/wp-content\/uploads\/2024\/01\/Nuns-harvesting-Grapes-at-Hildegard-Abby.jpeg 2560w, https:\/\/mlw9xtittklw.i.optimole.com\/cb:0SCI.ed7\/w:510\/h:383\/q:mauto\/g:sm\/f:best\/https:\/\/espritdelanature.ca\/wp-content\/uploads\/2024\/01\/Nuns-harvesting-Grapes-at-Hildegard-Abby.jpeg 510w, https:\/\/mlw9xtittklw.i.optimole.com\/cb:0SCI.ed7\/w:533\/h:400\/q:mauto\/g:sm\/f:best\/https:\/\/espritdelanature.ca\/wp-content\/uploads\/2024\/01\/Nuns-harvesting-Grapes-at-Hildegard-Abby.jpeg 533w, https:\/\/mlw9xtittklw.i.optimole.com\/cb:0SCI.ed7\/w:800\/h:599\/q:mauto\/g:sm\/f:best\/https:\/\/espritdelanature.ca\/wp-content\/uploads\/2024\/01\/Nuns-harvesting-Grapes-at-Hildegard-Abby.jpeg 1067w, https:\/\/mlw9xtittklw.i.optimole.com\/cb:0SCI.ed7\/w:768\/h:576\/q:mauto\/g:sm\/f:best\/https:\/\/espritdelanature.ca\/wp-content\/uploads\/2024\/01\/Nuns-harvesting-Grapes-at-Hildegard-Abby.jpeg 768w, https:\/\/mlw9xtittklw.i.optimole.com\/cb:0SCI.ed7\/w:800\/h:600\/q:mauto\/g:sm\/f:best\/https:\/\/espritdelanature.ca\/wp-content\/uploads\/2024\/01\/Nuns-harvesting-Grapes-at-Hildegard-Abby.jpeg 1536w, https:\/\/mlw9xtittklw.i.optimole.com\/cb:0SCI.ed7\/w:800\/h:600\/q:mauto\/g:sm\/f:best\/https:\/\/espritdelanature.ca\/wp-content\/uploads\/2024\/01\/Nuns-harvesting-Grapes-at-Hildegard-Abby.jpeg 2048w, https:\/\/mlw9xtittklw.i.optimole.com\/cb:0SCI.ed7\/w:800\/h:400\/q:mauto\/g:sm\/f:best\/https:\/\/espritdelanature.ca\/wp-content\/uploads\/2024\/01\/Nuns-harvesting-Grapes-at-Hildegard-Abby.jpeg 1200w, https:\/\/mlw9xtittklw.i.optimole.com\/cb:0SCI.ed7\/w:800\/h:600\/q:mauto\/g:sm\/f:best\/https:\/\/espritdelanature.ca\/wp-content\/uploads\/2024\/01\/Nuns-harvesting-Grapes-at-Hildegard-Abby.jpeg 800w, https:\/\/mlw9xtittklw.i.optimole.com\/cb:0SCI.ed7\/w:600\/h:600\/q:mauto\/g:sm\/f:best\/https:\/\/espritdelanature.ca\/wp-content\/uploads\/2024\/01\/Nuns-harvesting-Grapes-at-Hildegard-Abby.jpeg 600w, https:\/\/mlw9xtittklw.i.optimole.com\/cb:0SCI.ed7\/w:400\/h:600\/q:mauto\/g:sm\/f:best\/https:\/\/espritdelanature.ca\/wp-content\/uploads\/2024\/01\/Nuns-harvesting-Grapes-at-Hildegard-Abby.jpeg 400w, https:\/\/mlw9xtittklw.i.optimole.com\/cb:0SCI.ed7\/w:200\/h:600\/q:mauto\/g:sm\/f:best\/https:\/\/espritdelanature.ca\/wp-content\/uploads\/2024\/01\/Nuns-harvesting-Grapes-at-Hildegard-Abby.jpeg 200w, https:\/\/mlw9xtittklw.i.optimole.com\/cb:0SCI.ed7\/w:800\/h:600\/q:mauto\/g:sm\/f:best\/https:\/\/espritdelanature.ca\/wp-content\/uploads\/2024\/01\/Nuns-harvesting-Grapes-at-Hildegard-Abby.jpeg 1320w\" sizes=\"(max-width: 546px) 100vw, 546px\" \/><\/p>\n","protected":false},"excerpt":{"rendered":"<p>Un encens qui \u00ab\u00a0att\u00e9nue l&rsquo;amertume du corps et de l&rsquo;esprit, ouvre le c\u0153ur et rend l&rsquo;\u00e2me joyeuse\u00a0\u00bb. L&rsquo;encens \u00ab\u00a0Hildegarde\u00a0\u00bb est bas\u00e9 sur les recettes de Hildegarde von Bingen et suit les formules d&rsquo;encens traditionnelles de l&rsquo;Europe m\u00e9di\u00e9vale. Le parfum \u00e9pic\u00e9 de \u00ab\u00a0Hildegarde\u00a0\u00bb r\u00e9chauffe le corps et les \u00e9motions, tandis que les fragrances de bois pr\u00e9cieux et de r\u00e9sines d\u00e9tendent et \u00e9l\u00e8vent l&rsquo;esprit, vous permettant de glisser plus facilement dans les profondeurs m\u00e9taphysiques du monde.  <\/p>\n<p>Notes d&rsquo;encens : \u00c9pices r\u00e9confortantes, r\u00e9sines et bois pr\u00e9cieux<\/p>\n<p>INGR\u00c9DIENTS : encens blanc et noir, benjoin blanc et noir, opoponax, camphre born\u00e9, bois de c\u00e8dre, bois de santal, bois d&rsquo;agar, cannelle, macis, clous de girofle, cardamome, feuilles de laurier. Le tout li\u00e9 avec des raisins secs, du vin rouge et du miel biologique.<\/p>\n<p>Chauffez cet encens sur un chauffe-encens \u00e9lectrique \u00e0 180\u00ba.<\/p>\n","protected":false},"featured_media":5688,"comment_status":"open","ping_status":"closed","template":"","meta":{"_coblocks_attr":"","_coblocks_dimensions":"","_coblocks_responsive_height":"","_coblocks_accordion_ie_support":"","_crdt_document":"","jetpack_publicize_message":"","jetpack_publicize_feature_enabled":true,"jetpack_social_post_already_shared":true,"jetpack_social_options":{"image_generator_settings":{"template":"highway","default_image_id":0,"font":"","enabled":false},"version":2},"_wpas_customize_per_network":false},"product_brand":[],"product_cat":[3073,3074],"product_tag":[3067,3064,3077,3078,3065,3055],"giftcard-category":[],"class_list":{"0":"post-4108","1":"product","2":"type-product","3":"status-publish","4":"has-post-thumbnail","6":"product_cat-encens-naturel","7":"product_cat-encens-chauffes","8":"product_tag-epice","9":"product_tag-bois","10":"product_tag-compose","11":"product_tag-kyphi-rustique","12":"product_tag-paysage-olfactif-fr","13":"product_tag-resines","15":"first","16":"instock","17":"taxable","18":"shipping-taxable","19":"purchasable","20":"product-type-simple","21":"add-to-wishlist-before_image"},"jetpack_publicize_connections":[],"jetpack_likes_enabled":true,"jetpack_sharing_enabled":true,"jetpack-related-posts":[],"_links":{"self":[{"href":"https:\/\/espritdelanature.ca\/fr\/wp-json\/wp\/v2\/product\/4108","targetHints":{"allow":["GET"]}}],"collection":[{"href":"https:\/\/espritdelanature.ca\/fr\/wp-json\/wp\/v2\/product"}],"about":[{"href":"https:\/\/espritdelanature.ca\/fr\/wp-json\/wp\/v2\/types\/product"}],"replies":[{"embeddable":true,"href":"https:\/\/espritdelanature.ca\/fr\/wp-json\/wp\/v2\/comments?post=4108"}],"wp:featuredmedia":[{"embeddable":true,"href":"https:\/\/espritdelanature.ca\/fr\/wp-json\/wp\/v2\/media\/5688"}],"wp:attachment":[{"href":"https:\/\/espritdelanature.ca\/fr\/wp-json\/wp\/v2\/media?parent=4108"}],"wp:term":[{"taxonomy":"product_brand","embeddable":true,"href":"https:\/\/espritdelanature.ca\/fr\/wp-json\/wp\/v2\/product_brand?post=4108"},{"taxonomy":"product_cat","embeddable":true,"href":"https:\/\/espritdelanature.ca\/fr\/wp-json\/wp\/v2\/product_cat?post=4108"},{"taxonomy":"product_tag","embeddable":true,"href":"https:\/\/espritdelanature.ca\/fr\/wp-json\/wp\/v2\/product_tag?post=4108"},{"taxonomy":"giftcard-category","embeddable":true,"href":"https:\/\/espritdelanature.ca\/fr\/wp-json\/wp\/v2\/giftcard-category?post=4108"}],"curies":[{"name":"wp","href":"https:\/\/api.w.org\/{rel}","templated":true}]}}