{"id":4114,"date":"2024-01-08T22:13:54","date_gmt":"2024-01-09T03:13:54","guid":{"rendered":"https:\/\/espritdelanature.ca\/product\/caravane\/"},"modified":"2024-07-25T08:45:46","modified_gmt":"2024-07-25T12:45:46","slug":"caravane","status":"publish","type":"product","link":"https:\/\/espritdelanature.ca\/fr\/produit\/caravane\/","title":{"rendered":"CARAVANE"},"content":{"rendered":"","protected":false},"excerpt":{"rendered":"<p>Il y a des milliers d&rsquo;ann\u00e9es, des caravanes traversaient le d\u00e9sert d&rsquo;Arabie charg\u00e9es de r\u00e9sines, d&rsquo;herbes, d&rsquo;\u00e9pices et d&rsquo;autres marchandises. Cette route secr\u00e8te \u00e0 travers les sables mouvants \u00e9tait connue sous le nom de route de l&rsquo;encens et de la soie. Dans des coffres herm\u00e9tiquement ferm\u00e9s, des \u00e9pices, des bois aromatiques pr\u00e9cieux et des r\u00e9sines rebondissent dans la chaleur du d\u00e9sert. Les feuilles de patchouli \u00e9taient utilis\u00e9es entre les tissus pour les prot\u00e9ger des insectes. Lorsque la caravane s&rsquo;arr\u00eatait pour se d\u00e9tendre, certains coffres \u00e9taient ouverts pour la cuisine et le plaisir, cr\u00e9ant un nuage odorant autour du campement. Caravan est un paysage olfactif de cette \u00e9poque. Un m\u00e9lange de r\u00e9sines sombres et exotiques, poudr\u00e9es de bois pr\u00e9cieux puis nimb\u00e9es de patchouli vieilli, de feuilles et d&rsquo;\u00e9pices. &nbsp; Notes d&rsquo;encens : Riches r\u00e9sines, \u00e9pices, musc &nbsp; Chauffez cet encens sur un chauffe-encens \u00e9lectrique \u00e0 150-160\u00baC. Si vous sentez des odeurs parasites, c&rsquo;est que la temp\u00e9rature de votre br\u00fbleur est trop \u00e9lev\u00e9e.<\/p>\n","protected":false},"featured_media":3604,"comment_status":"open","ping_status":"closed","template":"","meta":{"_coblocks_attr":"","_coblocks_dimensions":"","_coblocks_responsive_height":"","_coblocks_accordion_ie_support":"","_crdt_document":"","jetpack_publicize_message":"","jetpack_publicize_feature_enabled":true,"jetpack_social_post_already_shared":true,"jetpack_social_options":{"image_generator_settings":{"template":"highway","default_image_id":0,"font":"","enabled":false},"version":2},"_wpas_customize_per_network":false},"product_brand":[],"product_cat":[3073,3074],"product_tag":[3067,3077,3068,3065,3055],"giftcard-category":[],"class_list":{"0":"post-4114","1":"product","2":"type-product","3":"status-publish","4":"has-post-thumbnail","6":"product_cat-encens-naturel","7":"product_cat-encens-chauffes","8":"product_tag-epice","9":"product_tag-compose","10":"product_tag-musc","11":"product_tag-paysage-olfactif-fr","12":"product_tag-resines","14":"first","15":"instock","16":"taxable","17":"shipping-taxable","18":"purchasable","19":"product-type-simple","20":"add-to-wishlist-before_image"},"jetpack_publicize_connections":[],"jetpack_likes_enabled":true,"jetpack_sharing_enabled":true,"jetpack-related-posts":[],"_links":{"self":[{"href":"https:\/\/espritdelanature.ca\/fr\/wp-json\/wp\/v2\/product\/4114","targetHints":{"allow":["GET"]}}],"collection":[{"href":"https:\/\/espritdelanature.ca\/fr\/wp-json\/wp\/v2\/product"}],"about":[{"href":"https:\/\/espritdelanature.ca\/fr\/wp-json\/wp\/v2\/types\/product"}],"replies":[{"embeddable":true,"href":"https:\/\/espritdelanature.ca\/fr\/wp-json\/wp\/v2\/comments?post=4114"}],"wp:featuredmedia":[{"embeddable":true,"href":"https:\/\/espritdelanature.ca\/fr\/wp-json\/wp\/v2\/media\/3604"}],"wp:attachment":[{"href":"https:\/\/espritdelanature.ca\/fr\/wp-json\/wp\/v2\/media?parent=4114"}],"wp:term":[{"taxonomy":"product_brand","embeddable":true,"href":"https:\/\/espritdelanature.ca\/fr\/wp-json\/wp\/v2\/product_brand?post=4114"},{"taxonomy":"product_cat","embeddable":true,"href":"https:\/\/espritdelanature.ca\/fr\/wp-json\/wp\/v2\/product_cat?post=4114"},{"taxonomy":"product_tag","embeddable":true,"href":"https:\/\/espritdelanature.ca\/fr\/wp-json\/wp\/v2\/product_tag?post=4114"},{"taxonomy":"giftcard-category","embeddable":true,"href":"https:\/\/espritdelanature.ca\/fr\/wp-json\/wp\/v2\/giftcard-category?post=4114"}],"curies":[{"name":"wp","href":"https:\/\/api.w.org\/{rel}","templated":true}]}}