{"id":4116,"date":"2024-01-08T21:53:57","date_gmt":"2024-01-09T02:53:57","guid":{"rendered":"https:\/\/espritdelanature.ca\/product\/loeil-dodin\/"},"modified":"2024-01-08T21:53:57","modified_gmt":"2024-01-09T02:53:57","slug":"loeil-dodin","status":"publish","type":"product","link":"https:\/\/espritdelanature.ca\/fr\/produit\/loeil-dodin\/","title":{"rendered":"L&rsquo;\u0152IL D&rsquo;ODIN"},"content":{"rendered":"<p>Une v\u00f6lva \u00e9tait une proph\u00e9tesse professionnelle ou semi-professionnelle des traditions magiques nordiques, connue sous le nom de \u00ab\u00a0Seidr\u00a0\u00bb (vieux norrois : corde, ficelle, pi\u00e8ge) ou \u00ab\u00a0Spa\u00a0\u00bb (vieux norrois : sage). Un Seidr V\u00f6lva accomplissait un large \u00e9ventail d&rsquo;actions avec l&rsquo;aide des esprits qu&rsquo;il invoquait pour l&rsquo;assister dans son travail : voyages spirituels, gu\u00e9risons, magie m\u00e9t\u00e9orologique, pr\u00e9diction des mouvements d&rsquo;animaux, recherche d&rsquo;objets perdus, etc. Un Spa V\u00f6lva \u00e9tait un voyant sp\u00e9cialis\u00e9 qui proph\u00e9tisait en percevant directement le destin. Si la plupart des volus \u00e9taient des femmes, le praticien le plus c\u00e9l\u00e8bre du seidr est un homme, et le personnage le plus c\u00e9l\u00e8bre de la mythologie nordique : Odin. Pourtant, Odin a appris le seidr et les pratiques thermales aupr\u00e8s d&rsquo;une femme, son \u00e9pouse Frigg\/Freya. Par la suite, il consacre une grande partie de son temps \u00e0 des voyages spirituels et physiques, au grand dam de sa femme qui aime s&rsquo;amuser. Son nom m\u00eame signifie ma\u00eetre de l&rsquo;extase : la racine de son nom, \u00ab\u00a0odr\u00a0\u00bb, se traduit par extase, fureur, inspiration, force vitale ultime et inconditionnelle, tandis que le suffixe de son nom, \u00ab\u00a0inn\u00a0\u00bb, signifie \u00ab\u00a0ma\u00eetre de\u00a0\u00bb. Odin est le ma\u00eetre de l&rsquo;inspiration, de l&rsquo;extase et de la fureur divine.<\/p>\n","protected":false},"excerpt":{"rendered":"<p>L&rsquo;encens \u00ab\u00a0\u0152il d&rsquo;Odin\u00a0\u00bb est un paysage olfactif historique. Il est compos\u00e9 d&rsquo;une combinaison de plantes \u00e0 parfum que les habitants de l&rsquo;Europe du Nord et des \u00eeles de l&rsquo;Atlantique Nord utilisaient autrefois pour entrer dans des \u00e9tats alt\u00e9r\u00e9s. Si vous inhalez profond\u00e9ment l&rsquo;encens, vous aurez un aper\u00e7u de ce que c&rsquo;\u00e9tait que d&rsquo;utiliser ces plantes en abondance avant de proph\u00e9tiser en tant que \u00ab\u00a0V\u00f6lva\u00a0\u00bb (porteur de baguette) ou de boire les anciens hydromels de la po\u00e9sie avant un concours d&rsquo;esprit ou une bataille. L&rsquo;encens \u00ab\u00a0L&rsquo;\u0153il d&rsquo;Odin\u00a0\u00bb est excellent pour les artistes en qu\u00eate d&rsquo;inspiration et les voyants d\u00e9sireux d&rsquo;entrer en contact avec d&rsquo;autres mondes.<\/p>\n<p>Notes d&rsquo;encens : Vert miell\u00e9, fruit\u00e9 et \u00e9pic\u00e9<\/p>\n<p>Ingr\u00e9dients : Graines de myrica gale (Myrica gale), feuilles de th\u00e9 du Labrador (Ledum\/Rhododendron groenlandicum), fleurs d&rsquo;achill\u00e9e (Achillea millefolium), graines de jusquiame (Hyoscyamus niger), racine de mandragore (Mandrogora officinarum), associ\u00e9es \u00e0 des baies de fr\u00eane et des baies d&rsquo;\u00e9glantier mac\u00e9r\u00e9es dans de l&rsquo;hydromel.<\/p>\n<p>Chauffez cet encens sur un chauffe-encens \u00e9lectrique \u00e0 150\u00ba -160\u00ba.<\/p>\n","protected":false},"featured_media":3495,"comment_status":"open","ping_status":"closed","template":"","meta":{"_coblocks_attr":"","_coblocks_dimensions":"","_coblocks_responsive_height":"","_coblocks_accordion_ie_support":"","_crdt_document":"","jetpack_publicize_message":"","jetpack_publicize_feature_enabled":true,"jetpack_social_post_already_shared":true,"jetpack_social_options":{"image_generator_settings":{"template":"highway","default_image_id":0,"font":"","enabled":false},"version":2},"_wpas_customize_per_network":false},"product_brand":[],"product_cat":[3073,3074],"product_tag":[3067,3049,3077,3072,3043,3065,3047],"giftcard-category":[],"class_list":{"0":"post-4116","1":"product","2":"type-product","3":"status-publish","4":"has-post-thumbnail","6":"product_cat-encens-naturel","7":"product_cat-encens-chauffes","8":"product_tag-epice","9":"product_tag-bio-regional-fr","10":"product_tag-compose","11":"product_tag-fruite","12":"product_tag-historique","13":"product_tag-paysage-olfactif-fr","14":"product_tag-vert","16":"first","17":"instock","18":"taxable","19":"shipping-taxable","20":"purchasable","21":"product-type-simple","22":"add-to-wishlist-before_image"},"jetpack_publicize_connections":[],"jetpack_likes_enabled":true,"jetpack_sharing_enabled":true,"jetpack-related-posts":[],"_links":{"self":[{"href":"https:\/\/espritdelanature.ca\/fr\/wp-json\/wp\/v2\/product\/4116","targetHints":{"allow":["GET"]}}],"collection":[{"href":"https:\/\/espritdelanature.ca\/fr\/wp-json\/wp\/v2\/product"}],"about":[{"href":"https:\/\/espritdelanature.ca\/fr\/wp-json\/wp\/v2\/types\/product"}],"replies":[{"embeddable":true,"href":"https:\/\/espritdelanature.ca\/fr\/wp-json\/wp\/v2\/comments?post=4116"}],"wp:featuredmedia":[{"embeddable":true,"href":"https:\/\/espritdelanature.ca\/fr\/wp-json\/wp\/v2\/media\/3495"}],"wp:attachment":[{"href":"https:\/\/espritdelanature.ca\/fr\/wp-json\/wp\/v2\/media?parent=4116"}],"wp:term":[{"taxonomy":"product_brand","embeddable":true,"href":"https:\/\/espritdelanature.ca\/fr\/wp-json\/wp\/v2\/product_brand?post=4116"},{"taxonomy":"product_cat","embeddable":true,"href":"https:\/\/espritdelanature.ca\/fr\/wp-json\/wp\/v2\/product_cat?post=4116"},{"taxonomy":"product_tag","embeddable":true,"href":"https:\/\/espritdelanature.ca\/fr\/wp-json\/wp\/v2\/product_tag?post=4116"},{"taxonomy":"giftcard-category","embeddable":true,"href":"https:\/\/espritdelanature.ca\/fr\/wp-json\/wp\/v2\/giftcard-category?post=4116"}],"curies":[{"name":"wp","href":"https:\/\/api.w.org\/{rel}","templated":true}]}}