{"id":4118,"date":"2024-01-07T14:56:12","date_gmt":"2024-01-07T19:56:12","guid":{"rendered":"https:\/\/espritdelanature.ca\/product\/cordillera-del-balsamo-bakhoor\/"},"modified":"2024-01-07T14:56:12","modified_gmt":"2024-01-07T19:56:12","slug":"cordillera-del-balsamo-bakhoor","status":"publish","type":"product","link":"https:\/\/espritdelanature.ca\/fr\/produit\/cordillera-del-balsamo-bakhoor\/","title":{"rendered":"CORDILLERA DEL BALSAMO BAKHOOR"},"content":{"rendered":"<p>Inspiration<\/p>\n<p>J&rsquo;avais l&rsquo;habitude de penser que le paysage olfactif de l&rsquo;ancienne M\u00e9so-Am\u00e9rique n&rsquo;\u00e9tait rempli que des senteurs vives et tranchantes des r\u00e9sines de Copal. J&rsquo;ai d\u00e9couvert qu&rsquo;il existe un parfum bien plus chaud qui accompagnait \u00e9galement les anc\u00eatres des Olm\u00e8ques, des Mayas et des Azt\u00e8ques. Les histoires de ces anc\u00eatres se trouvent dans le \u00ab\u00a0Popol Vuh\u00a0\u00bb. Le Pop Vuh est un r\u00e9cit sacr\u00e9 fondamental qui englobe une s\u00e9rie de sujets tels que la cr\u00e9ation, l&rsquo;ascendance, l&rsquo;histoire et la cosmologie.<\/p>\n<p>Lorsque ces anc\u00eatres sont arriv\u00e9s sur la C\u00f4te de Baume du Salvador, il y a 9000 ans, sur des radeaux en provenance du P\u00e9rou, ils ont trouv\u00e9 un parfum sensuel, balsamique, doux et l\u00e9g\u00e8rement animal cach\u00e9 dans les brumes des montagnes. L&rsquo;odeur provenait d&rsquo;arbres g\u00e9ants qui suintaient un \u00ab\u00a0sang\u00a0\u00bb sombre et \u00e9pais lorsqu&rsquo;ils \u00e9taient coup\u00e9s. Une r\u00e9sine dont le parfum ouvre le c\u0153ur et dont le toucher a des propri\u00e9t\u00e9s m\u00e9dicinales extraordinaires. Des caract\u00e9ristiques qui auraient certainement \u00e9t\u00e9 remarqu\u00e9es, d&rsquo;autant plus que le sang et le c\u0153ur occupent une place importante dans les mythes et c\u00e9r\u00e9monies de cr\u00e9ation m\u00e9so-am\u00e9ricains. La r\u00e9sine constitue un encens extraordinaire, surtout lorsqu&rsquo;elle est m\u00e9lang\u00e9e au bois des arbres Palo Santo qui poussent dans les plaines s\u00e8ches au-dessous des for\u00eats de nuages. C&rsquo;est dans la brume, parmi les arbres odorants, que les anc\u00eatres ont vu pour la premi\u00e8re fois l&rsquo;oiseau rare et resplendissant qu&rsquo;est le Quetzal. Dont Quetzalcoatl, le Dieu serpent \u00e0 plumes, tire une partie de son nom. Les longues plumes de la queue du quetzal m\u00e2le, en forme de serpent, peuvent briller du vert, du cobalt, du citron vert, du jaune et de l&rsquo;outremer. Pendant des milliers d&rsquo;ann\u00e9es, ces plumes ont jou\u00e9 un r\u00f4le tr\u00e8s important dans les c\u00e9r\u00e9monies religieuses. La pyramide de Chichen Izta, au Mexique, a \u00e9t\u00e9 construite de telle mani\u00e8re que les sons aigus \u00e9mis \u00e0 l&rsquo;int\u00e9rieur produisent l&rsquo;\u00e9cho d&rsquo;un battement de mains qui imite le cri de l&rsquo;oiseau Quetzal. Cette for\u00eat de nuages devait certainement \u00eatre un lieu sacr\u00e9, l&rsquo;odeur des arbres se m\u00ealant aux souvenirs de l&rsquo;oiseau sacr\u00e9.<\/p>\n<p>Mais ce n&rsquo;est pas tout : les baumiers constituaient l&rsquo;un des meilleurs bois au monde pour la fabrication de radeaux de voyage. Il existe des noms de lieux indig\u00e8nes sur l&rsquo;ensemble du territoire qui indiquent le transport des arbres depuis les montagnes. Par exemple, Tecoluca, qui signifie \u00ab\u00a0d\u00e9but du transport sacr\u00e9 des grumes\u00a0\u00bb. Les arbres poussent droit et atteignent jusqu&rsquo;\u00e0 40 m\u00e8tres de haut. Le bois charg\u00e9 de r\u00e9sine le rend extr\u00eamement r\u00e9sistant \u00e0 l&rsquo;eau, y compris \u00e0 l&rsquo;eau sal\u00e9e. Le bois \u00e9tait \u00e9galement exceptionnellement flottant. Les radeaux parfum\u00e9s auraient permis aux habitants de la C\u00f4te de Baume de voyager le long de la c\u00f4te pacifique des Am\u00e9riques pour visiter et commercer. Peut-\u00eatre m\u00eame ont-ils travers\u00e9 l&rsquo;oc\u00e9an jusqu&rsquo;aux \u00eeles de leurs propres anc\u00eatres. Lorsque je lis le r\u00e9cit de la cr\u00e9ation dans le Popol Vuh, il m&rsquo;\u00e9voque des pens\u00e9es et des sentiments li\u00e9s au temps que j&rsquo;ai pass\u00e9 en mer.<\/p>\n<p>\u00ab\u00a0C&rsquo;EST LE R\u00c9CIT du moment o\u00f9 tout est encore silencieux et placide. Tout est silencieux et calme. Le ventre du ciel est vide et silencieux.<\/p>\n<p>TELS sont donc les premiers mots, le premier discours. Il n&rsquo;y a pas encore de personne, d&rsquo;animal, d&rsquo;oiseau, de poisson, de crabe, d&rsquo;arbre, de rocher, de creux, de canyon, de prairie ou de for\u00eat. Seul, le ciel existe. La face de la terre n&rsquo;est pas encore apparue. Seule se trouve l&rsquo;\u00e9tendue de la mer, ainsi que la matrice de tout le ciel. Il n&rsquo;y a encore rien de rassembl\u00e9. Tout est en ordre. Rien ne bouge. Tout est langoureux, au repos dans le ciel. Il n&rsquo;y a encore rien qui se tienne debout. Seule l&rsquo;\u00e9tendue de l&rsquo;eau, seule la mer tranquille repose seule. Il n&rsquo;y a encore rien qui puisse exister. Tout est calme et silencieux dans l&rsquo;obscurit\u00e9, dans la nuit.<\/p>\n<p>Seuls, le B\u00e2tisseur et le Fa\u00e7onneur, le Souverain et le Serpent Quetzal, ceux qui ont donn\u00e9 naissance \u00e0 des enfants et ceux qui ont donn\u00e9 naissance \u00e0 des fils. Ils sont lumineux dans l&rsquo;eau, envelopp\u00e9s de plumes de quetzal et de cotinga (Popol Vuh, pp. 67-68)\u00a0\u00bb.<\/p>\n<p>L&rsquo;idylle sur la C\u00f4te de Baume ne devait pas durer pour l&rsquo;anc\u00eatre. L&rsquo;\u00e9v\u00e9nement le plus important de l&rsquo;histoire ancienne de la M\u00e9so-Am\u00e9rique a \u00e9t\u00e9 le tsunami qui s&rsquo;est produit vers 7220 avant notre \u00e8re, provoqu\u00e9 par l&rsquo;\u00e9clatement d&rsquo;un immense lac de l&rsquo;\u00e8re postglaciaire au Canada. Au moins six groupes ont \u00e9t\u00e9 emport\u00e9s par la mer, puis ont flott\u00e9 et pagay\u00e9 du Salvador au Mexique, en suivant les courants, apr\u00e8s le tsunami. Toutes ces cultures d\u00e9crivent l&rsquo;histoire tragique du tsunami. Ces groupes ont emport\u00e9 avec eux les souvenirs de la C\u00f4te de Baume et ont eu un impact majeur sur l&rsquo;histoire du Mexique.<\/p>\n<p>Certains ont d\u00fb revenir apr\u00e8s le retrait des eaux. Un r\u00e9cit moderne d\u00e9crit les descendants de ce peuple :<\/p>\n<p>\u00ab\u00a0Les arbres dont on tire le baume ne poussent nulle part ailleurs que dans un district particulier, habit\u00e9 par des Indiens. Ils consid\u00e8rent qu&rsquo;il leur appartient et font de beaux b\u00e9n\u00e9fices en le pr\u00e9parant et en le vendant. Ils sont connus sous le nom de BALSIMOS et pratiquent une sorte de socialisme bas\u00e9 sur le principe : \u00ab\u00a0De chacun selon ses capacit\u00e9s, \u00e0 chacun selon ses besoins\u00a0\u00bb. Les chefs de la communaut\u00e9 sont des vieillards qui jouent \u00e0 la fois le r\u00f4le de gouverneurs et de pr\u00eatres. C&rsquo;est \u00e0 eux que sont remis tous les revenus, qui sont ensuite distribu\u00e9s \u00e0 intervalles r\u00e9guliers aux familles en fonction de leurs besoins. On sait peu de choses sur leur syst\u00e8me. On suppose qu&rsquo;ils poss\u00e8dent d&rsquo;importantes sommes d&rsquo;argent enfouies dans la for\u00eat et qu&rsquo;ils les augmentent chaque ann\u00e9e par d&rsquo;\u00e9tranges c\u00e9r\u00e9monies religieuses. Ils sont plus sombres, plus grands, moins communicatifs que les habitants du Salvador [&#8230;] Ils sont aussi myst\u00e9rieux pour les Europ\u00e9ens que les Chinois. Ceux qui sont dans le pays depuis le plus longtemps disent qu&rsquo;ils les connaissent le moins\u00a0\u00bb. Hamilton Fyfe<\/p>\n<p>Le nom de la r\u00e9sine tir\u00e9e des arbres est connu sous le nom de \u00ab\u00a0Baume du P\u00e9rou\u00a0\u00bb. Ce nom est consid\u00e9r\u00e9 comme une erreur d&rsquo;appellation. Au d\u00e9but de l&rsquo;invasion espagnole en Am\u00e9rique centrale et en Am\u00e9rique du Sud, le baume \u00e9tait collect\u00e9 en Am\u00e9rique centrale et exp\u00e9di\u00e9 \u00e0 Callao (le port de Lima) au P\u00e9rou, puis en Europe o\u00f9 la r\u00e9sine \u00e9tait consid\u00e9r\u00e9e comme une panac\u00e9e. La r\u00e9sine a pris le nom de \u00ab\u00a0P\u00e9rou\u00a0\u00bb parce qu&rsquo;elle a \u00e9t\u00e9 exp\u00e9di\u00e9e via ce pays. Pourtant, comme dans la vision cyclique du monde d\u00e9crite dans le Popol Vuh, il existe peut-\u00eatre un lien myst\u00e9rieux entre le nom moderne de la r\u00e9sine, les arbres sacr\u00e9s, et les anciens habitants du P\u00e9rou, qui auraient aim\u00e9 et c\u00e9l\u00e9br\u00e9 des c\u00e9r\u00e9monies pour ces arbres parfum\u00e9s, il y a 9 000 ans.<\/p>\n","protected":false},"excerpt":{"rendered":"<p>\u00ab\u00a0Cordillera de Balsamo\u00a0\u00bb est l&rsquo;un de mes encens \u00ab\u00a0Scent-Scape\u00a0\u00bb. Il s&rsquo;agit d&rsquo;encens dans lesquels j&rsquo;essaie de cr\u00e9er une image olfactive d&rsquo;un lieu ou d&rsquo;un \u00e9v\u00e9nement historique ou actuel. Les montagnes du Salvador connues sous le nom de \u00ab\u00a0la cordillera del B\u00e1lsamo\u00a0\u00bb sont l&rsquo;un des rares endroits au monde o\u00f9 l&rsquo;on r\u00e9colte la r\u00e9sine de l&rsquo;arbre Myroxylon balsamum. Les utilisations historiques du baume du P\u00e9rou remontent au d\u00e9but de la culture maya, lorsqu&rsquo;il \u00e9tait utilis\u00e9 comme encens \u00e0 des fins c\u00e9r\u00e9monielles. Riche en ar\u00f4mes balsamiques, vanill\u00e9s et sucr\u00e9s, avec de douces notes de clou de girofle et des nuances bois\u00e9es, fum\u00e9es, cuir\u00e9es et animales, il est ici associ\u00e9 au bois de Palo Santo et \u00e0 d&rsquo;autres plantes locales de la r\u00e9gion.<\/p>\n<p>Notes d&rsquo;encens : Vanille, Balsamique, Palo Santo<\/p>\n<p>Ingr\u00e9dients : Parfum compos\u00e9 d&rsquo;extraits de r\u00e9sine de baume p\u00e9ruvien, de f\u00e8ves Tonka, de tabac \u00e0 pipe et de vanille. Scell\u00e9 dans du bois de Palo Santo et avec du sucre biologique et de l&rsquo;eau de rose.<\/p>\n<p>Chauffez cet encens sur un chauffe-encens \u00e9lectrique \u00e0 180\u00ba.<\/p>\n","protected":false},"featured_media":3622,"comment_status":"open","ping_status":"closed","template":"","meta":{"_coblocks_attr":"","_coblocks_dimensions":"","_coblocks_responsive_height":"","_coblocks_accordion_ie_support":"","_crdt_document":"","jetpack_publicize_message":"","jetpack_publicize_feature_enabled":true,"jetpack_social_post_already_shared":true,"jetpack_social_options":{"image_generator_settings":{"template":"highway","default_image_id":0,"font":"","enabled":false},"version":2},"_wpas_customize_per_network":false},"product_brand":[],"product_cat":[3074,2192],"product_tag":[],"giftcard-category":[],"class_list":{"0":"post-4118","1":"product","2":"type-product","3":"status-publish","4":"has-post-thumbnail","6":"product_cat-encens-chauffes","7":"product_cat-natural-incense","9":"first","10":"instock","11":"taxable","12":"shipping-taxable","13":"purchasable","14":"product-type-simple","15":"add-to-wishlist-before_image"},"jetpack_publicize_connections":[],"jetpack_likes_enabled":true,"jetpack_sharing_enabled":true,"jetpack-related-posts":[],"_links":{"self":[{"href":"https:\/\/espritdelanature.ca\/fr\/wp-json\/wp\/v2\/product\/4118","targetHints":{"allow":["GET"]}}],"collection":[{"href":"https:\/\/espritdelanature.ca\/fr\/wp-json\/wp\/v2\/product"}],"about":[{"href":"https:\/\/espritdelanature.ca\/fr\/wp-json\/wp\/v2\/types\/product"}],"replies":[{"embeddable":true,"href":"https:\/\/espritdelanature.ca\/fr\/wp-json\/wp\/v2\/comments?post=4118"}],"wp:featuredmedia":[{"embeddable":true,"href":"https:\/\/espritdelanature.ca\/fr\/wp-json\/wp\/v2\/media\/3622"}],"wp:attachment":[{"href":"https:\/\/espritdelanature.ca\/fr\/wp-json\/wp\/v2\/media?parent=4118"}],"wp:term":[{"taxonomy":"product_brand","embeddable":true,"href":"https:\/\/espritdelanature.ca\/fr\/wp-json\/wp\/v2\/product_brand?post=4118"},{"taxonomy":"product_cat","embeddable":true,"href":"https:\/\/espritdelanature.ca\/fr\/wp-json\/wp\/v2\/product_cat?post=4118"},{"taxonomy":"product_tag","embeddable":true,"href":"https:\/\/espritdelanature.ca\/fr\/wp-json\/wp\/v2\/product_tag?post=4118"},{"taxonomy":"giftcard-category","embeddable":true,"href":"https:\/\/espritdelanature.ca\/fr\/wp-json\/wp\/v2\/giftcard-category?post=4118"}],"curies":[{"name":"wp","href":"https:\/\/api.w.org\/{rel}","templated":true}]}}