{"id":4584,"date":"2024-11-22T15:47:15","date_gmt":"2024-11-22T20:47:15","guid":{"rendered":"https:\/\/espritdelanature.ca\/product\/passage-dans-les-fleurs\/"},"modified":"2025-12-02T21:47:30","modified_gmt":"2025-12-03T02:47:30","slug":"passage-dans-les-fleurs","status":"publish","type":"product","link":"https:\/\/espritdelanature.ca\/fr\/produit\/passage-dans-les-fleurs\/","title":{"rendered":"PASSAGE DANS LES FLEURS"},"content":{"rendered":"","protected":false},"excerpt":{"rendered":"<p>L&rsquo;encens \u00ab\u00a0Passage en Fleurs\u00a0\u00bb a un ar\u00f4me floral, chaud, balsamique, doux-amer avec des nuances d&rsquo;\u00e9pices et de bois de santal. Tout comme l&rsquo;encens plus terreux \u00ab\u00a0Passage\u00a0\u00bb, \u00ab\u00a0Passage en Fleurs\u00a0\u00bb est cr\u00e9\u00e9 autour de la Myrrhe Kua (Commiphora kua), une esp\u00e8ce rare et tr\u00e8s aromatique d&rsquo;arbre \u00e0 Myrrhe qui pousse sur l&rsquo;\u00eele mystique de Socotra, situ\u00e9e dans la mer d&rsquo;Arabie. \u00ab\u00a0Passage en Fleurs\u00a0\u00bb contient un m\u00e9lange floral de fleurs de sauge sclar\u00e9e, de p\u00e9tales de roses et de fleurs de champaca. Ces fleurs poss\u00e8dent les propri\u00e9t\u00e9s aromath\u00e9rapeutiques qui soutiennent les propri\u00e9t\u00e9s physiques et m\u00e9taphysiques de la Kua Myrrhe. La myrrhe Kua \u00e9tait la favorite de l&rsquo;ancienne royaut\u00e9 \u00e9gyptienne et \u00ab\u00a0Passage en Fleurs\u00a0\u00bb est fabriqu\u00e9 selon la m\u00e9thode d&rsquo;encens Kyphi de l&rsquo;ancienne \u00c9gypte. Dans les temples, les cours et les chambres \u00e0 coucher des \u00c9gyptiens, la myrrhe \u00e9tait utilis\u00e9e comme m\u00e9decine physique et spirituelle pendant les phases de transition de la vie, facilitant \u00e0 la fois la mort et la renaissance. L&rsquo;origine du mot Myrrhe vient du go\u00fbt et de l&rsquo;odeur du sel de mer. L&rsquo;oc\u00e9an est un lieu de transformation et de transition, \u00e0 la fois dans le sens des grandes mers de la plan\u00e8te et de la petite mer que chaque femme enceinte porte en elle. Le \u00ab\u00a0Passage en Fleurs\u00a0\u00bb aide \u00e0 \u00e9liminer les blocages et \u00e0 faciliter les changements dans la vie. Chaque boulette est saupoudr\u00e9e de r\u00e9sine rouge de sang de dragon, \u00e9galement originaire de l&rsquo;\u00eele de Socotra, afin d&rsquo;ajouter une couche de protection pendant la p\u00e9riode vuln\u00e9rable des transitions.<\/p>\n<p>Notes d&rsquo;encens : R\u00e9sines, Fleurs, Bois pr\u00e9cieux, \u00c9pices<\/p>\n<p>Chauffez cet encens sur un br\u00fbleur \u00e8a encens \u00e9lectrique \u00e0 180\u00baF.<\/p>\n<p>Ingr\u00e9dients : Kua Myrrhe, oliban, benjoin, labdanum, bois de santal, nard, calame, aun\u00e9e et ang\u00e9lique. Extraits de fleurs de Champaca, de sauge sclar\u00e9e et de rose li\u00e9s \u00e0 des raisins secs imbib\u00e9s de vin et de miel, puis finis avec du sang de dragon et de la poussi\u00e8re d&rsquo;\u00e9toiles (mica rouge).<\/p>\n","protected":false},"featured_media":4570,"comment_status":"open","ping_status":"closed","template":"","meta":{"_coblocks_attr":"","_coblocks_dimensions":"","_coblocks_responsive_height":"","_coblocks_accordion_ie_support":"","_crdt_document":"","jetpack_publicize_message":"","jetpack_publicize_feature_enabled":true,"jetpack_social_post_already_shared":true,"jetpack_social_options":{"image_generator_settings":{"template":"highway","default_image_id":0,"font":"","enabled":false},"version":2},"_wpas_customize_per_network":false},"product_brand":[],"product_cat":[3073,3074],"product_tag":[3067,3077,3153,3056,3070,3076],"giftcard-category":[],"class_list":{"0":"post-4584","1":"product","2":"type-product","3":"status-publish","4":"has-post-thumbnail","6":"product_cat-encens-naturel","7":"product_cat-encens-chauffes","8":"product_tag-epice","9":"product_tag-compose","10":"product_tag-earthy-fr","11":"product_tag-floral-fr","12":"product_tag-kyphi-fr","13":"product_tag-miel","15":"first","16":"instock","17":"taxable","18":"shipping-taxable","19":"purchasable","20":"product-type-simple","21":"add-to-wishlist-before_image"},"jetpack_publicize_connections":[],"jetpack_likes_enabled":true,"jetpack_sharing_enabled":true,"jetpack-related-posts":[],"_links":{"self":[{"href":"https:\/\/espritdelanature.ca\/fr\/wp-json\/wp\/v2\/product\/4584","targetHints":{"allow":["GET"]}}],"collection":[{"href":"https:\/\/espritdelanature.ca\/fr\/wp-json\/wp\/v2\/product"}],"about":[{"href":"https:\/\/espritdelanature.ca\/fr\/wp-json\/wp\/v2\/types\/product"}],"replies":[{"embeddable":true,"href":"https:\/\/espritdelanature.ca\/fr\/wp-json\/wp\/v2\/comments?post=4584"}],"wp:featuredmedia":[{"embeddable":true,"href":"https:\/\/espritdelanature.ca\/fr\/wp-json\/wp\/v2\/media\/4570"}],"wp:attachment":[{"href":"https:\/\/espritdelanature.ca\/fr\/wp-json\/wp\/v2\/media?parent=4584"}],"wp:term":[{"taxonomy":"product_brand","embeddable":true,"href":"https:\/\/espritdelanature.ca\/fr\/wp-json\/wp\/v2\/product_brand?post=4584"},{"taxonomy":"product_cat","embeddable":true,"href":"https:\/\/espritdelanature.ca\/fr\/wp-json\/wp\/v2\/product_cat?post=4584"},{"taxonomy":"product_tag","embeddable":true,"href":"https:\/\/espritdelanature.ca\/fr\/wp-json\/wp\/v2\/product_tag?post=4584"},{"taxonomy":"giftcard-category","embeddable":true,"href":"https:\/\/espritdelanature.ca\/fr\/wp-json\/wp\/v2\/giftcard-category?post=4584"}],"curies":[{"name":"wp","href":"https:\/\/api.w.org\/{rel}","templated":true}]}}