{"id":4585,"date":"2024-11-22T17:15:34","date_gmt":"2024-11-22T22:15:34","guid":{"rendered":"https:\/\/espritdelanature.ca\/product\/abondance\/"},"modified":"2025-12-02T21:45:19","modified_gmt":"2025-12-03T02:45:19","slug":"abondance","status":"publish","type":"product","link":"https:\/\/espritdelanature.ca\/fr\/produit\/abondance\/","title":{"rendered":"ABONDANCE"},"content":{"rendered":"","protected":false},"excerpt":{"rendered":"<p>L&rsquo;encens \u00ab\u00a0Abondance\u00a0\u00bb a une odeur de fruits sucr\u00e9s et juteux, de r\u00e9sines riches et de feuilles vertes. Mon mari, qui est bouddhiste, m&rsquo;a demand\u00e9 de r\u00e9aliser une s\u00e9rie d&rsquo;encens bas\u00e9s sur les \u00e9tats d&rsquo;\u00eatre et les valeurs bouddhistes. L&rsquo;encens \u00ab\u00a0Abondance\u00a0\u00bb est mon interpr\u00e9tation olfactive de l&rsquo;\u00e9tat d&rsquo;abondance. Les fruits de l&rsquo;abondance, en quelque sorte. C&rsquo;est un ar\u00f4me qui peut favoriser la concentration et la clart\u00e9, changer votre \u00e9tat d&rsquo;esprit et cr\u00e9er un sentiment de bien-\u00eatre \u00e9motionnel.<\/p>\n<p>Bien que les ingr\u00e9dients que j&rsquo;utilise dans \u00ab\u00a0Abondance\u00a0\u00bb soient souvent inclus dans des formules magiques \u00e9sot\u00e9riques pour obtenir la richesse, la v\u00e9ritable abondance n&rsquo;est pas seulement une question de richesse mat\u00e9rielle ou de possessions, mais plut\u00f4t un \u00e9tat d&rsquo;esprit et un mode de vie. Cet \u00e9tat d&rsquo;abondance est ancr\u00e9 dans la compr\u00e9hension du fait que tout est interconnect\u00e9 et que nous avons d\u00e9j\u00e0 ce que nous d\u00e9sirons le plus profond\u00e9ment. \u00ab\u00a0Celui qui se contente de ce qu&rsquo;il a est riche\u00a0\u00bb<\/p>\n<p>Notes d&rsquo;encens : Fruits, r\u00e9sines, feuilles vertes<\/p>\n<p>Chauffez cet encens sur un chauffe-encens \u00e9lectrique \u00e0 180\u00ba.<\/p>\n<p>Ingr\u00e9dients : R\u00e9sines d&rsquo;encens et de myrrhe de couleur orange, r\u00e9sines de benjoin, bois de santal de Mysore, propolis, feuilles de myrte, fleurs d&rsquo;osamnthus. M\u00e9lange naturel de parfums de poire, huiles essentielles d&rsquo;orange douce et de patchouli.<\/p>\n","protected":false},"featured_media":4560,"comment_status":"open","ping_status":"closed","template":"","meta":{"_coblocks_attr":"","_coblocks_dimensions":"","_coblocks_responsive_height":"","_coblocks_accordion_ie_support":"","_crdt_document":"","jetpack_publicize_message":"","jetpack_publicize_feature_enabled":true,"jetpack_social_post_already_shared":true,"jetpack_social_options":{"image_generator_settings":{"template":"highway","default_image_id":0,"font":"","enabled":false},"version":2},"_wpas_customize_per_network":false},"product_brand":[],"product_cat":[3073,3074],"product_tag":[3044,3072,3063,3071,3076,3055,3150,3047],"giftcard-category":[],"class_list":{"0":"post-4585","1":"product","2":"type-product","3":"status-publish","4":"has-post-thumbnail","6":"product_cat-encens-naturel","7":"product_cat-encens-chauffes","8":"product_tag-fleurs","9":"product_tag-fruite","10":"product_tag-gourmand-fr","11":"product_tag-le-vin","12":"product_tag-miel","13":"product_tag-resines","14":"product_tag-sweet-fr","15":"product_tag-vert","17":"first","18":"instock","19":"taxable","20":"shipping-taxable","21":"purchasable","22":"product-type-simple","23":"add-to-wishlist-before_image"},"jetpack_publicize_connections":[],"jetpack_likes_enabled":true,"jetpack_sharing_enabled":true,"jetpack-related-posts":[],"_links":{"self":[{"href":"https:\/\/espritdelanature.ca\/fr\/wp-json\/wp\/v2\/product\/4585","targetHints":{"allow":["GET"]}}],"collection":[{"href":"https:\/\/espritdelanature.ca\/fr\/wp-json\/wp\/v2\/product"}],"about":[{"href":"https:\/\/espritdelanature.ca\/fr\/wp-json\/wp\/v2\/types\/product"}],"replies":[{"embeddable":true,"href":"https:\/\/espritdelanature.ca\/fr\/wp-json\/wp\/v2\/comments?post=4585"}],"wp:featuredmedia":[{"embeddable":true,"href":"https:\/\/espritdelanature.ca\/fr\/wp-json\/wp\/v2\/media\/4560"}],"wp:attachment":[{"href":"https:\/\/espritdelanature.ca\/fr\/wp-json\/wp\/v2\/media?parent=4585"}],"wp:term":[{"taxonomy":"product_brand","embeddable":true,"href":"https:\/\/espritdelanature.ca\/fr\/wp-json\/wp\/v2\/product_brand?post=4585"},{"taxonomy":"product_cat","embeddable":true,"href":"https:\/\/espritdelanature.ca\/fr\/wp-json\/wp\/v2\/product_cat?post=4585"},{"taxonomy":"product_tag","embeddable":true,"href":"https:\/\/espritdelanature.ca\/fr\/wp-json\/wp\/v2\/product_tag?post=4585"},{"taxonomy":"giftcard-category","embeddable":true,"href":"https:\/\/espritdelanature.ca\/fr\/wp-json\/wp\/v2\/giftcard-category?post=4585"}],"curies":[{"name":"wp","href":"https:\/\/api.w.org\/{rel}","templated":true}]}}