{"id":4618,"date":"2024-11-26T20:49:51","date_gmt":"2024-11-27T01:49:51","guid":{"rendered":"https:\/\/espritdelanature.ca\/product\/calme\/"},"modified":"2026-04-18T07:48:57","modified_gmt":"2026-04-18T11:48:57","slug":"calme","status":"publish","type":"product","link":"https:\/\/espritdelanature.ca\/fr\/produit\/calme\/","title":{"rendered":"CALME"},"content":{"rendered":"","protected":false},"excerpt":{"rendered":"<p>Mon mari est bouddhiste et m\u00e9ditant. Il aime mes m\u00e9langes d&rsquo;encens chauff\u00e9s, mais il appr\u00e9cie \u00e9galement la beaut\u00e9 tranquille d&rsquo;un mince filet de fum\u00e9e s&rsquo;\u00e9levant d&rsquo;un b\u00e2tonnet d&rsquo;encens. Il m&rsquo;a demand\u00e9 de cr\u00e9er une s\u00e9rie de b\u00e2tonnets d&rsquo;encens de style japonais bas\u00e9s sur des principes bouddhistes. Calm est l&rsquo;un d&rsquo;entre eux. L&rsquo;ar\u00f4me de Calm cr\u00e9e un espace serein propice \u00e0 la m\u00e9ditation ou \u00e0 la relaxation. Son parfum apaisant peut aider \u00e0 r\u00e9duire l&rsquo;anxi\u00e9t\u00e9, la nervosit\u00e9 et le niveau de stress.<\/p>\n<p>Notes aromatiques du b\u00e2ton pendant la combustion : Bois pr\u00e9cieux, doux, chaud, terreux<\/p>\n<p>Dur\u00e9e de combustion : 22 minutes (Total 5.0-5.25 heures)<\/p>\n<p>Ombre du parfum : Forte et douce, remplie d&rsquo;ar\u00f4mes de bois de santal et de v\u00e9tiver. Finalement, il s&rsquo;estompe pour laisser place \u00e0 une ombre de bois de santal cr\u00e9meux.<\/p>\n<p>Ingr\u00e9dients : Bois de santal de Mysore, bois et r\u00e9sine de Palo Santo, r\u00e9sine de benjoin, racine et extrait de v\u00e9tiver, une touche de cannelle, de clous de girofle et de tranquillit\u00e9.<\/p>\n<p>14 b\u00e2tonnets tr\u00e8s fins, de style japonais, fabriqu\u00e9s \u00e0 la main, de 10 cm de long et de 2,1 mm de diam\u00e8tre, emball\u00e9s dans un tube en papier.<\/p>\n","protected":false},"featured_media":4615,"comment_status":"open","ping_status":"closed","template":"","meta":{"_coblocks_attr":"","_coblocks_dimensions":"","_coblocks_responsive_height":"","_coblocks_accordion_ie_support":"","_crdt_document":"","jetpack_publicize_message":"","jetpack_publicize_feature_enabled":true,"jetpack_social_post_already_shared":true,"jetpack_social_options":{"image_generator_settings":{"template":"highway","default_image_id":0,"font":"","enabled":false},"version":2},"_wpas_customize_per_network":false},"product_brand":[],"product_cat":[3113,3073],"product_tag":[3115,3153],"giftcard-category":[],"class_list":{"0":"post-4618","1":"product","2":"type-product","3":"status-publish","4":"has-post-thumbnail","6":"product_cat-batons-dencens","7":"product_cat-encens-naturel","8":"product_tag-bois-precieux","9":"product_tag-earthy-fr","11":"first","12":"instock","13":"taxable","14":"shipping-taxable","15":"purchasable","16":"product-type-simple","17":"add-to-wishlist-before_image"},"jetpack_publicize_connections":[],"jetpack_likes_enabled":true,"jetpack_sharing_enabled":true,"jetpack-related-posts":[],"_links":{"self":[{"href":"https:\/\/espritdelanature.ca\/fr\/wp-json\/wp\/v2\/product\/4618","targetHints":{"allow":["GET"]}}],"collection":[{"href":"https:\/\/espritdelanature.ca\/fr\/wp-json\/wp\/v2\/product"}],"about":[{"href":"https:\/\/espritdelanature.ca\/fr\/wp-json\/wp\/v2\/types\/product"}],"replies":[{"embeddable":true,"href":"https:\/\/espritdelanature.ca\/fr\/wp-json\/wp\/v2\/comments?post=4618"}],"wp:featuredmedia":[{"embeddable":true,"href":"https:\/\/espritdelanature.ca\/fr\/wp-json\/wp\/v2\/media\/4615"}],"wp:attachment":[{"href":"https:\/\/espritdelanature.ca\/fr\/wp-json\/wp\/v2\/media?parent=4618"}],"wp:term":[{"taxonomy":"product_brand","embeddable":true,"href":"https:\/\/espritdelanature.ca\/fr\/wp-json\/wp\/v2\/product_brand?post=4618"},{"taxonomy":"product_cat","embeddable":true,"href":"https:\/\/espritdelanature.ca\/fr\/wp-json\/wp\/v2\/product_cat?post=4618"},{"taxonomy":"product_tag","embeddable":true,"href":"https:\/\/espritdelanature.ca\/fr\/wp-json\/wp\/v2\/product_tag?post=4618"},{"taxonomy":"giftcard-category","embeddable":true,"href":"https:\/\/espritdelanature.ca\/fr\/wp-json\/wp\/v2\/giftcard-category?post=4618"}],"curies":[{"name":"wp","href":"https:\/\/api.w.org\/{rel}","templated":true}]}}