{"id":5009,"date":"2025-03-12T21:20:48","date_gmt":"2025-03-13T01:20:48","guid":{"rendered":"https:\/\/espritdelanature.ca\/product\/elever-elever-baume\/"},"modified":"2025-03-18T14:00:57","modified_gmt":"2025-03-18T18:00:57","slug":"elever-elever-baume","status":"publish","type":"product","link":"https:\/\/espritdelanature.ca\/fr\/produit\/elever-elever-baume\/","title":{"rendered":"\u00c9LEVER (\u00c9LEVER) BAUME"},"content":{"rendered":"","protected":false},"excerpt":{"rendered":"<p>Ingr\u00e9dients : Olea europea (olive) biologique, extraits de r\u00e9sines de Boswellia papyrifera, Boswellia sacra (encens) et Styrax benzoin (benjoin), cire d&rsquo;abeille biologique, tocoph\u00e9rol (vitamine E).<\/p>\n<p>M\u00e9lange de r\u00e9sine d oliban, de myrrhe et de benjoin, traditionnellement utilis\u00e9es dans les temples pour leurs parfums exquis, mais aussi pour leurs puissantes propri\u00e9t\u00e9s m\u00e9dicinales. Y a-t-il quelque chose de plus pr\u00e9cieux qu&rsquo;une substance qui soulage la douleur et r\u00e9tablit l&rsquo;\u00e9quilibre ? <\/p>\n<p>Utilisations traditionnelles des ingr\u00e9dients :<\/p>\n<p>La r\u00e9sine d Oliban a des propri\u00e9t\u00e9s anti-inflammatoires et analg\u00e9siques. Elle contient de l acide boswellique connue pour leurs puissants effets anti-inflammatoires, ce qui le rend b\u00e9n\u00e9fique dans le traitement d&rsquo;affections telles que l&rsquo;arthrite et les troubles inflammatoires chroniques. <\/p>\n<p>,La myrrhe a des effets anti-inflammatoires et analg\u00e9siques. Elle a \u00e9t\u00e9 utilis\u00e9e pendant des mill\u00e9naires pour r\u00e9duire l&rsquo;inflammation et soulager la douleur associ\u00e9e \u00e0 des affections telles que l&rsquo;arthrite et la tendinite. La myrrhe pr\u00e9sente de fortes propri\u00e9t\u00e9s antimicrobiennes, efficaces contre les bact\u00e9ries et les champignons. Elle est traditionnellement utilis\u00e9e pour traiter les infections et favoriser la cicatrisation des plaies.   <\/p>\n<p>Le benjoin a des propri\u00e9t\u00e9s antiseptiques et anti-inflammatoires. Le benjoin a \u00e9t\u00e9 utilis\u00e9 pour traiter les blessures et les affections cutan\u00e9es en raison de ses effets antiseptiques et anti-inflammatoires. <\/p>\n","protected":false},"featured_media":5008,"comment_status":"open","ping_status":"closed","template":"","meta":{"_coblocks_attr":"","_coblocks_dimensions":"","_coblocks_responsive_height":"","_coblocks_accordion_ie_support":"","_crdt_document":"","jetpack_publicize_message":"","jetpack_publicize_feature_enabled":true,"jetpack_social_post_already_shared":true,"jetpack_social_options":{"image_generator_settings":{"template":"highway","default_image_id":0,"font":"","enabled":false},"version":2},"_wpas_customize_per_network":false},"product_brand":[],"product_cat":[3054,3084],"product_tag":[3043,3055],"giftcard-category":[],"class_list":{"0":"post-5009","1":"product","2":"type-product","3":"status-publish","4":"has-post-thumbnail","6":"product_cat-apothicaire","7":"product_cat-baumes","8":"product_tag-historique","9":"product_tag-resines","11":"first","12":"instock","13":"taxable","14":"shipping-taxable","15":"purchasable","16":"product-type-simple","17":"add-to-wishlist-before_image"},"jetpack_publicize_connections":[],"jetpack_likes_enabled":true,"jetpack_sharing_enabled":true,"jetpack-related-posts":[],"_links":{"self":[{"href":"https:\/\/espritdelanature.ca\/fr\/wp-json\/wp\/v2\/product\/5009","targetHints":{"allow":["GET"]}}],"collection":[{"href":"https:\/\/espritdelanature.ca\/fr\/wp-json\/wp\/v2\/product"}],"about":[{"href":"https:\/\/espritdelanature.ca\/fr\/wp-json\/wp\/v2\/types\/product"}],"replies":[{"embeddable":true,"href":"https:\/\/espritdelanature.ca\/fr\/wp-json\/wp\/v2\/comments?post=5009"}],"wp:featuredmedia":[{"embeddable":true,"href":"https:\/\/espritdelanature.ca\/fr\/wp-json\/wp\/v2\/media\/5008"}],"wp:attachment":[{"href":"https:\/\/espritdelanature.ca\/fr\/wp-json\/wp\/v2\/media?parent=5009"}],"wp:term":[{"taxonomy":"product_brand","embeddable":true,"href":"https:\/\/espritdelanature.ca\/fr\/wp-json\/wp\/v2\/product_brand?post=5009"},{"taxonomy":"product_cat","embeddable":true,"href":"https:\/\/espritdelanature.ca\/fr\/wp-json\/wp\/v2\/product_cat?post=5009"},{"taxonomy":"product_tag","embeddable":true,"href":"https:\/\/espritdelanature.ca\/fr\/wp-json\/wp\/v2\/product_tag?post=5009"},{"taxonomy":"giftcard-category","embeddable":true,"href":"https:\/\/espritdelanature.ca\/fr\/wp-json\/wp\/v2\/giftcard-category?post=5009"}],"curies":[{"name":"wp","href":"https:\/\/api.w.org\/{rel}","templated":true}]}}