{"id":5018,"date":"2025-03-16T09:36:52","date_gmt":"2025-03-16T13:36:52","guid":{"rendered":"https:\/\/espritdelanature.ca\/product\/le-gratteux-the-scratcher-baume\/"},"modified":"2025-03-18T12:37:22","modified_gmt":"2025-03-18T16:37:22","slug":"le-gratteux-the-scratcher-baume","status":"publish","type":"product","link":"https:\/\/espritdelanature.ca\/fr\/produit\/le-gratteux-the-scratcher-baume\/","title":{"rendered":"LE GRATTEUX (THE SCRATCHER) BAUME"},"content":{"rendered":"","protected":false},"excerpt":{"rendered":"<p>Ingr\u00e9dients : Huile d&rsquo;olive biologique Olea europea (olive) utilis\u00e9e pour fabriquer des extraits de feuilles de Plantago Major (plantain), de fleurs de Calendula officinalis (calendula) et de r\u00e9sine de Boswellia sacra (encens), cire d&rsquo;abeille biologique, tocoph\u00e9rol (vitamine E).<\/p>\n<p>La plupart des personnes dont la peau est irrit\u00e9e et qui souffrent de d\u00e9mangeaisons ont du mal \u00e0 arr\u00eater de se gratter. Ce grattage fr\u00e9quent explique en grande partie pourquoi leur \u00e9tat ne gu\u00e9rit pas. La moiti\u00e9 du baume (LE GRATTEUX ) est formul\u00e9e \u00e0 partir d&rsquo;une plante (le plantain) pour emp\u00eacher les d\u00e9mangeaisons de la peau. L&rsquo;autre moiti\u00e9 de la formulation contient des plantes qui apaisent et soignent la peau.<\/p>\n<p>Usage externe uniquement &#8211; Faire un petit test cutan\u00e9 avant utilisation<\/p>\n<p>Utilisations traditionnelles des plantes utilis\u00e9es dans la fabrication du baume<\/p>\n<p>Plantain : Utilis\u00e9 comme plante antiprurigineuse en application externe sur la peau pour apaiser et r\u00e9duire les d\u00e9mangeaisons. Anti-inflammatoires, les antimicrobiens.  <\/p>\n<p>Calendula : Fleur utilis\u00e9e en externe pour les ecchymoses, les \u00e9corchures, les plaies \u00e0 cicatrisation lente, les br\u00fblures, les piq\u00fbres d&rsquo;insectes et les inflammations cutan\u00e9es en g\u00e9n\u00e9ral, aide \u00e0 \u00e9liminer l&rsquo;infection tout en favorisant la cicatrisation de la plaie. Elle est \u00e9galement indiqu\u00e9 en cas de l\u00e9sions cutan\u00e9es et de d\u00e9mangeaisons dans le cadre d&rsquo;affections cutan\u00e9es plus chroniques telles que l&rsquo;ecz\u00e9ma et la dermatite.  <\/p>\n<p>R\u00e9sine d&rsquo;oliban : Utilis\u00e9e pour acc\u00e9l\u00e9rer la cicatrisation de la peau, en particulier en cas d&rsquo;inflammation locale.<\/p>\n","protected":false},"featured_media":5017,"comment_status":"open","ping_status":"closed","template":"","meta":{"_coblocks_attr":"","_coblocks_dimensions":"","_coblocks_responsive_height":"","_coblocks_accordion_ie_support":"","_crdt_document":"","jetpack_publicize_message":"","jetpack_publicize_feature_enabled":true,"jetpack_social_post_already_shared":true,"jetpack_social_options":{"image_generator_settings":{"template":"highway","default_image_id":0,"font":"","enabled":false},"version":2},"_wpas_customize_per_network":false},"product_brand":[],"product_cat":[3054,3084],"product_tag":[],"giftcard-category":[],"class_list":{"0":"post-5018","1":"product","2":"type-product","3":"status-publish","4":"has-post-thumbnail","6":"product_cat-apothicaire","7":"product_cat-baumes","9":"first","10":"instock","11":"taxable","12":"shipping-taxable","13":"purchasable","14":"product-type-simple","15":"add-to-wishlist-before_image"},"jetpack_publicize_connections":[],"jetpack_likes_enabled":true,"jetpack_sharing_enabled":true,"jetpack-related-posts":[],"_links":{"self":[{"href":"https:\/\/espritdelanature.ca\/fr\/wp-json\/wp\/v2\/product\/5018","targetHints":{"allow":["GET"]}}],"collection":[{"href":"https:\/\/espritdelanature.ca\/fr\/wp-json\/wp\/v2\/product"}],"about":[{"href":"https:\/\/espritdelanature.ca\/fr\/wp-json\/wp\/v2\/types\/product"}],"replies":[{"embeddable":true,"href":"https:\/\/espritdelanature.ca\/fr\/wp-json\/wp\/v2\/comments?post=5018"}],"wp:featuredmedia":[{"embeddable":true,"href":"https:\/\/espritdelanature.ca\/fr\/wp-json\/wp\/v2\/media\/5017"}],"wp:attachment":[{"href":"https:\/\/espritdelanature.ca\/fr\/wp-json\/wp\/v2\/media?parent=5018"}],"wp:term":[{"taxonomy":"product_brand","embeddable":true,"href":"https:\/\/espritdelanature.ca\/fr\/wp-json\/wp\/v2\/product_brand?post=5018"},{"taxonomy":"product_cat","embeddable":true,"href":"https:\/\/espritdelanature.ca\/fr\/wp-json\/wp\/v2\/product_cat?post=5018"},{"taxonomy":"product_tag","embeddable":true,"href":"https:\/\/espritdelanature.ca\/fr\/wp-json\/wp\/v2\/product_tag?post=5018"},{"taxonomy":"giftcard-category","embeddable":true,"href":"https:\/\/espritdelanature.ca\/fr\/wp-json\/wp\/v2\/giftcard-category?post=5018"}],"curies":[{"name":"wp","href":"https:\/\/api.w.org\/{rel}","templated":true}]}}