{"id":5246,"date":"2025-05-03T17:03:02","date_gmt":"2025-05-03T21:03:02","guid":{"rendered":"https:\/\/espritdelanature.ca\/product\/serenite-enracinee\/"},"modified":"2025-05-09T21:15:09","modified_gmt":"2025-05-10T01:15:09","slug":"serenite-enracinee","status":"publish","type":"product","link":"https:\/\/espritdelanature.ca\/fr\/produit\/serenite-enracinee\/","title":{"rendered":"S\u00c9R\u00c9NIT\u00c9 ENRACIN\u00c9E"},"content":{"rendered":"","protected":false},"excerpt":{"rendered":"<p>\u00ab\u00a0Soyez tranquille comme un grand arbre ; revenir \u00e0 la racine, c&rsquo;est trouver la paix\u00a0\u00bb. Laozi dans le Tao Te Ching. <\/p>\n<p>S\u00e9r\u00e9nit\u00e9 Enracin\u00e9e a un ar\u00f4me qui vous ancre fermement dans l&rsquo;ici et le maintenant. Sa douce fusion de notes terreuses et herbac\u00e9es aide \u00e0 r\u00e9tablir l&rsquo;\u00e9quilibre \u00e9motionnel, apportant clart\u00e9 et calme. Id\u00e9al pour la m\u00e9ditation et la pri\u00e8re, il ouvre la porte \u00e0 la paix et \u00e0 l&rsquo;\u00e9quilibre int\u00e9rieurs.  <\/p>\n<p>Notes aromatiques lors de la combustion de l&rsquo;encens: Terreux et doux, ce patchouli sauv\u00e9 se d\u00e9ploie en couches de notes de fleurs, d&rsquo;\u00e9pices et de racines.<\/p>\n<p>Dur\u00e9e de combustion : 20 minutes par b\u00e2tonnet (4 \u00e0 5 heures au total)<\/p>\n<p>ombre olfactive : Un ar\u00f4me herbac\u00e9 persistant, mielleux et terreux, qui devient de plus en plus doux au fur et \u00e0 mesure qu&rsquo;il s&rsquo;estompe.<\/p>\n<p>Ingr\u00e9dients : Feuilles et huile essentielle de patchouli, bois de gen\u00e9vrier, feuilles et fleurs de rhododendron, racines de nard, racines de costus, r\u00e9sine d&rsquo;Halmaddi, r\u00e9sine de Copal, huile essentielle de ciste, coquille d&rsquo;onycha, hydrolat de rose, amour de la Terre M\u00e8re.<\/p>\n<p>14 b\u00e2tonnets tr\u00e8s fins, de style japonais, fabriqu\u00e9s \u00e0 la main, de 10 cm de long et de 2,1 mm de diam\u00e8tre, emball\u00e9s dans un tube en papier.<\/p>\n","protected":false},"featured_media":5243,"comment_status":"open","ping_status":"closed","template":"","meta":{"_coblocks_attr":"","_coblocks_dimensions":"","_coblocks_responsive_height":"","_coblocks_accordion_ie_support":"","_crdt_document":"","jetpack_publicize_message":"","jetpack_publicize_feature_enabled":true,"jetpack_social_post_already_shared":true,"jetpack_social_options":{"image_generator_settings":{"template":"highway","default_image_id":0,"font":"","enabled":false},"version":2},"_wpas_customize_per_network":false},"product_brand":[],"product_cat":[3113,3073],"product_tag":[3058],"giftcard-category":[],"class_list":{"0":"post-5246","1":"product","2":"type-product","3":"status-publish","4":"has-post-thumbnail","6":"product_cat-batons-dencens","7":"product_cat-encens-naturel","8":"product_tag-terreux","10":"first","11":"instock","12":"taxable","13":"shipping-taxable","14":"purchasable","15":"product-type-simple","16":"add-to-wishlist-before_image"},"jetpack_publicize_connections":[],"jetpack_likes_enabled":true,"jetpack_sharing_enabled":true,"jetpack-related-posts":[],"_links":{"self":[{"href":"https:\/\/espritdelanature.ca\/fr\/wp-json\/wp\/v2\/product\/5246","targetHints":{"allow":["GET"]}}],"collection":[{"href":"https:\/\/espritdelanature.ca\/fr\/wp-json\/wp\/v2\/product"}],"about":[{"href":"https:\/\/espritdelanature.ca\/fr\/wp-json\/wp\/v2\/types\/product"}],"replies":[{"embeddable":true,"href":"https:\/\/espritdelanature.ca\/fr\/wp-json\/wp\/v2\/comments?post=5246"}],"wp:featuredmedia":[{"embeddable":true,"href":"https:\/\/espritdelanature.ca\/fr\/wp-json\/wp\/v2\/media\/5243"}],"wp:attachment":[{"href":"https:\/\/espritdelanature.ca\/fr\/wp-json\/wp\/v2\/media?parent=5246"}],"wp:term":[{"taxonomy":"product_brand","embeddable":true,"href":"https:\/\/espritdelanature.ca\/fr\/wp-json\/wp\/v2\/product_brand?post=5246"},{"taxonomy":"product_cat","embeddable":true,"href":"https:\/\/espritdelanature.ca\/fr\/wp-json\/wp\/v2\/product_cat?post=5246"},{"taxonomy":"product_tag","embeddable":true,"href":"https:\/\/espritdelanature.ca\/fr\/wp-json\/wp\/v2\/product_tag?post=5246"},{"taxonomy":"giftcard-category","embeddable":true,"href":"https:\/\/espritdelanature.ca\/fr\/wp-json\/wp\/v2\/giftcard-category?post=5246"}],"curies":[{"name":"wp","href":"https:\/\/api.w.org\/{rel}","templated":true}]}}