{"id":5327,"date":"2025-05-31T15:13:43","date_gmt":"2025-05-31T19:13:43","guid":{"rendered":"https:\/\/espritdelanature.ca\/product\/voile-de-vetiver\/"},"modified":"2025-06-02T11:56:12","modified_gmt":"2025-06-02T15:56:12","slug":"voile-de-vetiver","status":"publish","type":"product","link":"https:\/\/espritdelanature.ca\/fr\/produit\/voile-de-vetiver\/","title":{"rendered":"VOILE DE VETIVER"},"content":{"rendered":"<p>Inspiration<\/p>\n<p style=\"text-align: center;\"><img data-opt-id=94143874  fetchpriority=\"high\" decoding=\"async\" class=\"alignnone wp-image-5325\" src=\"https:\/\/mlw9xtittklw.i.optimole.com\/cb:0SCI.ed7\/w:auto\/h:auto\/q:mauto\/g:sm\/f:best\/https:\/\/espritdelanature.ca\/wp-content\/uploads\/2025\/05\/how-to-keep-yourself-cool-with-khus-vetivar.jpg\" alt=\"\" width=\"495\" height=\"291\" srcset=\"https:\/\/mlw9xtittklw.i.optimole.com\/cb:0SCI.ed7\/w:800\/h:470\/q:mauto\/g:sm\/f:best\/https:\/\/espritdelanature.ca\/wp-content\/uploads\/2025\/05\/how-to-keep-yourself-cool-with-khus-vetivar.jpg 1200w, https:\/\/mlw9xtittklw.i.optimole.com\/cb:0SCI.ed7\/w:510\/h:300\/q:mauto\/g:sm\/f:best\/https:\/\/espritdelanature.ca\/wp-content\/uploads\/2025\/05\/how-to-keep-yourself-cool-with-khus-vetivar.jpg 510w\" sizes=\"(max-width: 495px) 100vw, 495px\" \/><\/p>\n<p>J&rsquo;ai un certain nombre d&rsquo;amis indiens, qui vivent maintenant au Canada, avec lesquels je discute des parfums. L&rsquo;un des parfums les plus intrigants que tous mes amis d\u00e9crivent est l&rsquo;odeur des rideaux de v\u00e9tiver (Khus Ki Tatti) suspendus aux fen\u00eatres et aux portes pendant les journ\u00e9es les plus chaudes. Le v\u00e9tiver (Khus) est l&rsquo;odeur que toute l&rsquo;Inde associe \u00e0 l&rsquo;\u00e9t\u00e9, en particulier aux lunes br\u00fblantes du nord de l&rsquo;Inde, lorsque la temp\u00e9rature d\u00e9passe 114\u00b0F et que la chaleur du vent sur la peau peut conduire \u00e0 la d\u00e9shydratation. C&rsquo;est le moment o\u00f9, traditionnellement, les gens ne s&rsquo;aventurent pas \u00e0 l&rsquo;ext\u00e9rieur. Il vaut mieux rester \u00e0 l&rsquo;int\u00e9rieur, les fen\u00eatres de la maison obscurcies par les lourds rideaux tiss\u00e9s \u00e0 partir des racines filandreuses et fibreuses du v\u00e9tiver. Les racines s\u00e9ch\u00e9es sont tress\u00e9es avec de la corde de coco pour former une natte ou un rideau. Les habitants accrochent ces rideaux \u00e9pais \u00e0 l&rsquo;ext\u00e9rieur des fen\u00eatres ou des portes. En g\u00e9n\u00e9ral, ce sont les enfants qui trempent les rideaux dans l&rsquo;eau tout au long de la journ\u00e9e. Les rideaux agissent comme un climatiseur naturel. Ils ne laissent pas passer la chaleur de l&rsquo;air et, lorsque l&rsquo;eau s&rsquo;\u00e9vapore, elle cr\u00e9e une brise fra\u00eeche pour les personnes vivant \u00e0 l&rsquo;int\u00e9rieur. Les racines humides d\u00e9gagent un parfum musqu\u00e9, capiteux et doux-amer, connu en m\u00e9decine ayurv\u00e9dique pour soigner les coups de chaleur, les maux de t\u00eate et am\u00e9liorer les fonctions c\u00e9r\u00e9brales. Lors d&rsquo;\u00e9v\u00e9nements particuliers, les racines sont arros\u00e9es d&rsquo;eau de rose ou de jasmin, ce qui cr\u00e9e une atmosph\u00e8re d\u00e9licieusement parfum\u00e9e.<\/p>\n<p>Dans le parfum \u00ab Voile de V\u00e9tiver \u00bb, je combine le v\u00e9tiver avec d&rsquo;autres fragrances qui parfumeraient une maison indienne typique en \u00e9t\u00e9. Le paysage olfactif contient les parfums persistants des rituels quotidiens de puja , de camphre et de bois de santal. Une touche d&rsquo;odeur de citronnelle provenant d&rsquo;une boisson rafra\u00eechissante, fra\u00eechement press\u00e9e devant la maison par le walla de la canne \u00e0 sucre et le parfum de l&rsquo;eau de jasmin et de la coriandre du repas du soir.<\/p>\n<p>Rideaux de v\u00e9tiver, qui donnent<\/p>\n<p>Aux no\u00ebls d&rsquo;\u00e9t\u00e9 br\u00fblants<\/p>\n<p>Le froid parfum\u00e9<\/p>\n<p>Des nuits d&rsquo;hiver<\/p>\n<p>Bihari (1595-1664)<\/p>\n","protected":false},"excerpt":{"rendered":"<p>\u00ab Voile de V\u00e9tiver \u00bb s&rsquo;inspire des rideaux traditionnels tiss\u00e9s \u00e0 partir de racines de v\u00e9tiver. Ces rideaux parfum\u00e9s sont suspendus aux fen\u00eatres des maisons indiennes traditionnelles pendant la saison chaude afin de cr\u00e9er une atmosph\u00e8re de d\u00e9tente et de fra\u00eecheur. Dans Voile de V\u00e9tiver, le v\u00e9tiver est associ\u00e9 \u00e0 d&rsquo;autres fragrances comme le bois de santal et la citronnelle. \u00ab Voile de V\u00e9tiver \u00bb est un parfum qui fait appel aux \u00e9motions et produit un \u00e9tat de fra\u00eecheur et de calme du corps et de l&rsquo;esprit.<\/p>\n<p>Notes de parfum : racines fra\u00eeches, bois pr\u00e9cieux avec des notes d&rsquo;\u00e9pices et de fleurs.<\/p>\n<p><em><span style=\"color: #6b4d05;\"><strong>\u00ab Voile de Vetiver \u00bb est pr\u00e9sent\u00e9 avec un flacon en verre souffl\u00e9 \u00e0 la main, unique en son genre.<\/strong><\/span> <a href=\"https:\/\/espritdelanature.ca\/fr\/categorie-produit\/parfum\/parfums-liquides\/bouteilles-de-parfum\/\" target=\"_blank\" rel=\"noopener\">Cliquez ici pour choisir votre bouteille<\/a><\/em><\/p>\n<p>Ingr\u00e9dients : Huile essentielle de racine de v\u00e9tiver (Chrysopogon zizanioides), extrait d&rsquo;encens des Indes (Boswellia serrata), huile essentielle de patchouli (Pogostemon cablin), extrait de jasmin (Jasminum sambac), huile essentielle de bois de santal (Santalum album), huile essentielle de galbanum (Ferula gummosa), huile essentielle de citronnelle (Cymbopogon citratus), huile essentielle de graine de coriandre (Coriandrum sativum), extrait d&rsquo;ambre gris.<\/p>\n","protected":false},"featured_media":5324,"comment_status":"open","ping_status":"closed","template":"","meta":{"_coblocks_attr":"","_coblocks_dimensions":"","_coblocks_responsive_height":"","_coblocks_accordion_ie_support":"","_crdt_document":"","jetpack_publicize_message":"","jetpack_publicize_feature_enabled":true,"jetpack_social_post_already_shared":true,"jetpack_social_options":{"image_generator_settings":{"template":"highway","default_image_id":0,"font":"","enabled":false},"version":2},"_wpas_customize_per_network":false},"product_brand":[],"product_cat":[3045,3057],"product_tag":[3049,3064,3115,3043,3065,3148,3047],"giftcard-category":[],"class_list":{"0":"post-5327","1":"product","2":"type-product","3":"status-publish","4":"has-post-thumbnail","6":"product_cat-parfum","7":"product_cat-parfums-liquides","8":"product_tag-bio-regional-fr","9":"product_tag-bois","10":"product_tag-bois-precieux","11":"product_tag-historique","12":"product_tag-paysage-olfactif-fr","13":"product_tag-racine","14":"product_tag-vert","16":"first","17":"instock","18":"taxable","19":"shipping-taxable","20":"purchasable","21":"product-type-variable","22":"add-to-wishlist-before_image"},"jetpack_publicize_connections":[],"jetpack_likes_enabled":true,"jetpack_sharing_enabled":true,"jetpack-related-posts":[],"_links":{"self":[{"href":"https:\/\/espritdelanature.ca\/fr\/wp-json\/wp\/v2\/product\/5327","targetHints":{"allow":["GET"]}}],"collection":[{"href":"https:\/\/espritdelanature.ca\/fr\/wp-json\/wp\/v2\/product"}],"about":[{"href":"https:\/\/espritdelanature.ca\/fr\/wp-json\/wp\/v2\/types\/product"}],"replies":[{"embeddable":true,"href":"https:\/\/espritdelanature.ca\/fr\/wp-json\/wp\/v2\/comments?post=5327"}],"wp:featuredmedia":[{"embeddable":true,"href":"https:\/\/espritdelanature.ca\/fr\/wp-json\/wp\/v2\/media\/5324"}],"wp:attachment":[{"href":"https:\/\/espritdelanature.ca\/fr\/wp-json\/wp\/v2\/media?parent=5327"}],"wp:term":[{"taxonomy":"product_brand","embeddable":true,"href":"https:\/\/espritdelanature.ca\/fr\/wp-json\/wp\/v2\/product_brand?post=5327"},{"taxonomy":"product_cat","embeddable":true,"href":"https:\/\/espritdelanature.ca\/fr\/wp-json\/wp\/v2\/product_cat?post=5327"},{"taxonomy":"product_tag","embeddable":true,"href":"https:\/\/espritdelanature.ca\/fr\/wp-json\/wp\/v2\/product_tag?post=5327"},{"taxonomy":"giftcard-category","embeddable":true,"href":"https:\/\/espritdelanature.ca\/fr\/wp-json\/wp\/v2\/giftcard-category?post=5327"}],"curies":[{"name":"wp","href":"https:\/\/api.w.org\/{rel}","templated":true}]}}