{"id":5714,"date":"2025-11-28T20:07:51","date_gmt":"2025-11-29T01:07:51","guid":{"rendered":"https:\/\/espritdelanature.ca\/product\/lueur-dhiver\/"},"modified":"2025-12-15T09:45:25","modified_gmt":"2025-12-15T14:45:25","slug":"lueur-dhiver","status":"publish","type":"product","link":"https:\/\/espritdelanature.ca\/fr\/produit\/lueur-dhiver\/","title":{"rendered":"LUEUR D&rsquo;HIVER"},"content":{"rendered":"<p>Inspiration :<\/p>\n<p><img data-opt-id=326827951  fetchpriority=\"high\" decoding=\"async\" class=\"wp-image-5893 aligncenter\" src=\"https:\/\/mlw9xtittklw.i.optimole.com\/cb:0SCI.ed7\/w:auto\/h:auto\/q:mauto\/g:sm\/f:best\/https:\/\/espritdelanature.ca\/wp-content\/uploads\/2025\/11\/Sun-in-Winter-Forest.jpg\" alt=\"\" width=\"493\" height=\"338\" srcset=\"https:\/\/mlw9xtittklw.i.optimole.com\/cb:0SCI.ed7\/w:800\/h:547\/q:mauto\/g:sm\/f:best\/https:\/\/espritdelanature.ca\/wp-content\/uploads\/2025\/11\/Sun-in-Winter-Forest.jpg 1920w, https:\/\/mlw9xtittklw.i.optimole.com\/cb:0SCI.ed7\/w:510\/h:349\/q:mauto\/g:sm\/f:best\/https:\/\/espritdelanature.ca\/wp-content\/uploads\/2025\/11\/Sun-in-Winter-Forest.jpg 510w\" sizes=\"(max-width: 493px) 100vw, 493px\" \/><\/p>\n<p>&nbsp;<\/p>\n<p>\u00ab\u00a0Lueur dHiver\u00a0\u00bb se compose principalement de r\u00e9sines, d&rsquo;aiguilles r\u00e9sineuses et de bois r\u00e9sineux provenant de conif\u00e8res locaux que j&rsquo;ai r\u00e9colt\u00e9s dans la for\u00eat. Je consid\u00e8re ces arbres comme les gardiens de la lumi\u00e8re parce qu&rsquo;ils restent verts et continuent \u00e0 se nourrir de lumi\u00e8re. L&rsquo;haleine parfum\u00e9e qu&rsquo;ils produisent persiste \u00e0 purifier l&rsquo;air de la Terre pendant les mois les plus sombres.<\/p>\n<p>Je consid\u00e8re le sapin baumier comme \u00e9tant, comme le dirait Hildegarde von Bingen, \u00ab\u00a0la lumi\u00e8re vivante\u00a0\u00bb. Toutes les plantes se nourrissent de lumi\u00e8re et le retiennent, mais le sapin baumier poss\u00e8de une r\u00e9sine liquide, gomme de sapin, particuli\u00e8re qui est produite naturellement dans les boules de son \u00e9corce, et non par un traumatisme. Gomme de Sapin a exactement les m\u00eames propri\u00e9t\u00e9s de r\u00e9fraction que le verre de haute qualit\u00e9. Ainsi, lorsque la lumi\u00e8re blanche traverse la r\u00e9sine, elle ralentit mais reste en grande partie intacte. La lumi\u00e8re du soleil et la r\u00e9sine de sapin baumier semblent avoir les m\u00eames vibrations.<\/p>\n<p><img data-opt-id=1223206172  fetchpriority=\"high\" decoding=\"async\" class=\"wp-image-5892 aligncenter\" src=\"https:\/\/mlw9xtittklw.i.optimole.com\/cb:0SCI.ed7\/w:auto\/h:auto\/q:mauto\/g:sm\/f:best\/https:\/\/espritdelanature.ca\/wp-content\/uploads\/2025\/11\/Resin-in-Jar.jpg\" alt=\"\" width=\"356\" height=\"344\" srcset=\"https:\/\/mlw9xtittklw.i.optimole.com\/cb:0SCI.ed7\/w:621\/h:600\/q:mauto\/g:sm\/f:best\/https:\/\/espritdelanature.ca\/wp-content\/uploads\/2025\/11\/Resin-in-Jar.jpg 1118w, https:\/\/mlw9xtittklw.i.optimole.com\/cb:0SCI.ed7\/w:510\/h:493\/q:mauto\/g:sm\/f:best\/https:\/\/espritdelanature.ca\/wp-content\/uploads\/2025\/11\/Resin-in-Jar.jpg 510w\" sizes=\"(max-width: 356px) 100vw, 356px\" \/><\/p>\n<p>Dans l&rsquo;un de ces magnifiques fils d&rsquo;or de la nature, les abeilles sauvages et mellif\u00e8res r\u00e9coltent les r\u00e9sines de conif\u00e8res pour fabriquer de la propolis et de la cire. J&rsquo;ai ajout\u00e9 de la propolis biologique au m\u00e9lange parce que son ar\u00f4me mielleux rappelle les riches desserts d&rsquo;hiver et les bougies que je br\u00fble pour donner vie aux longues nuits d&rsquo;hiver. C&rsquo;est au printemps et au d\u00e9but de l&rsquo;\u00e9t\u00e9 que la r\u00e9colte des abeilles est la plus abondante, lorsque la r\u00e9sine est molle et fra\u00eechement exsud\u00e9e. \u00c0 l&rsquo;automne, elles peuvent \u00e9galement r\u00e9colter les fissures et les cloques du sapin baumier, de l&rsquo;\u00e9pic\u00e9a et du pin lorsque les temp\u00e9ratures se r\u00e9chauffent pendant la journ\u00e9e. Les propri\u00e9t\u00e9s collantes et antimicrobiennes de la r\u00e9sine sont transmises au travail des abeilles, ce qui contribue \u00e0 la sant\u00e9 et au bonheur de la ruche.<\/p>\n<p>Lueur d&rsquo;Hiver contient \u00e9galement des r\u00e9sines exotiques que j&rsquo;ai choisies pour soutenir et retenir les ar\u00f4mes des arbres nordiques et de la propolis. Je trouve que les plantes provenant d&rsquo;endroits chauds ont tendance \u00e0 se vaporiser \u00e0 une temp\u00e9rature plus \u00e9lev\u00e9e que les plantes provenant d&rsquo;ici, dans le nord. J&rsquo;ajoute donc de petites quantit\u00e9s de plantes exotiques au parfum similaire pour cr\u00e9er un encens qui dure longtemps sur le br\u00fbleur. Le copal blanc et l&rsquo;encens blanc, propres et lumineux, retiennent la lumi\u00e8re tout comme les r\u00e9sines de conif\u00e8res, tandis que le benjoin est l&rsquo;un des ingr\u00e9dients utilis\u00e9s, avec la propolis, dans les blocs d&rsquo;encens indiens traditionnels \u00e9galement connus sous le nom d'\u00a0\u00bbambre\u00a0\u00bb.<\/p>\n","protected":false},"excerpt":{"rendered":"<p>Lueur d&rsquo;Hiver est un encens rafra\u00eechissant et relaxant qui \u00e9voque les ar\u00f4mes des branches de conif\u00e8res, l&rsquo;odeur des bougies en cire d&rsquo;abeille et le parfum du bois dans les flammes vacillantes de mon po\u00eale \u00e0 bois. Ici, dans le Grand Nord, o\u00f9 l&rsquo;hiver est long, sombre et enneig\u00e9, je conserve les senteurs de la saison du solstice jusqu&rsquo;au printemps, comme une forme tranquille de r\u00e9silience \u00e9motionnelle. Elles constituent un paysage olfactif psychologiquement et \u00e9motionnellement r\u00e9confortant, qui am\u00e9liore mon esprit, purifie l&rsquo;air et me rappelle le cycle de la lumi\u00e8re et du renouveau.<\/p>\n<p>Notes d&rsquo;encens : verdure de conif\u00e8re, r\u00e9sines, miel.<\/p>\n<p>Chauffez cet encens sur un chauffe-encens \u00e9lectrique \u00e0 180 \u00ba.<\/p>\n<p>Ingr\u00e9dients : R\u00e9sines &#8211; Sapin baumier, pin, copal blanc, oliban d&rsquo;Inde et d&rsquo;Oman, benjoin, propolis biologique. Aiguilles &#8211; Sapin baumier, gen\u00e9vrier, \u00e9pic\u00e9a, baies de gen\u00e9vrier. Extraits : Sapin baumier, cypr\u00e8s et gen\u00e9vrier Emball\u00e9 avec du bois de sapin baumier r\u00e9sin\u00e9 et des aiguilles de conif\u00e8res.<\/p>\n","protected":false},"featured_media":5711,"comment_status":"open","ping_status":"closed","template":"","meta":{"_coblocks_attr":"","_coblocks_dimensions":"","_coblocks_responsive_height":"","_coblocks_accordion_ie_support":"","_crdt_document":"","jetpack_post_was_ever_published":false,"jetpack_publicize_message":"","jetpack_publicize_feature_enabled":true,"jetpack_social_post_already_shared":true,"jetpack_social_options":{"image_generator_settings":{"template":"highway","default_image_id":0,"font":"","enabled":false},"version":2},"_wpas_customize_per_network":false},"product_brand":[],"product_cat":[3073,3074],"product_tag":[3049,3064,3081,3065,3048,3055,3066],"giftcard-category":[],"class_list":{"0":"post-5714","1":"product","2":"type-product","3":"status-publish","4":"has-post-thumbnail","6":"product_cat-encens-naturel","7":"product_cat-encens-chauffes","8":"product_tag-bio-regional-fr","9":"product_tag-bois","10":"product_tag-foret","11":"product_tag-paysage-olfactif-fr","12":"product_tag-plantes-locales","13":"product_tag-resines","14":"product_tag-resineux","16":"first","17":"instock","18":"featured","19":"taxable","20":"shipping-taxable","21":"purchasable","22":"product-type-simple","23":"add-to-wishlist-before_image"},"jetpack_publicize_connections":[],"jetpack_likes_enabled":true,"jetpack_sharing_enabled":true,"jetpack-related-posts":[],"_links":{"self":[{"href":"https:\/\/espritdelanature.ca\/fr\/wp-json\/wp\/v2\/product\/5714","targetHints":{"allow":["GET"]}}],"collection":[{"href":"https:\/\/espritdelanature.ca\/fr\/wp-json\/wp\/v2\/product"}],"about":[{"href":"https:\/\/espritdelanature.ca\/fr\/wp-json\/wp\/v2\/types\/product"}],"replies":[{"embeddable":true,"href":"https:\/\/espritdelanature.ca\/fr\/wp-json\/wp\/v2\/comments?post=5714"}],"wp:featuredmedia":[{"embeddable":true,"href":"https:\/\/espritdelanature.ca\/fr\/wp-json\/wp\/v2\/media\/5711"}],"wp:attachment":[{"href":"https:\/\/espritdelanature.ca\/fr\/wp-json\/wp\/v2\/media?parent=5714"}],"wp:term":[{"taxonomy":"product_brand","embeddable":true,"href":"https:\/\/espritdelanature.ca\/fr\/wp-json\/wp\/v2\/product_brand?post=5714"},{"taxonomy":"product_cat","embeddable":true,"href":"https:\/\/espritdelanature.ca\/fr\/wp-json\/wp\/v2\/product_cat?post=5714"},{"taxonomy":"product_tag","embeddable":true,"href":"https:\/\/espritdelanature.ca\/fr\/wp-json\/wp\/v2\/product_tag?post=5714"},{"taxonomy":"giftcard-category","embeddable":true,"href":"https:\/\/espritdelanature.ca\/fr\/wp-json\/wp\/v2\/giftcard-category?post=5714"}],"curies":[{"name":"wp","href":"https:\/\/api.w.org\/{rel}","templated":true}]}}