{"id":5943,"date":"2025-12-25T17:10:32","date_gmt":"2025-12-25T22:10:32","guid":{"rendered":"https:\/\/espritdelanature.ca\/product\/lunora-tealight-chauffe-encens\/"},"modified":"2025-12-25T17:10:32","modified_gmt":"2025-12-25T22:10:32","slug":"lunora-tealight-chauffe-encens","status":"publish","type":"product","link":"https:\/\/espritdelanature.ca\/fr\/produit\/lunora-tealight-chauffe-encens\/","title":{"rendered":"LUNORA TEALIGHT CHAUFFE-ENCENS"},"content":{"rendered":"<p>Inspiration pour le nom \u00ab\u00a0Lunora\u00a0\u00bb<\/p>\n<p>La danse du clair de lune avec le parfum de l&rsquo;encens est une association ancienne. Historiquement, le culte du cycle lunaire et des divinit\u00e9s de la lune \u00e9tait r\u00e9pandu dans le monde entier et l&rsquo;est encore aujourd&rsquo;hui. De nombreux mythes racontent que la Lune rena\u00eet de sa propre substance et qu&rsquo;elle est donc elle-m\u00eame le dieu ou la d\u00e9esse de la naissance et de la renaissance. On croyait g\u00e9n\u00e9ralement que le croissant de lune \u00e9tait une coupe contenant les eaux du nectar ambrosien de la vie immortelle, \u00e0 partir duquel la lune se renouvelait. Les eaux vivifiantes tombaient sur la terre sous forme de ros\u00e9e et de pluie et se r\u00e9pandaient sur la terre sous forme de mers dont les mar\u00e9es montaient et descendaient au rythme de la lune. Lorsque la lune s&rsquo;est lev\u00e9e, l&rsquo;humidit\u00e9 sur la Terre en dessous s&rsquo;est \u00e9galement lev\u00e9e. Les r\u00e9sines suintent et les s\u00e8ves montent et descendent au rythme de la lune. On pense que les plantes sont les plus juteuses au moment de la cire et qu&rsquo;elles sont plus s\u00e8ches au moment du d\u00e9clin. Pour les adeptes du culte de la lune, les r\u00e9sines et les jus de plantes sont consid\u00e9r\u00e9s comme la concentration de l&rsquo;\u00e9nergie lunaire. Les sentir ou les manger, c&rsquo;est participer \u00e0 l&rsquo;essence divine de la lune.         <\/p>\n<p style=\"text-align: center;\"><span style=\"color: #000000;\"><strong>CARACT\u00c9RISTIQUES<\/strong><\/span><\/p>\n<p><img data-opt-id=721335136  fetchpriority=\"high\" decoding=\"async\" class=\"wp-image-5932 aligncenter\" src=\"https:\/\/mlw9xtittklw.i.optimole.com\/cb:0SCI.ed7\/w:auto\/h:auto\/q:mauto\/g:sm\/f:best\/https:\/\/espritdelanature.ca\/wp-content\/uploads\/2025\/12\/Adjustable-Height-copy-rotated-e1766700347916.jpg\" alt=\"\" width=\"373\" height=\"373\"><\/p>\n<p><img data-opt-id=481391836  fetchpriority=\"high\" decoding=\"async\" class=\"wp-image-5926 aligncenter\" src=\"https:\/\/mlw9xtittklw.i.optimole.com\/cb:0SCI.ed7\/w:auto\/h:auto\/q:mauto\/g:sm\/f:best\/https:\/\/espritdelanature.ca\/wp-content\/uploads\/2025\/12\/Materials-copy-rotated-e1766699699386.jpg\" alt=\"\" width=\"375\" height=\"375\"><\/p>\n<p><img data-opt-id=115608111  data-opt-src=\"https:\/\/mlw9xtittklw.i.optimole.com\/cb:0SCI.ed7\/w:auto\/h:auto\/q:mauto\/g:sm\/f:best\/https:\/\/espritdelanature.ca\/wp-content\/uploads\/2025\/12\/1-mm-thick-metal.jpg\"  decoding=\"async\" class=\"wp-image-5931 aligncenter\" src=\"data:image/svg+xml,%3Csvg%20viewBox%3D%220%200%20100%%20100%%22%20width%3D%22100%%22%20height%3D%22100%%22%20xmlns%3D%22http%3A%2F%2Fwww.w3.org%2F2000%2Fsvg%22%3E%3Crect%20width%3D%22100%%22%20height%3D%22100%%22%20fill%3D%22transparent%22%2F%3E%3C%2Fsvg%3E\" alt=\"\" width=\"375\" height=\"375\" old-srcset=\"https:\/\/mlw9xtittklw.i.optimole.com\/cb:0SCI.ed7\/w:600\/h:600\/q:mauto\/g:sm\/f:best\/https:\/\/espritdelanature.ca\/wp-content\/uploads\/2025\/12\/1-mm-thick-metal.jpg 1600w, https:\/\/mlw9xtittklw.i.optimole.com\/cb:0SCI.ed7\/w:100\/h:600\/q:mauto\/g:sm\/f:best\/https:\/\/espritdelanature.ca\/wp-content\/uploads\/2025\/12\/1-mm-thick-metal.jpg 100w, https:\/\/mlw9xtittklw.i.optimole.com\/cb:0SCI.ed7\/w:510\/h:510\/q:mauto\/g:sm\/f:best\/https:\/\/espritdelanature.ca\/wp-content\/uploads\/2025\/12\/1-mm-thick-metal.jpg 510w\" \/><\/p>\n<p><img data-opt-id=1492063968  data-opt-src=\"https:\/\/mlw9xtittklw.i.optimole.com\/cb:0SCI.ed7\/w:auto\/h:auto\/q:mauto\/g:sm\/f:best\/https:\/\/espritdelanature.ca\/wp-content\/uploads\/2025\/12\/Sturdy-Acacia-Knob-copy.jpg\"  decoding=\"async\" class=\"wp-image-5933 aligncenter\" src=\"data:image/svg+xml,%3Csvg%20viewBox%3D%220%200%20100%%20100%%22%20width%3D%22100%%22%20height%3D%22100%%22%20xmlns%3D%22http%3A%2F%2Fwww.w3.org%2F2000%2Fsvg%22%3E%3Crect%20width%3D%22100%%22%20height%3D%22100%%22%20fill%3D%22transparent%22%2F%3E%3C%2Fsvg%3E\" alt=\"\" width=\"371\" height=\"371\" old-srcset=\"https:\/\/mlw9xtittklw.i.optimole.com\/cb:0SCI.ed7\/w:600\/h:600\/q:mauto\/g:sm\/f:best\/https:\/\/espritdelanature.ca\/wp-content\/uploads\/2025\/12\/Sturdy-Acacia-Knob-copy.jpg 1600w, https:\/\/mlw9xtittklw.i.optimole.com\/cb:0SCI.ed7\/w:100\/h:600\/q:mauto\/g:sm\/f:best\/https:\/\/espritdelanature.ca\/wp-content\/uploads\/2025\/12\/Sturdy-Acacia-Knob-copy.jpg 100w, https:\/\/mlw9xtittklw.i.optimole.com\/cb:0SCI.ed7\/w:510\/h:510\/q:mauto\/g:sm\/f:best\/https:\/\/espritdelanature.ca\/wp-content\/uploads\/2025\/12\/Sturdy-Acacia-Knob-copy.jpg 510w\" \/><\/p>\n<p><img data-opt-id=475252914  data-opt-src=\"https:\/\/mlw9xtittklw.i.optimole.com\/cb:0SCI.ed7\/w:auto\/h:auto\/q:mauto\/g:sm\/f:best\/https:\/\/espritdelanature.ca\/wp-content\/uploads\/2025\/12\/Sturdy-Attachments-copy-rotated-e1766700372921.jpg\"  decoding=\"async\" class=\"wp-image-5934 aligncenter\" src=\"data:image/svg+xml,%3Csvg%20viewBox%3D%220%200%20100%%20100%%22%20width%3D%22100%%22%20height%3D%22100%%22%20xmlns%3D%22http%3A%2F%2Fwww.w3.org%2F2000%2Fsvg%22%3E%3Crect%20width%3D%22100%%22%20height%3D%22100%%22%20fill%3D%22transparent%22%2F%3E%3C%2Fsvg%3E\" alt=\"\" width=\"371\" height=\"371\"><\/p>\n","protected":false},"excerpt":{"rendered":"<p>Les chauffe-encens \u00e0 bougies sont un excellent moyen d&rsquo;appr\u00e9cier l&rsquo;encens dans la chaleur d&rsquo;une ambiance vacillante, \u00e9clair\u00e9e par des bougies. Lunora est le chauffe-bougies \u00e0 r\u00e9chaud de la plus haute qualit\u00e9 que j&rsquo;ai jamais pu offrir. Fabriqu\u00e9 en laiton dor\u00e9, en fer peint en noir de jais et avec une vis en bois d&rsquo;acacia, la construction est \u00e0 la fois solide et belle. Ce qui est tr\u00e8s important pour mes m\u00e9langes, c&rsquo;est que la coupelle d&rsquo;encens du chauffe-encens \u00ab\u00a0Lunora\u00a0\u00bb est enti\u00e8rement r\u00e9glable. Je combine souvent des ingr\u00e9dients provenant de pays chauds, comme l&rsquo;oliban, le bois de santal et la myrrhe, avec des ingr\u00e9dients de la for\u00eat bor\u00e9ale, comme la gomme de sapin, la resine d&rsquo;\u00e9pinette et de bourgeons de peuplier. Je constate que la plupart des substances botaniques des pays chauds se volatilisent \u00e0 une temp\u00e9rature plus \u00e9lev\u00e9e que les substances botaniques de la for\u00eat bor\u00e9ale. En ajustant la hauteur de la coupelle d&rsquo;encens, vous pouvez la positionner de mani\u00e8re \u00e0 obtenir une temp\u00e9rature optimale pour un m\u00e9lange. Pour chacun de mes m\u00e9langes, j&rsquo;ai inscrit une temp\u00e9rature sugg\u00e9r\u00e9e \u00e0 l&rsquo;int\u00e9rieur de la bo\u00eete.       <\/p>\n","protected":false},"featured_media":5941,"comment_status":"open","ping_status":"closed","template":"","meta":{"_coblocks_attr":"","_coblocks_dimensions":"","_coblocks_responsive_height":"","_coblocks_accordion_ie_support":"","_crdt_document":"","jetpack_publicize_message":"","jetpack_publicize_feature_enabled":true,"jetpack_social_post_already_shared":true,"jetpack_social_options":{"image_generator_settings":{"template":"highway","default_image_id":0,"font":"","enabled":false},"version":2},"_wpas_customize_per_network":false},"product_brand":[],"product_cat":[3052,3169],"product_tag":[3172,3173,3171,3170],"giftcard-category":[],"class_list":{"0":"post-5943","1":"product","2":"type-product","3":"status-publish","4":"has-post-thumbnail","6":"product_cat-bruleurs-dencens","7":"product_cat-chauffe-encens-tealight","8":"product_tag-bougie","9":"product_tag-bougie-a-rechaud","10":"product_tag-bruleur","11":"product_tag-chauffe-eau","13":"first","14":"instock","15":"featured","16":"taxable","17":"shipping-taxable","18":"purchasable","19":"product-type-simple","20":"add-to-wishlist-before_image"},"jetpack_publicize_connections":[],"jetpack_likes_enabled":true,"jetpack_sharing_enabled":true,"jetpack-related-posts":[],"_links":{"self":[{"href":"https:\/\/espritdelanature.ca\/fr\/wp-json\/wp\/v2\/product\/5943","targetHints":{"allow":["GET"]}}],"collection":[{"href":"https:\/\/espritdelanature.ca\/fr\/wp-json\/wp\/v2\/product"}],"about":[{"href":"https:\/\/espritdelanature.ca\/fr\/wp-json\/wp\/v2\/types\/product"}],"replies":[{"embeddable":true,"href":"https:\/\/espritdelanature.ca\/fr\/wp-json\/wp\/v2\/comments?post=5943"}],"wp:featuredmedia":[{"embeddable":true,"href":"https:\/\/espritdelanature.ca\/fr\/wp-json\/wp\/v2\/media\/5941"}],"wp:attachment":[{"href":"https:\/\/espritdelanature.ca\/fr\/wp-json\/wp\/v2\/media?parent=5943"}],"wp:term":[{"taxonomy":"product_brand","embeddable":true,"href":"https:\/\/espritdelanature.ca\/fr\/wp-json\/wp\/v2\/product_brand?post=5943"},{"taxonomy":"product_cat","embeddable":true,"href":"https:\/\/espritdelanature.ca\/fr\/wp-json\/wp\/v2\/product_cat?post=5943"},{"taxonomy":"product_tag","embeddable":true,"href":"https:\/\/espritdelanature.ca\/fr\/wp-json\/wp\/v2\/product_tag?post=5943"},{"taxonomy":"giftcard-category","embeddable":true,"href":"https:\/\/espritdelanature.ca\/fr\/wp-json\/wp\/v2\/giftcard-category?post=5943"}],"curies":[{"name":"wp","href":"https:\/\/api.w.org\/{rel}","templated":true}]}}