{"id":6113,"date":"2026-01-26T20:33:05","date_gmt":"2026-01-27T01:33:05","guid":{"rendered":"https:\/\/espritdelanature.ca\/?post_type=product&#038;p=6113"},"modified":"2026-01-26T20:35:20","modified_gmt":"2026-01-27T01:35:20","slug":"unique-bouteille-de-parfum-en-verre-souffle-a-la-main-rose-copy-4","status":"publish","type":"product","link":"https:\/\/espritdelanature.ca\/fr\/produit\/unique-bouteille-de-parfum-en-verre-souffle-a-la-main-rose-copy-4\/","title":{"rendered":"Unique bouteille de parfum en verre souffl\u00e9 \u00e0 la main &#8211; Derviche dor\u00e9"},"content":{"rendered":"","protected":false},"excerpt":{"rendered":"","protected":false},"featured_media":6117,"comment_status":"open","ping_status":"closed","template":"","meta":{"_coblocks_attr":"","_coblocks_dimensions":"","_coblocks_responsive_height":"","_coblocks_accordion_ie_support":"","_crdt_document":"","jetpack_publicize_message":"","jetpack_publicize_feature_enabled":true,"jetpack_social_post_already_shared":true,"jetpack_social_options":{"image_generator_settings":{"template":"highway","default_image_id":0,"font":"","enabled":false},"version":2},"_wpas_customize_per_network":false},"product_brand":[],"product_cat":[3041],"product_tag":[],"giftcard-category":[],"class_list":{"0":"post-6113","1":"product","2":"type-product","3":"status-publish","4":"has-post-thumbnail","6":"product_cat-bouteilles-de-parfum","8":"first","9":"instock","10":"taxable","11":"shipping-taxable","12":"purchasable","13":"product-type-variable","14":"add-to-wishlist-before_image"},"jetpack_publicize_connections":[],"jetpack_likes_enabled":true,"jetpack_sharing_enabled":true,"jetpack-related-posts":[],"_links":{"self":[{"href":"https:\/\/espritdelanature.ca\/fr\/wp-json\/wp\/v2\/product\/6113","targetHints":{"allow":["GET"]}}],"collection":[{"href":"https:\/\/espritdelanature.ca\/fr\/wp-json\/wp\/v2\/product"}],"about":[{"href":"https:\/\/espritdelanature.ca\/fr\/wp-json\/wp\/v2\/types\/product"}],"replies":[{"embeddable":true,"href":"https:\/\/espritdelanature.ca\/fr\/wp-json\/wp\/v2\/comments?post=6113"}],"wp:featuredmedia":[{"embeddable":true,"href":"https:\/\/espritdelanature.ca\/fr\/wp-json\/wp\/v2\/media\/6117"}],"wp:attachment":[{"href":"https:\/\/espritdelanature.ca\/fr\/wp-json\/wp\/v2\/media?parent=6113"}],"wp:term":[{"taxonomy":"product_brand","embeddable":true,"href":"https:\/\/espritdelanature.ca\/fr\/wp-json\/wp\/v2\/product_brand?post=6113"},{"taxonomy":"product_cat","embeddable":true,"href":"https:\/\/espritdelanature.ca\/fr\/wp-json\/wp\/v2\/product_cat?post=6113"},{"taxonomy":"product_tag","embeddable":true,"href":"https:\/\/espritdelanature.ca\/fr\/wp-json\/wp\/v2\/product_tag?post=6113"},{"taxonomy":"giftcard-category","embeddable":true,"href":"https:\/\/espritdelanature.ca\/fr\/wp-json\/wp\/v2\/giftcard-category?post=6113"}],"curies":[{"name":"wp","href":"https:\/\/api.w.org\/{rel}","templated":true}]}}